{"id":71157,"date":"2021-10-08T11:59:46","date_gmt":"2021-10-08T11:59:46","guid":{"rendered":"https:\/\/www.neosurf.com\/cookie-notice\/"},"modified":"2025-03-27T10:35:57","modified_gmt":"2025-03-27T10:35:57","slug":"cookie-notice","status":"publish","type":"page","link":"https:\/\/www.neosurf.com\/ro\/cookie-notice\/","title":{"rendered":"Cookies"},"content":{"rendered":"<p>[et_pb_section fb_built=&#8221;1&#8243; _builder_version=&#8221;4.16&#8243; background_image=&#8221;https:\/\/www.neosurf.com\/wp-content\/uploads\/2020\/01\/BACKGROUND-Joggers.jpg&#8221; parallax=&#8221;on&#8221; parallax_method=&#8221;off&#8221; da_disable_devices=&#8221;off|off|off&#8221; global_colors_info=&#8221;{}&#8221; da_is_popup=&#8221;off&#8221; da_exit_intent=&#8221;off&#8221; da_has_close=&#8221;on&#8221; da_alt_close=&#8221;off&#8221; da_dark_close=&#8221;off&#8221; da_not_modal=&#8221;on&#8221; da_is_singular=&#8221;off&#8221; da_with_loader=&#8221;off&#8221; da_has_shadow=&#8221;on&#8221;][et_pb_row _builder_version=&#8221;4.16&#8243; global_colors_info=&#8221;{}&#8221;][et_pb_column type=&#8221;4_4&#8243; _builder_version=&#8221;4.16&#8243; background_color=&#8221;#ffffff&#8221; custom_padding=&#8221;30px|30px|30px|30px|true|true&#8221; border_radii=&#8221;on|5px|5px|5px|5px&#8221; border_color_all=&#8221;#212853&#8243; border_width_left=&#8221;10px&#8221; border_color_left=&#8221;#E72582&#8243; box_shadow_style=&#8221;preset3&#8243; global_colors_info=&#8221;{}&#8221;][et_pb_text content_tablet=&#8221;<\/p>\n<h1>Gestionarea cookie-ului de urm\u0103rire a navig\u0103rii<\/h1>\n<p><iframe src=%22\/optout\/opt-out-neosurf.html%22 width=%22100%%22 height=%22200%22 frameborder=%220%22 allowfullscreen=%22%22><\/iframe><\/p>\n<h1>Gestionarea cookie-ului de urm\u0103rire WPServeur<\/h1>\n<p><iframe src=%22\/optout\/opt-out-wpserveur.html%22 width=%22100%%22 height=%22200%22 frameborder=%220%22 allowfullscreen=%22%22><\/iframe>&#8221; content_phone=&#8221;<\/p>\n<h1>Gestionarea cookie-ului de urm\u0103rire a navig\u0103rii<\/h1>\n<p><iframe src=%22\/optout\/opt-out-neosurf.html%22 width=%22100%%22 height=%22300%22 frameborder=%220%22 allowfullscreen=%22%22><\/iframe><\/p>\n<h1>Gestionarea cookie-ului de urm\u0103rire WPServeur<\/h1>\n<p><iframe src=%22\/optout\/opt-out-wpserveur.html%22 width=%22100%%22 height=%22300%22 frameborder=%220%22 allowfullscreen=%22%22><\/iframe>&#8221; content_last_edited=&#8221;on|desktop&#8221; _builder_version=&#8221;4.22.0&#8243; _module_preset=&#8221;default&#8221; global_colors_info=&#8221;{}&#8221;]<\/p>\n<h1>Gestionarea cookie-ului de urm\u0103rire a navig\u0103rii<\/h1>\n<p><iframe loading=\"lazy\" src=\"\/optout\/opt-out-neosurf.html\" width=\"100%\" height=\"200\" frameborder=\"0\" allowfullscreen=\"\"><\/iframe><\/p>\n<h1>Gestionarea cookie-ului de urm\u0103rire WPServeur<\/h1>\n<p><iframe loading=\"lazy\" src=\"\/optout\/opt-out-wpserveur.html\" width=\"100%\" height=\"200\" frameborder=\"0\" allowfullscreen=\"\"><\/iframe>[\/et_pb_text][\/et_pb_column][\/et_pb_row][\/et_pb_section]<\/p>\n","protected":false},"excerpt":{"rendered":"<p>Gestionarea cookie-ului de urm\u0103rire a navig\u0103rii Gestionarea cookie-ului de urm\u0103rire WPServeur<\/p>\n","protected":false},"author":2,"featured_media":0,"parent":0,"menu_order":0,"comment_status":"closed","ping_status":"closed","template":"","meta":{"_acf_changed":false,"_et_pb_use_builder":"on","_et_pb_old_content":"","_et_gb_content_width":"","footnotes":""},"class_list":["post-71157","page","type-page","status-publish","hentry"],"acf":[],"yoast_head":"<!-- This site is optimized with the Yoast SEO plugin v26.4 - https:\/\/yoast.com\/wordpress\/plugins\/seo\/ -->\n<title>Cookies<\/title>\n<meta name=\"robots\" content=\"noindex, follow\" \/>\n<meta property=\"og:locale\" content=\"ro_RO\" \/>\n<meta property=\"og:type\" content=\"article\" \/>\n<meta property=\"og:title\" content=\"Cookies\" \/>\n<meta property=\"og:description\" content=\"Gestionarea cookie-ului de urm\u0103rire a navig\u0103rii Gestionarea cookie-ului de urm\u0103rire WPServeur\" \/>\n<meta property=\"og:site_name\" content=\"Neosurf\" \/>\n<meta property=\"article:modified_time\" content=\"2025-03-27T10:35:57+00:00\" \/>\n<meta name=\"twitter:card\" content=\"summary_large_image\" \/>\n<meta name=\"twitter:label1\" content=\"Timp estimat pentru citire\" \/>\n\t<meta name=\"twitter:data1\" content=\"1 minut\" \/>\n<script type=\"application\/ld+json\" class=\"yoast-schema-graph\">{\"@context\":\"https:\/\/schema.org\",\"@graph\":[{\"@type\":\"WebPage\",\"@id\":\"https:\/\/www.neosurf.com\/ro\/cookie-notice\/\",\"url\":\"https:\/\/www.neosurf.com\/ro\/cookie-notice\/\",\"name\":\"Cookies\",\"isPartOf\":{\"@id\":\"https:\/\/www.neosurf.com\/ro\/#website\"},\"datePublished\":\"2021-10-08T11:59:46+00:00\",\"dateModified\":\"2025-03-27T10:35:57+00:00\",\"breadcrumb\":{\"@id\":\"https:\/\/www.neosurf.com\/ro\/cookie-notice\/#breadcrumb\"},\"inLanguage\":\"ro-RO\",\"potentialAction\":[{\"@type\":\"ReadAction\",\"target\":[\"https:\/\/www.neosurf.com\/ro\/cookie-notice\/\"]}]},{\"@type\":\"BreadcrumbList\",\"@id\":\"https:\/\/www.neosurf.com\/ro\/cookie-notice\/#breadcrumb\",\"itemListElement\":[{\"@type\":\"ListItem\",\"position\":1,\"name\":\"Home\",\"item\":\"https:\/\/www.neosurf.com\/ro\/\"},{\"@type\":\"ListItem\",\"position\":2,\"name\":\"Cookies\"}]},{\"@type\":\"WebSite\",\"@id\":\"https:\/\/www.neosurf.com\/ro\/#website\",\"url\":\"https:\/\/www.neosurf.com\/ro\/\",\"name\":\"Neosurf\",\"description\":\"So Simple to Pay &amp; Play\",\"potentialAction\":[{\"@type\":\"SearchAction\",\"target\":{\"@type\":\"EntryPoint\",\"urlTemplate\":\"https:\/\/www.neosurf.com\/ro\/?s={search_term_string}\"},\"query-input\":{\"@type\":\"PropertyValueSpecification\",\"valueRequired\":true,\"valueName\":\"search_term_string\"}}],\"inLanguage\":\"ro-RO\"}]}<\/script>\n<!-- \/ Yoast SEO plugin. -->","yoast_head_json":{"title":"Cookies","robots":{"index":"noindex","follow":"follow"},"og_locale":"ro_RO","og_type":"article","og_title":"Cookies","og_description":"Gestionarea cookie-ului de urm\u0103rire a navig\u0103rii Gestionarea cookie-ului de urm\u0103rire WPServeur","og_site_name":"Neosurf","article_modified_time":"2025-03-27T10:35:57+00:00","twitter_card":"summary_large_image","twitter_misc":{"Timp estimat pentru citire":"1 minut"},"schema":{"@context":"https:\/\/schema.org","@graph":[{"@type":"WebPage","@id":"https:\/\/www.neosurf.com\/ro\/cookie-notice\/","url":"https:\/\/www.neosurf.com\/ro\/cookie-notice\/","name":"Cookies","isPartOf":{"@id":"https:\/\/www.neosurf.com\/ro\/#website"},"datePublished":"2021-10-08T11:59:46+00:00","dateModified":"2025-03-27T10:35:57+00:00","breadcrumb":{"@id":"https:\/\/www.neosurf.com\/ro\/cookie-notice\/#breadcrumb"},"inLanguage":"ro-RO","potentialAction":[{"@type":"ReadAction","target":["https:\/\/www.neosurf.com\/ro\/cookie-notice\/"]}]},{"@type":"BreadcrumbList","@id":"https:\/\/www.neosurf.com\/ro\/cookie-notice\/#breadcrumb","itemListElement":[{"@type":"ListItem","position":1,"name":"Home","item":"https:\/\/www.neosurf.com\/ro\/"},{"@type":"ListItem","position":2,"name":"Cookies"}]},{"@type":"WebSite","@id":"https:\/\/www.neosurf.com\/ro\/#website","url":"https:\/\/www.neosurf.com\/ro\/","name":"Neosurf","description":"So Simple to Pay &amp; Play","potentialAction":[{"@type":"SearchAction","target":{"@type":"EntryPoint","urlTemplate":"https:\/\/www.neosurf.com\/ro\/?s={search_term_string}"},"query-input":{"@type":"PropertyValueSpecification","valueRequired":true,"valueName":"search_term_string"}}],"inLanguage":"ro-RO"}]}},"_links":{"self":[{"href":"https:\/\/www.neosurf.com\/ro\/wp-json\/wp\/v2\/pages\/71157","targetHints":{"allow":["GET"]}}],"collection":[{"href":"https:\/\/www.neosurf.com\/ro\/wp-json\/wp\/v2\/pages"}],"about":[{"href":"https:\/\/www.neosurf.com\/ro\/wp-json\/wp\/v2\/types\/page"}],"author":[{"embeddable":true,"href":"https:\/\/www.neosurf.com\/ro\/wp-json\/wp\/v2\/users\/2"}],"replies":[{"embeddable":true,"href":"https:\/\/www.neosurf.com\/ro\/wp-json\/wp\/v2\/comments?post=71157"}],"version-history":[{"count":3,"href":"https:\/\/www.neosurf.com\/ro\/wp-json\/wp\/v2\/pages\/71157\/revisions"}],"predecessor-version":[{"id":78712,"href":"https:\/\/www.neosurf.com\/ro\/wp-json\/wp\/v2\/pages\/71157\/revisions\/78712"}],"wp:attachment":[{"href":"https:\/\/www.neosurf.com\/ro\/wp-json\/wp\/v2\/media?parent=71157"}],"curies":[{"name":"wp","href":"https:\/\/api.w.org\/{rel}","templated":true}]}}