{"id":67806,"date":"2021-02-04T07:29:28","date_gmt":"2021-02-04T07:29:28","guid":{"rendered":"https:\/\/www.neosurf.com\/cum-sa-cumparati-neosurf\/"},"modified":"2025-09-16T08:59:27","modified_gmt":"2025-09-16T08:59:27","slug":"cum-sa-cumparati-neosurf","status":"publish","type":"page","link":"https:\/\/www.neosurf.com\/ro\/cum-sa-cumparati-neosurf\/","title":{"rendered":"Cum s\u0103 cump\u0103ra\u021bi Neosurf"},"content":{"rendered":"<p>[et_pb_section fb_built=&#8221;1&#8243; _builder_version=&#8221;4.16&#8243; background_color=&#8221;#E72582&#8243; bottom_divider_color=&#8221;#212853&#8243; da_disable_devices=&#8221;off|off|off&#8221; saved_tabs=&#8221;all&#8221; global_colors_info=&#8221;{}&#8221; da_is_popup=&#8221;off&#8221; da_exit_intent=&#8221;off&#8221; da_has_close=&#8221;on&#8221; da_alt_close=&#8221;off&#8221; da_dark_close=&#8221;off&#8221; da_not_modal=&#8221;on&#8221; da_is_singular=&#8221;off&#8221; da_with_loader=&#8221;off&#8221; da_has_shadow=&#8221;on&#8221;][et_pb_row _builder_version=&#8221;4.16&#8243; global_colors_info=&#8221;{}&#8221;][et_pb_column type=&#8221;4_4&#8243; _builder_version=&#8221;4.16&#8243; global_colors_info=&#8221;{}&#8221;][et_pb_text content_tablet=&#8221;&#8221; content_phone=&#8221;&#8221; content_last_edited=&#8221;on|desktop&#8221; _builder_version=&#8221;4.16&#8243; header_font=&#8221;Open Sans Condensed|300|||||||&#8221; header_text_align=&#8221;center&#8221; header_text_color=&#8221;#ffffff&#8221; header_font_size=&#8221;60px&#8221; header_line_height=&#8221;1.2em&#8221; global_colors_info=&#8221;{}&#8221;]<\/p>\n<h1> CUM S\u0102 CUMP\u0102RA\u021aI <span class=\"itc\"><br \/>\n<span style=\"font-size: 100px;\"> Neosurf <\/span> <\/span><\/h1>\n<p>[\/et_pb_text][\/et_pb_column][\/et_pb_row][et_pb_row _builder_version=&#8221;4.16&#8243; global_colors_info=&#8221;{}&#8221;][et_pb_column type=&#8221;4_4&#8243; _builder_version=&#8221;4.16&#8243; global_colors_info=&#8221;{}&#8221;][et_pb_text admin_label=&#8221;overview (ns-cards)&#8221; module_class=&#8221;ns-cards&#8221; _builder_version=&#8221;4.22.0&#8243; text_text_color=&#8221;#ffffff&#8221; text_font_size=&#8221;20px&#8221; link_font=&#8221;Open Sans Condensed|700|||||||&#8221; link_text_color=&#8221;#ffffff&#8221; neo_surf_79714=&#8221;on&#8221; neo_surf_79705=&#8221;on&#8221; neo_surf_79758=&#8221;on&#8221; neo_surf_79757=&#8221;on&#8221; global_colors_info=&#8221;{}&#8221; _allowed_countries=&#8221;BR,CA,MX,FR,PT,ES&#8221;]<\/p>\n<p style=\"text-align: center;\">Cump\u0103ra\u021bi acum Neosurf \u00een \u021bara dvs.!<\/p>\n<p style=\"text-align: center;\">Voucherele Neosurf sunt disponibile \u00een mii de loca\u021bii \u00een jurul lumii.<\/p>\n<p style=\"text-align: center;\"><a href=\"https:\/\/www.neosurf.com\/how-to-buy-neosurf\/neosurf-store-locator\/\"> Verifica\u021bi localizatorul de magazin <\/a><br \/><span> <\/span> pentru a cump\u0103ra Neosurf cu bani ghea\u021b\u0103 sau <span> <\/span><br \/><a href=\"https:\/\/www.neosurf.com\/how-to-buy-neosurf\/buy-neosurf-online\/\"> a cump\u0103ra Neosurf online <\/a><\/p>\n<p>[\/et_pb_text][et_pb_text admin_label=&#8221;overview (neosurf-inc)&#8221; module_class=&#8221;neosurf-inc&#8221; _builder_version=&#8221;4.22.0&#8243; text_text_color=&#8221;#ffffff&#8221; text_font_size=&#8221;20px&#8221; link_font=&#8221;Open Sans Condensed|700|||||||&#8221; link_text_color=&#8221;#ffffff&#8221; neo_surf_79741=&#8221;on&#8221; global_colors_info=&#8221;{}&#8221;]<\/p>\n<p style=\"text-align: center;\">Cump\u0103ra\u021bi Neosurf acum \u00een \u021bara dumneavoastr\u0103! Voucherele Neosurf sunt disponibile \u00een mii de loca\u021bii convenabile din \u00eentreaga lume pentru orice persoan\u0103 cu v\u00e2rsta de peste 18 ani.<\/p>\n<p style=\"text-align: center;\"><a href=\"https:\/\/www.neosurf.com\/how-to-buy-neosurf\/neosurf-store-locator\/\"> Verifica\u021bi localizatorul de magazin <\/a><br \/><span> <\/span> pentru a cump\u0103ra Neosurf cu bani ghea\u021b\u0103 sau <span> <\/span><br \/><a href=\"https:\/\/www.neosurf.com\/how-to-buy-neosurf\/buy-neosurf-online\/\"> a cump\u0103ra Neosurf online <\/a><\/p>\n<p>[\/et_pb_text][\/et_pb_column][\/et_pb_row][\/et_pb_section][et_pb_section fb_built=&#8221;1&#8243; specialty=&#8221;on&#8221; background_color_1=&#8221;rgba(255,255,255,0.7)&#8221; module_id=&#8221;home-map&#8221; _builder_version=&#8221;4.16&#8243; background_color=&#8221;rgba(0,0,0,0)&#8221; background_enable_image=&#8221;off&#8221; parallax=&#8221;on&#8221; parallax_method=&#8221;off&#8221; custom_padding=&#8221;150px||||false|false&#8221; top_divider_style=&#8221;arrow2&#8243; top_divider_color=&#8221;#E72582&#8243; da_disable_devices=&#8221;off|off|off&#8221; saved_tabs=&#8221;all&#8221; global_colors_info=&#8221;{}&#8221; da_is_popup=&#8221;off&#8221; da_exit_intent=&#8221;off&#8221; da_has_close=&#8221;on&#8221; da_alt_close=&#8221;off&#8221; da_dark_close=&#8221;off&#8221; da_not_modal=&#8221;on&#8221; da_is_singular=&#8221;off&#8221; da_with_loader=&#8221;off&#8221; da_has_shadow=&#8221;on&#8221;][et_pb_column type=&#8221;2_3&#8243; specialty_columns=&#8221;2&#8243; _builder_version=&#8221;4.16&#8243; custom_padding=&#8221;|||&#8221; global_colors_info=&#8221;{}&#8221; custom_padding__hover=&#8221;|||&#8221;][et_pb_row_inner _builder_version=&#8221;4.4.4&#8243; global_colors_info=&#8221;{}&#8221;][et_pb_column_inner _builder_version=&#8221;4.16&#8243; custom_padding=&#8221;|10px||10px|false|true&#8221; border_radii=&#8221;on|8px|8px|8px|8px&#8221; global_colors_info=&#8221;{}&#8221;][et_pb_text _builder_version=&#8221;4.16&#8243; header_text_align=&#8221;center&#8221; header_text_color=&#8221;#212853&#8243; header_2_font=&#8221;Open Sans Condensed||||||||&#8221; header_2_text_align=&#8221;center&#8221; header_2_text_color=&#8221;#212853&#8243; header_2_font_size=&#8221;40px&#8221; locked=&#8221;off&#8221; global_colors_info=&#8221;{}&#8221;]<\/p>\n<h2>G\u0103si\u021bi comercian\u021bi <span class=\"itc\">Neosurf<\/span> \u00een <br \/> <span style=\"color: #E72582;\"><strong>zona dvs. local\u0103<\/strong><\/span><\/h2>\n<p>[\/et_pb_text][et_neosurf_bg _builder_version=&#8221;4.22.0&#8243; _module_preset=&#8221;default&#8221; hover_enabled=&#8221;0&#8243; sticky_enabled=&#8221;0&#8243; locked=&#8221;off&#8221;][\/et_neosurf_bg][\/et_pb_column_inner][\/et_pb_row_inner][et_pb_row_inner use_custom_gutter=&#8221;on&#8221; gutter_width=&#8221;1&#8243; _builder_version=&#8221;4.4.4&#8243; custom_padding=&#8221;||||false|false&#8221; custom_css_main_element=&#8221;text-align:center;&#8221; global_module=&#8221;64292&#8243; global_colors_info=&#8221;{}&#8221;][et_pb_column_inner _builder_version=&#8221;4.16&#8243; global_colors_info=&#8221;{}&#8221;][et_pb_text _builder_version=&#8221;4.16&#8243; _dynamic_attributes=&#8221;link_option_url&#8221; text_font=&#8221;Open Sans Condensed|700||on|||||&#8221; text_text_color=&#8221;#ffffff&#8221; text_font_size=&#8221;20px&#8221; background_color=&#8221;rgba(231,37,130,0.82)&#8221; text_orientation=&#8221;center&#8221; background_layout=&#8221;dark&#8221; custom_margin=&#8221;|20px||20px|false|true&#8221; custom_padding=&#8221;10px|20px|10px|20px|true|false&#8221; animation_style=&#8221;slide&#8221; animation_direction=&#8221;left&#8221; animation_speed_curve=&#8221;ease&#8221; hover_transition_speed_curve=&#8221;ease-in-out&#8221; link_option_url=&#8221;@ET-DC@eyJkeW5hbWljIjp0cnVlLCJjb250ZW50IjoicG9zdF9saW5rX3VybF9wYWdlIiwic2V0dGluZ3MiOnsicG9zdF9pZCI6IjU3In19@&#8221; custom_css_main_element=&#8221;display:inline-block;&#8221; border_radii=&#8221;on|5px|5px|5px|5px&#8221; box_shadow_style=&#8221;preset3&#8243; box_shadow_vertical=&#8221;2px&#8221; box_shadow_blur=&#8221;12px&#8221; global_colors_info=&#8221;{}&#8221; background__hover_enabled=&#8221;on|hover&#8221; background_color__hover=&#8221;#E72582&#8243; background_enable_color__hover=&#8221;on&#8221; custom_css_main_element_last_edited=&#8221;on|phone&#8221; custom_css_main_element_phone=&#8221;display:block;&#8221; text_font_size__hover_enabled=&#8221;off|desktop&#8221; text_font_size__hover=&#8221;22px&#8221; text_text_color__hover_enabled=&#8221;off|desktop&#8221; custom_padding__hover_enabled=&#8221;off|desktop&#8221; custom_padding__hover=&#8221;20px||20px||true|false&#8221; filter_saturate__hover_enabled=&#8221;off|desktop&#8221; filter_saturate__hover=&#8221;110%&#8221; custom_css_main_element_tablet=&#8221;display:inline-block;&#8221;]<\/p>\n<p>G\u0103si\u021bi puncte de v\u00e2nzare<\/p>\n<p>[\/et_pb_text][et_pb_text _builder_version=&#8221;4.16&#8243; text_font=&#8221;Open Sans Condensed|300||on|||||&#8221; text_text_color=&#8221;#212853&#8243; text_font_size=&#8221;20px&#8221; custom_padding=&#8221;10px|5px|10px|5px|true|true&#8221; custom_css_main_element=&#8221;display:inline-block;&#8221; border_radii=&#8221;on|5px|5px|5px|5px&#8221; global_colors_info=&#8221;{}&#8221;]<\/p>\n<p>SAU<\/p>\n<p>[\/et_pb_text][et_pb_text _builder_version=&#8221;4.16&#8243; _dynamic_attributes=&#8221;link_option_url&#8221; text_font=&#8221;Open Sans Condensed|700||on|||||&#8221; text_text_color=&#8221;#ffffff&#8221; text_font_size=&#8221;20px&#8221; background_color=&#8221;rgba(33,40,83,0.84)&#8221; text_orientation=&#8221;center&#8221; custom_margin=&#8221;|20px||20px|false|true&#8221; custom_padding=&#8221;10px|20px|10px|20px|true|false&#8221; animation_style=&#8221;slide&#8221; animation_direction=&#8221;right&#8221; animation_delay=&#8221;200ms&#8221; link_option_url=&#8221;@ET-DC@eyJkeW5hbWljIjp0cnVlLCJjb250ZW50IjoicG9zdF9saW5rX3VybF9wYWdlIiwic2V0dGluZ3MiOnsicG9zdF9pZCI6IjU1In19@&#8221; custom_css_main_element=&#8221;display:inline-block;&#8221; border_radii=&#8221;on|5px|5px|5px|5px&#8221; box_shadow_style=&#8221;preset3&#8243; box_shadow_vertical=&#8221;2px&#8221; box_shadow_blur=&#8221;12px&#8221; global_colors_info=&#8221;{}&#8221; custom_css_main_element_last_edited=&#8221;on|phone&#8221; custom_css_main_element_phone=&#8221;display:block;&#8221; background__hover_enabled=&#8221;on|hover&#8221; text_font_size__hover_enabled=&#8221;off|hover&#8221; text_font_size__hover=&#8221;22px&#8221; background_color__hover=&#8221;#212853&#8243; background_enable_color__hover=&#8221;on&#8221; custom_css_main_element_tablet=&#8221;display:inline-block;&#8221;]<\/p>\n<p>CUMP\u0102RA\u021aI ONLINE\u00a0<\/p>\n<p>[\/et_pb_text][\/et_pb_column_inner][\/et_pb_row_inner][\/et_pb_column][et_pb_column type=&#8221;1_3&#8243; _builder_version=&#8221;4.16&#8243; custom_padding=&#8221;|||&#8221; global_colors_info=&#8221;{}&#8221; custom_padding__hover=&#8221;|||&#8221;][\/et_pb_column][\/et_pb_section]<\/p>\n","protected":false},"excerpt":{"rendered":"<p>CUM S\u0102 CUMP\u0102RA\u021aI Neosurf Cump\u0103ra\u021bi acum Neosurf \u00een \u021bara dvs.! Voucherele Neosurf sunt disponibile \u00een mii de loca\u021bii \u00een jurul lumii. Verifica\u021bi localizatorul de magazin pentru a cump\u0103ra Neosurf cu bani ghea\u021b\u0103 sau a cump\u0103ra Neosurf online Cump\u0103ra\u021bi Neosurf acum \u00een \u021bara dumneavoastr\u0103! Voucherele Neosurf sunt disponibile \u00een mii de loca\u021bii convenabile din \u00eentreaga lume [&hellip;]<\/p>\n","protected":false},"author":2,"featured_media":0,"parent":0,"menu_order":0,"comment_status":"closed","ping_status":"closed","template":"","meta":{"_acf_changed":false,"_et_pb_use_builder":"on","_et_pb_old_content":"","_et_gb_content_width":"","footnotes":""},"class_list":["post-67806","page","type-page","status-publish","hentry"],"acf":[],"yoast_head":"<!-- This site is optimized with the Yoast SEO plugin v26.4 - https:\/\/yoast.com\/wordpress\/plugins\/seo\/ -->\n<title>Cum s\u0103 cump\u0103ra\u021bi Neosurf<\/title>\n<meta name=\"robots\" content=\"index, follow, max-snippet:-1, max-image-preview:large, max-video-preview:-1\" \/>\n<link rel=\"canonical\" href=\"https:\/\/www.neosurf.com\/ro\/cum-sa-cumparati-neosurf\/\" \/>\n<meta property=\"og:locale\" content=\"ro_RO\" \/>\n<meta property=\"og:type\" content=\"article\" \/>\n<meta property=\"og:title\" content=\"Cum s\u0103 cump\u0103ra\u021bi Neosurf\" \/>\n<meta property=\"og:description\" content=\"CUM S\u0102 CUMP\u0102RA\u021aI Neosurf Cump\u0103ra\u021bi acum Neosurf \u00een \u021bara dvs.! Voucherele Neosurf sunt disponibile \u00een mii de loca\u021bii \u00een jurul lumii. Verifica\u021bi localizatorul de magazin pentru a cump\u0103ra Neosurf cu bani ghea\u021b\u0103 sau a cump\u0103ra Neosurf online Cump\u0103ra\u021bi Neosurf acum \u00een \u021bara dumneavoastr\u0103! Voucherele Neosurf sunt disponibile \u00een mii de loca\u021bii convenabile din \u00eentreaga lume [&hellip;]\" \/>\n<meta property=\"og:site_name\" content=\"Neosurf\" \/>\n<meta property=\"article:modified_time\" content=\"2025-09-16T08:59:27+00:00\" \/>\n<meta name=\"twitter:card\" content=\"summary_large_image\" \/>\n<meta name=\"twitter:label1\" content=\"Timp estimat pentru citire\" \/>\n\t<meta name=\"twitter:data1\" content=\"5 minute\" \/>\n<script type=\"application\/ld+json\" class=\"yoast-schema-graph\">{\"@context\":\"https:\/\/schema.org\",\"@graph\":[{\"@type\":\"WebPage\",\"@id\":\"https:\/\/www.neosurf.com\/ro\/cum-sa-cumparati-neosurf\/\",\"url\":\"https:\/\/www.neosurf.com\/ro\/cum-sa-cumparati-neosurf\/\",\"name\":\"Cum s\u0103 cump\u0103ra\u021bi Neosurf\",\"isPartOf\":{\"@id\":\"https:\/\/www.neosurf.com\/ro\/#website\"},\"datePublished\":\"2021-02-04T07:29:28+00:00\",\"dateModified\":\"2025-09-16T08:59:27+00:00\",\"breadcrumb\":{\"@id\":\"https:\/\/www.neosurf.com\/ro\/cum-sa-cumparati-neosurf\/#breadcrumb\"},\"inLanguage\":\"ro-RO\",\"potentialAction\":[{\"@type\":\"ReadAction\",\"target\":[\"https:\/\/www.neosurf.com\/ro\/cum-sa-cumparati-neosurf\/\"]}]},{\"@type\":\"BreadcrumbList\",\"@id\":\"https:\/\/www.neosurf.com\/ro\/cum-sa-cumparati-neosurf\/#breadcrumb\",\"itemListElement\":[{\"@type\":\"ListItem\",\"position\":1,\"name\":\"Home\",\"item\":\"https:\/\/www.neosurf.com\/ro\/\"},{\"@type\":\"ListItem\",\"position\":2,\"name\":\"Cum s\u0103 cump\u0103ra\u021bi Neosurf\"}]},{\"@type\":\"WebSite\",\"@id\":\"https:\/\/www.neosurf.com\/ro\/#website\",\"url\":\"https:\/\/www.neosurf.com\/ro\/\",\"name\":\"Neosurf\",\"description\":\"So Simple to Pay &amp; Play\",\"potentialAction\":[{\"@type\":\"SearchAction\",\"target\":{\"@type\":\"EntryPoint\",\"urlTemplate\":\"https:\/\/www.neosurf.com\/ro\/?s={search_term_string}\"},\"query-input\":{\"@type\":\"PropertyValueSpecification\",\"valueRequired\":true,\"valueName\":\"search_term_string\"}}],\"inLanguage\":\"ro-RO\"}]}<\/script>\n<!-- \/ Yoast SEO plugin. -->","yoast_head_json":{"title":"Cum s\u0103 cump\u0103ra\u021bi Neosurf","robots":{"index":"index","follow":"follow","max-snippet":"max-snippet:-1","max-image-preview":"max-image-preview:large","max-video-preview":"max-video-preview:-1"},"canonical":"https:\/\/www.neosurf.com\/ro\/cum-sa-cumparati-neosurf\/","og_locale":"ro_RO","og_type":"article","og_title":"Cum s\u0103 cump\u0103ra\u021bi Neosurf","og_description":"CUM S\u0102 CUMP\u0102RA\u021aI Neosurf Cump\u0103ra\u021bi acum Neosurf \u00een \u021bara dvs.! Voucherele Neosurf sunt disponibile \u00een mii de loca\u021bii \u00een jurul lumii. Verifica\u021bi localizatorul de magazin pentru a cump\u0103ra Neosurf cu bani ghea\u021b\u0103 sau a cump\u0103ra Neosurf online Cump\u0103ra\u021bi Neosurf acum \u00een \u021bara dumneavoastr\u0103! Voucherele Neosurf sunt disponibile \u00een mii de loca\u021bii convenabile din \u00eentreaga lume [&hellip;]","og_site_name":"Neosurf","article_modified_time":"2025-09-16T08:59:27+00:00","twitter_card":"summary_large_image","twitter_misc":{"Timp estimat pentru citire":"5 minute"},"schema":{"@context":"https:\/\/schema.org","@graph":[{"@type":"WebPage","@id":"https:\/\/www.neosurf.com\/ro\/cum-sa-cumparati-neosurf\/","url":"https:\/\/www.neosurf.com\/ro\/cum-sa-cumparati-neosurf\/","name":"Cum s\u0103 cump\u0103ra\u021bi Neosurf","isPartOf":{"@id":"https:\/\/www.neosurf.com\/ro\/#website"},"datePublished":"2021-02-04T07:29:28+00:00","dateModified":"2025-09-16T08:59:27+00:00","breadcrumb":{"@id":"https:\/\/www.neosurf.com\/ro\/cum-sa-cumparati-neosurf\/#breadcrumb"},"inLanguage":"ro-RO","potentialAction":[{"@type":"ReadAction","target":["https:\/\/www.neosurf.com\/ro\/cum-sa-cumparati-neosurf\/"]}]},{"@type":"BreadcrumbList","@id":"https:\/\/www.neosurf.com\/ro\/cum-sa-cumparati-neosurf\/#breadcrumb","itemListElement":[{"@type":"ListItem","position":1,"name":"Home","item":"https:\/\/www.neosurf.com\/ro\/"},{"@type":"ListItem","position":2,"name":"Cum s\u0103 cump\u0103ra\u021bi Neosurf"}]},{"@type":"WebSite","@id":"https:\/\/www.neosurf.com\/ro\/#website","url":"https:\/\/www.neosurf.com\/ro\/","name":"Neosurf","description":"So Simple to Pay &amp; Play","potentialAction":[{"@type":"SearchAction","target":{"@type":"EntryPoint","urlTemplate":"https:\/\/www.neosurf.com\/ro\/?s={search_term_string}"},"query-input":{"@type":"PropertyValueSpecification","valueRequired":true,"valueName":"search_term_string"}}],"inLanguage":"ro-RO"}]}},"_links":{"self":[{"href":"https:\/\/www.neosurf.com\/ro\/wp-json\/wp\/v2\/pages\/67806","targetHints":{"allow":["GET"]}}],"collection":[{"href":"https:\/\/www.neosurf.com\/ro\/wp-json\/wp\/v2\/pages"}],"about":[{"href":"https:\/\/www.neosurf.com\/ro\/wp-json\/wp\/v2\/types\/page"}],"author":[{"embeddable":true,"href":"https:\/\/www.neosurf.com\/ro\/wp-json\/wp\/v2\/users\/2"}],"replies":[{"embeddable":true,"href":"https:\/\/www.neosurf.com\/ro\/wp-json\/wp\/v2\/comments?post=67806"}],"version-history":[{"count":3,"href":"https:\/\/www.neosurf.com\/ro\/wp-json\/wp\/v2\/pages\/67806\/revisions"}],"predecessor-version":[{"id":80091,"href":"https:\/\/www.neosurf.com\/ro\/wp-json\/wp\/v2\/pages\/67806\/revisions\/80091"}],"wp:attachment":[{"href":"https:\/\/www.neosurf.com\/ro\/wp-json\/wp\/v2\/media?parent=67806"}],"curies":[{"name":"wp","href":"https:\/\/api.w.org\/{rel}","templated":true}]}}