{"id":67787,"date":"2021-02-04T07:29:20","date_gmt":"2021-02-04T07:29:20","guid":{"rendered":"https:\/\/www.neosurf.com\/cum-poti-cheltui-neosurf\/"},"modified":"2022-07-07T10:43:23","modified_gmt":"2022-07-07T10:43:23","slug":"cum-puteti-cheltui-neosurf","status":"publish","type":"page","link":"https:\/\/www.neosurf.com\/ro\/cum-puteti-cheltui-neosurf\/","title":{"rendered":"Cum pute\u021bi cheltui Neosurf"},"content":{"rendered":"<p>[et_pb_section fb_built=&#8221;1&#8243; _builder_version=&#8221;4.4.4&#8243; background_color=&#8221;#E72582&#8243; bottom_divider_color=&#8221;#212853&#8243; da_disable_devices=&#8221;off|off|off&#8221; saved_tabs=&#8221;all&#8221; da_is_popup=&#8221;off&#8221; da_exit_intent=&#8221;off&#8221; da_has_close=&#8221;on&#8221; da_alt_close=&#8221;off&#8221; da_dark_close=&#8221;off&#8221; da_not_modal=&#8221;on&#8221; da_is_singular=&#8221;off&#8221; da_with_loader=&#8221;off&#8221; da_has_shadow=&#8221;on&#8221;][et_pb_row _builder_version=&#8221;4.4.4&#8243;][et_pb_column type=&#8221;4_4&#8243; _builder_version=&#8221;4.4.4&#8243;][et_pb_text content_tablet=&#8221;<\/p>\n<h1>CUM PO\u021aI CHELTUI<br \/><span class=%22itc%22 style=%22font-size: 80px;%22>Neosurf<\/span><\/h1>\n<p>&#8221; content_phone=&#8221;<\/p>\n<h1>CUM PO\u021aI CHELTUI<br \/><span class=%22itc%22 style=%22font-size: 60px;%22>Neosurf<\/span><\/h1>\n<p>&#8221; content_last_edited=&#8221;on|desktop&#8221; _builder_version=&#8221;4.6.4&#8243; header_font=&#8221;Open Sans Condensed|300|||||||&#8221; header_text_align=&#8221;center&#8221; header_text_color=&#8221;#ffffff&#8221; header_font_size=&#8221;60px&#8221; header_line_height=&#8221;1.2em&#8221;]<\/p>\n<h1>CUM PUTE\u021aI CHELTUI<br \/><span class=\"itc\" style=\"font-size: 100px;\">Neosurf<\/span><\/h1>\n<p>[\/et_pb_text][\/et_pb_column][\/et_pb_row][et_pb_row _builder_version=&#8221;4.4.6&#8243;][et_pb_column type=&#8221;4_4&#8243; _builder_version=&#8221;4.4.6&#8243;][et_pb_text _builder_version=&#8221;4.6.4&#8243; text_text_color=&#8221;#ffffff&#8221; text_font_size=&#8221;20px&#8221; link_font=&#8221;Open Sans Condensed|700|||||||&#8221; link_text_color=&#8221;#ffffff&#8221;]<\/p>\n<p style=\"text-align: center;\">Pl\u0103ti\u021bi online \u00een siguran\u021b\u0103 cu vouchere Neosurf pe website-uri populare de <a href=\"https:\/\/www.neosurf.com\/ro\/cum-puteti-cheltui-neosurf\/jocuri-online\/\">gaming<\/a> \u0219i <a href=\"https:\/\/www.neosurf.com\/ro\/cum-puteti-cheltui-neosurf\/jocuri-de-noroc\/\">divertisment<\/a>. <br \/>Sau folosi\u021bi voucherul Neosurf ca s\u0103 v\u0103 \u00eenc\u0103rca\u021bi contul de <a href=\"https:\/\/www.neosurf.com\/ro\/cum-puteti-cheltui-neosurf\/servicii-financiare\/\"> portofel electronic<\/a> sau s\u0103 pl\u0103ti\u021bi pe website-urile de <a href=\"https:\/\/www.neosurf.com\/ro\/cum-puteti-cheltui-neosurf\/e-shopping\/\">comer\u021b electronic<\/a>.<br \/>G\u0103si\u021bi o selec\u021bie de website-uri care accept\u0103 voucherele Neosurf chiar aici.<\/p>\n<p>[\/et_pb_text][\/et_pb_column][\/et_pb_row][\/et_pb_section][et_pb_section fb_built=&#8221;1&#8243; prev_background_color=&#8221;#E72582&#8243; _builder_version=&#8221;4.4.4&#8243; top_divider_style=&#8221;arrow2&#8243; da_disable_devices=&#8221;off|off|off&#8221; da_is_popup=&#8221;off&#8221; da_exit_intent=&#8221;off&#8221; da_has_close=&#8221;on&#8221; da_alt_close=&#8221;off&#8221; da_dark_close=&#8221;off&#8221; da_not_modal=&#8221;on&#8221; da_is_singular=&#8221;off&#8221; da_with_loader=&#8221;off&#8221; da_has_shadow=&#8221;on&#8221;][et_pb_row _builder_version=&#8221;4.4.4&#8243; custom_padding=&#8221;67px|||||&#8221;][et_pb_column type=&#8221;4_4&#8243; _builder_version=&#8221;4.4.4&#8243;][et_pb_text _builder_version=&#8221;4.3.2&#8243; text_font=&#8221;|800|||||||&#8221; text_text_color=&#8221;#ffffff&#8221; text_font_size=&#8221;34px&#8221; header_text_color=&#8221;#ffffff&#8221; background_color=&#8221;#E72582&#8243; width=&#8221;50px&#8221; module_alignment=&#8221;center&#8221; height=&#8221;50px&#8221; custom_margin=&#8221;||0px||false|false&#8221; custom_padding=&#8221;12px|14px|12px|14px|true|true&#8221; border_radii=&#8221;on|50%|50%|50%|50%&#8221; locked=&#8221;off&#8221;]<\/p>\n<p>1<\/p>\n<p>[\/et_pb_text][et_pb_text _builder_version=&#8221;4.4.6&#8243; text_font=&#8221;Open Sans Condensed|||on|||||&#8221; text_text_color=&#8221;#212853&#8243; text_font_size=&#8221;26px&#8221; background_enable_color=&#8221;off&#8221; text_orientation=&#8221;center&#8221; custom_padding=&#8221;24px||24px||true|true&#8221; border_radii=&#8221;off|60px|60px||&#8221; global_module=&#8221;64302&#8243; saved_tabs=&#8221;all&#8221; locked=&#8221;off&#8221;]<\/p>\n<p>Alege\u021bi <strong>\u00a0site<\/strong>-ul dvs. preferat<\/p>\n<p>[\/et_pb_text][\/et_pb_column][\/et_pb_row][et_pb_row column_structure=&#8221;1_4,1_4,1_4,1_4&#8243; _builder_version=&#8221;4.4.4&#8243; global_module=&#8221;64275&#8243; saved_tabs=&#8221;all&#8221;][et_pb_column type=&#8221;1_4&#8243; _builder_version=&#8221;4.4.4&#8243; animation_style=&#8221;slide&#8221;][et_pb_image src=&#8221;https:\/\/www.neosurf.com\/wp-content\/uploads\/Gaming-Icon.png&#8221; alt=&#8221;Jeux en ligne avec Neosurf&#8221; title_text=&#8221;Jeux en ligne avec Neosurf&#8221; url=&#8221;@ET-DC@eyJkeW5hbWljIjp0cnVlLCJjb250ZW50IjoicG9zdF9saW5rX3VybF9wYWdlIiwic2V0dGluZ3MiOnsicG9zdF9pZCI6IjgzIn19@&#8221; show_bottom_space=&#8221;off&#8221; align=&#8221;center&#8221; _builder_version=&#8221;4.4.6&#8243; _dynamic_attributes=&#8221;url&#8221; transform_translate_linked__hover=&#8221;off&#8221; transform_styles__hover_enabled=&#8221;on|hover&#8221; transform_scale__hover_enabled=&#8221;on|hover&#8221; transform_translate__hover_enabled=&#8221;on|desktop&#8221; transform_rotate__hover_enabled=&#8221;on|desktop&#8221; transform_skew__hover_enabled=&#8221;on|desktop&#8221; transform_origin__hover_enabled=&#8221;on|desktop&#8221; transform_translate__hover=&#8221;0px|-5px&#8221;][\/et_pb_image][et_pb_text _builder_version=&#8221;4.4.6&#8243; _dynamic_attributes=&#8221;link_option_url&#8221; text_font=&#8221;Open Sans Condensed|||on|||||&#8221; text_text_color=&#8221;#E72582&#8243; text_font_size=&#8221;20px&#8221; header_text_align=&#8221;center&#8221; background_color=&#8221;#ffffff&#8221; text_orientation=&#8221;center&#8221; module_alignment=&#8221;center&#8221; custom_margin=&#8221;10px|20px|10px|20px|true|true&#8221; custom_padding=&#8221;10px|20px|10px|20px|true|false&#8221; animation_direction=&#8221;right&#8221; link_option_url=&#8221;@ET-DC@eyJkeW5hbWljIjp0cnVlLCJjb250ZW50IjoicG9zdF9saW5rX3VybF9wYWdlIiwic2V0dGluZ3MiOnsicG9zdF9pZCI6IjgzIn19@&#8221; custom_css_main_element=&#8221;display:block;&#8221; border_radii=&#8221;on|5px|5px|5px|5px&#8221; border_color_all=&#8221;rgba(231,37,130,0.41)&#8221; box_shadow_style=&#8221;preset3&#8243; box_shadow_vertical=&#8221;2px&#8221; box_shadow_blur=&#8221;12px&#8221; custom_css_main_element_last_edited=&#8221;on|phone&#8221; custom_css_main_element_phone=&#8221;display:block;&#8221; background__hover_enabled=&#8221;off|desktop&#8221; text_font_size__hover_enabled=&#8221;off|hover&#8221; text_font_size__hover=&#8221;22px&#8221; background_color__hover=&#8221;#E72582&#8243; background_enable_color__hover=&#8221;on&#8221; text_text_color__hover_enabled=&#8221;on|hover&#8221; text_text_color__hover=&#8221;#212853&#8243;]<\/p>\n<p>JOCURI ONLINE<\/p>\n<p>[\/et_pb_text][\/et_pb_column][et_pb_column type=&#8221;1_4&#8243; _builder_version=&#8221;4.4.4&#8243; animation_style=&#8221;slide&#8221; animation_delay=&#8221;200ms&#8221;][et_pb_image src=&#8221;https:\/\/www.neosurf.com\/wp-content\/uploads\/Gambling-Icon.png&#8221; alt=&#8221;Jeux d&#8217;argent avec Neosurf&#8221; title_text=&#8221;Jeux d&#8217;argent avec Neosurf&#8221; url=&#8221;@ET-DC@eyJkeW5hbWljIjp0cnVlLCJjb250ZW50IjoicG9zdF9saW5rX3VybF9wYWdlIiwic2V0dGluZ3MiOnsicG9zdF9pZCI6Ijg1In19@&#8221; show_bottom_space=&#8221;off&#8221; align=&#8221;center&#8221; _builder_version=&#8221;4.4.6&#8243; _dynamic_attributes=&#8221;url&#8221; transform_translate_linked__hover=&#8221;off&#8221; custom_margin_last_edited=&#8221;off|desktop&#8221; transform_styles__hover_enabled=&#8221;on|hover&#8221; transform_scale__hover_enabled=&#8221;on|hover&#8221; transform_translate__hover_enabled=&#8221;on|desktop&#8221; transform_rotate__hover_enabled=&#8221;on|desktop&#8221; transform_skew__hover_enabled=&#8221;on|desktop&#8221; transform_origin__hover_enabled=&#8221;on|desktop&#8221; transform_translate__hover=&#8221;0px|-5px&#8221;][\/et_pb_image][et_pb_text _builder_version=&#8221;4.4.6&#8243; _dynamic_attributes=&#8221;link_option_url&#8221; text_font=&#8221;Open Sans Condensed|||on|||||&#8221; text_text_color=&#8221;#E72582&#8243; text_font_size=&#8221;20px&#8221; header_text_align=&#8221;center&#8221; background_color=&#8221;#ffffff&#8221; text_orientation=&#8221;center&#8221; module_alignment=&#8221;center&#8221; custom_margin=&#8221;10px|20px|10px|20px|true|true&#8221; custom_padding=&#8221;10px|20px|10px|20px|true|false&#8221; animation_direction=&#8221;right&#8221; link_option_url=&#8221;@ET-DC@eyJkeW5hbWljIjp0cnVlLCJjb250ZW50IjoicG9zdF9saW5rX3VybF9wYWdlIiwic2V0dGluZ3MiOnsicG9zdF9pZCI6Ijg1In19@&#8221; custom_css_main_element=&#8221;display:block;&#8221; border_radii=&#8221;on|5px|5px|5px|5px&#8221; border_color_all=&#8221;rgba(231,37,130,0.41)&#8221; box_shadow_style=&#8221;preset3&#8243; box_shadow_vertical=&#8221;2px&#8221; box_shadow_blur=&#8221;12px&#8221; custom_css_main_element_last_edited=&#8221;on|phone&#8221; custom_css_main_element_phone=&#8221;display:block;&#8221; background__hover_enabled=&#8221;off|desktop&#8221; text_font_size__hover_enabled=&#8221;off|hover&#8221; text_font_size__hover=&#8221;22px&#8221; background_color__hover=&#8221;#E72582&#8243; background_enable_color__hover=&#8221;on&#8221; text_text_color__hover_enabled=&#8221;on|hover&#8221; text_text_color__hover=&#8221;#212853&#8243;]<\/p>\n<p>JOCURI DE NOROC<\/p>\n<p>[\/et_pb_text][\/et_pb_column][et_pb_column type=&#8221;1_4&#8243; _builder_version=&#8221;4.4.4&#8243; animation_style=&#8221;slide&#8221; animation_delay=&#8221;400ms&#8221;][et_pb_image src=&#8221;https:\/\/www.neosurf.com\/wp-content\/uploads\/Finance-Icon.png&#8221; alt=&#8221;Services Financiers avec Neosurf&#8221; title_text=&#8221;Services Financiers avec Neosurf&#8221; url=&#8221;@ET-DC@eyJkeW5hbWljIjp0cnVlLCJjb250ZW50IjoicG9zdF9saW5rX3VybF9wYWdlIiwic2V0dGluZ3MiOnsicG9zdF9pZCI6Ijg2In19@&#8221; show_bottom_space=&#8221;off&#8221; align=&#8221;center&#8221; _builder_version=&#8221;4.4.6&#8243; _dynamic_attributes=&#8221;url&#8221; transform_translate_linked__hover=&#8221;off&#8221; transform_styles__hover_enabled=&#8221;on|hover&#8221; transform_scale__hover_enabled=&#8221;on|hover&#8221; transform_translate__hover_enabled=&#8221;on|desktop&#8221; transform_rotate__hover_enabled=&#8221;on|desktop&#8221; transform_skew__hover_enabled=&#8221;on|desktop&#8221; transform_origin__hover_enabled=&#8221;on|desktop&#8221; transform_translate__hover=&#8221;0px|-5px&#8221;][\/et_pb_image][et_pb_text _builder_version=&#8221;4.4.6&#8243; _dynamic_attributes=&#8221;link_option_url&#8221; text_font=&#8221;Open Sans Condensed|||on|||||&#8221; text_text_color=&#8221;#E72582&#8243; text_font_size=&#8221;20px&#8221; header_text_align=&#8221;center&#8221; background_color=&#8221;#ffffff&#8221; text_orientation=&#8221;center&#8221; module_alignment=&#8221;center&#8221; custom_margin=&#8221;10px|20px|10px|20px|true|true&#8221; custom_padding=&#8221;10px|20px|10px|20px|true|false&#8221; animation_direction=&#8221;right&#8221; link_option_url=&#8221;@ET-DC@eyJkeW5hbWljIjp0cnVlLCJjb250ZW50IjoicG9zdF9saW5rX3VybF9wYWdlIiwic2V0dGluZ3MiOnsicG9zdF9pZCI6Ijg2In19@&#8221; custom_css_main_element=&#8221;display:block;&#8221; border_radii=&#8221;on|5px|5px|5px|5px&#8221; border_color_all=&#8221;rgba(231,37,130,0.41)&#8221; box_shadow_style=&#8221;preset3&#8243; box_shadow_vertical=&#8221;2px&#8221; box_shadow_blur=&#8221;12px&#8221; custom_css_main_element_last_edited=&#8221;on|phone&#8221; custom_css_main_element_phone=&#8221;display:block;&#8221; background__hover_enabled=&#8221;off|desktop&#8221; text_font_size__hover_enabled=&#8221;off|hover&#8221; text_font_size__hover=&#8221;22px&#8221; background_color__hover=&#8221;#E72582&#8243; background_enable_color__hover=&#8221;on&#8221; text_text_color__hover_enabled=&#8221;on|hover&#8221; text_text_color__hover=&#8221;#212853&#8243;]<\/p>\n<p>SERVICII FINANCIARE<\/p>\n<p>[\/et_pb_text][\/et_pb_column][et_pb_column type=&#8221;1_4&#8243; _builder_version=&#8221;4.4.4&#8243; animation_style=&#8221;slide&#8221; animation_delay=&#8221;600ms&#8221;][et_pb_image src=&#8221;https:\/\/www.neosurf.com\/wp-content\/uploads\/Eshopping-Icon.png&#8221; alt=&#8221;E-shopping avec Neosurf&#8221; title_text=&#8221;E-shopping avec Neosurf&#8221; url=&#8221;@ET-DC@eyJkeW5hbWljIjp0cnVlLCJjb250ZW50IjoicG9zdF9saW5rX3VybF9wYWdlIiwic2V0dGluZ3MiOnsicG9zdF9pZCI6Ijg3In19@&#8221; show_bottom_space=&#8221;off&#8221; align=&#8221;center&#8221; _builder_version=&#8221;4.4.6&#8243; _dynamic_attributes=&#8221;url&#8221; transform_translate_linked__hover=&#8221;off&#8221; transform_styles__hover_enabled=&#8221;on|hover&#8221; transform_scale__hover_enabled=&#8221;on|hover&#8221; transform_translate__hover_enabled=&#8221;on|desktop&#8221; transform_rotate__hover_enabled=&#8221;on|desktop&#8221; transform_skew__hover_enabled=&#8221;on|desktop&#8221; transform_origin__hover_enabled=&#8221;on|desktop&#8221; transform_translate__hover=&#8221;0px|-5px&#8221;][\/et_pb_image][et_pb_text _builder_version=&#8221;4.4.6&#8243; _dynamic_attributes=&#8221;link_option_url&#8221; text_font=&#8221;Open Sans Condensed|||on|||||&#8221; text_text_color=&#8221;#E72582&#8243; text_font_size=&#8221;20px&#8221; header_text_align=&#8221;center&#8221; background_color=&#8221;#ffffff&#8221; text_orientation=&#8221;center&#8221; module_alignment=&#8221;center&#8221; custom_margin=&#8221;10px|20px|10px|20px|true|true&#8221; custom_padding=&#8221;10px|20px|10px|20px|true|false&#8221; animation_direction=&#8221;right&#8221; link_option_url=&#8221;@ET-DC@eyJkeW5hbWljIjp0cnVlLCJjb250ZW50IjoicG9zdF9saW5rX3VybF9wYWdlIiwic2V0dGluZ3MiOnsicG9zdF9pZCI6Ijg3In19@&#8221; custom_css_main_element=&#8221;display:block;&#8221; border_radii=&#8221;on|5px|5px|5px|5px&#8221; border_color_all=&#8221;rgba(231,37,130,0.41)&#8221; box_shadow_style=&#8221;preset3&#8243; box_shadow_vertical=&#8221;2px&#8221; box_shadow_blur=&#8221;12px&#8221; custom_css_main_element_last_edited=&#8221;on|phone&#8221; custom_css_main_element_phone=&#8221;display:block;&#8221; background__hover_enabled=&#8221;off|desktop&#8221; text_font_size__hover_enabled=&#8221;off|hover&#8221; text_font_size__hover=&#8221;22px&#8221; background_color__hover=&#8221;#E72582&#8243; background_enable_color__hover=&#8221;on&#8221; text_text_color__hover_enabled=&#8221;on|hover&#8221; text_text_color__hover=&#8221;#212853&#8243;]<\/p>\n<p>CUMP\u0102R\u0102TURI ONLINE<\/p>\n<p>[\/et_pb_text][\/et_pb_column][\/et_pb_row][et_pb_row column_structure=&#8221;1_2,1_2&#8243; admin_label=&#8221;RO Row : HOW TO USE &#8211; STEP 2 &#038; 3&#8243; _builder_version=&#8221;4.4.4&#8243; background_enable_color=&#8221;off&#8221; custom_margin=&#8221;||||false|false&#8221; custom_padding=&#8221;139px||60px||false|true&#8221; saved_tabs=&#8221;all&#8221; collapsed=&#8221;on&#8221;][et_pb_column type=&#8221;1_2&#8243; _builder_version=&#8221;4.4.4&#8243; background_color=&#8221;rgba(0,0,0,0.02)&#8221; custom_padding=&#8221;|20px|50px|20px|false|false&#8221; animation_style=&#8221;slide&#8221;][et_pb_text _builder_version=&#8221;4.3.2&#8243; text_font=&#8221;|800|||||||&#8221; text_text_color=&#8221;#ffffff&#8221; text_font_size=&#8221;34px&#8221; header_text_color=&#8221;#ffffff&#8221; background_color=&#8221;#E72582&#8243; z_index=&#8221;500&#8243; width=&#8221;50px&#8221; module_alignment=&#8221;center&#8221; height=&#8221;50px&#8221; custom_margin=&#8221;-25px||0px||false|false&#8221; custom_padding=&#8221;12px|14px|12px|14px|true|true&#8221; border_radii=&#8221;on|50%|50%|50%|50%&#8221;]<\/p>\n<p>2<\/p>\n<p>[\/et_pb_text][et_pb_text _builder_version=&#8221;4.4.6&#8243; text_font=&#8221;Open Sans Condensed|||on|||||&#8221; text_text_color=&#8221;#212853&#8243; text_font_size=&#8221;26px&#8221; background_enable_color=&#8221;off&#8221; text_orientation=&#8221;center&#8221; custom_padding=&#8221;24px||24px||true|true&#8221; border_color_all=&#8221;#ffffff&#8221; global_module=&#8221;64304&#8243; saved_tabs=&#8221;all&#8221;]<\/p>\n<p><strong>Selecta\u021bi Neosurf<\/strong> \u00een timpul finaliz\u0103rii comenzii<\/p>\n<p>[\/et_pb_text][et_pb_image src=&#8221;https:\/\/www.neosurf.com\/wp-content\/uploads\/Step2-choose-1.png&#8221; alt=&#8221;Liste des m\u00e9thodes de paiement avec Neosurf&#8221; title_text=&#8221;\u00c9tape 2 : Choisissez Neosurf pendant la finalisation de votre achat&#8221; align=&#8221;center&#8221; _builder_version=&#8221;4.4.6&#8243;][\/et_pb_image][\/et_pb_column][et_pb_column type=&#8221;1_2&#8243; _builder_version=&#8221;4.4.4&#8243; background_color=&#8221;rgba(0,0,0,0.02)&#8221; custom_padding=&#8221;|20px|50px|20px|false|false&#8221; animation_style=&#8221;slide&#8221; animation_delay=&#8221;400ms&#8221;][et_pb_text _builder_version=&#8221;4.3.2&#8243; text_font=&#8221;|800|||||||&#8221; text_text_color=&#8221;#ffffff&#8221; text_font_size=&#8221;34px&#8221; header_text_color=&#8221;#ffffff&#8221; background_color=&#8221;#E72582&#8243; z_index=&#8221;500&#8243; width=&#8221;50px&#8221; module_alignment=&#8221;center&#8221; height=&#8221;50px&#8221; custom_margin=&#8221;-25px||0px||false|false&#8221; custom_padding=&#8221;12px|14px|12px|14px|true|true&#8221; border_radii=&#8221;on|50%|50%|50%|50%&#8221;]<\/p>\n<p>3<\/p>\n<p>[\/et_pb_text][et_pb_text _builder_version=&#8221;4.6.4&#8243; text_font=&#8221;Open Sans Condensed|||on|||||&#8221; text_text_color=&#8221;#212853&#8243; text_font_size=&#8221;26px&#8221; background_enable_color=&#8221;off&#8221; text_orientation=&#8221;center&#8221; custom_padding=&#8221;24px||24px||true|true&#8221; border_color_all=&#8221;#ffffff&#8221; global_module=&#8221;64305&#8243; saved_tabs=&#8221;all&#8221;]<\/p>\n<p><strong>INTRODUCE\u021aI CODUL PIN<\/strong> PENTRU A PL\u0102TI<\/p>\n<p>[\/et_pb_text][et_pb_image src=&#8221;https:\/\/www.neosurf.com\/wp-content\/uploads\/Step3-pay.png&#8221; alt=&#8221;Page de paiement Neosurf&#8221; title_text=&#8221;\u00c9tape 3 : Indiquez votre code Pin pour payer&#8221; align=&#8221;center&#8221; _builder_version=&#8221;4.4.6&#8243;][\/et_pb_image][\/et_pb_column][\/et_pb_row][\/et_pb_section]<\/p>\n","protected":false},"excerpt":{"rendered":"<p>CUM PUTE\u021aI CHELTUINeosurfPl\u0103ti\u021bi online \u00een siguran\u021b\u0103 cu vouchere Neosurf pe website-uri populare de gaming \u0219i divertisment. Sau folosi\u021bi voucherul Neosurf ca s\u0103 v\u0103 \u00eenc\u0103rca\u021bi contul de portofel electronic sau s\u0103 pl\u0103ti\u021bi pe website-urile de comer\u021b electronic.G\u0103si\u021bi o selec\u021bie de website-uri care accept\u0103 voucherele Neosurf chiar aici.1Alege\u021bi \u00a0site-ul dvs. preferat JOCURI ONLINEJOCURI DE NOROCSERVICII FINANCIARECUMP\u0102R\u0102TURI ONLINE2Selecta\u021bi [&hellip;]<\/p>\n","protected":false},"author":2,"featured_media":0,"parent":0,"menu_order":0,"comment_status":"closed","ping_status":"closed","template":"","meta":{"_acf_changed":false,"_et_pb_use_builder":"on","_et_pb_old_content":"","_et_gb_content_width":"","footnotes":""},"class_list":["post-67787","page","type-page","status-publish","hentry"],"acf":[],"yoast_head":"<!-- This site is optimized with the Yoast SEO plugin v26.4 - https:\/\/yoast.com\/wordpress\/plugins\/seo\/ -->\n<title>Cum pute\u021bi cheltui Neosurf<\/title>\n<meta name=\"robots\" content=\"index, follow, max-snippet:-1, max-image-preview:large, max-video-preview:-1\" \/>\n<link rel=\"canonical\" href=\"https:\/\/www.neosurf.com\/ro\/cum-puteti-cheltui-neosurf\/\" \/>\n<meta property=\"og:locale\" content=\"ro_RO\" \/>\n<meta property=\"og:type\" content=\"article\" \/>\n<meta property=\"og:title\" content=\"Cum pute\u021bi cheltui Neosurf\" \/>\n<meta property=\"og:description\" content=\"CUM PUTE\u021aI CHELTUINeosurfPl\u0103ti\u021bi online \u00een siguran\u021b\u0103 cu vouchere Neosurf pe website-uri populare de gaming \u0219i divertisment. Sau folosi\u021bi voucherul Neosurf ca s\u0103 v\u0103 \u00eenc\u0103rca\u021bi contul de portofel electronic sau s\u0103 pl\u0103ti\u021bi pe website-urile de comer\u021b electronic.G\u0103si\u021bi o selec\u021bie de website-uri care accept\u0103 voucherele Neosurf chiar aici.1Alege\u021bi \u00a0site-ul dvs. preferat JOCURI ONLINEJOCURI DE NOROCSERVICII FINANCIARECUMP\u0102R\u0102TURI ONLINE2Selecta\u021bi [&hellip;]\" \/>\n<meta property=\"og:site_name\" content=\"Neosurf\" \/>\n<meta property=\"article:modified_time\" content=\"2022-07-07T10:43:23+00:00\" \/>\n<meta name=\"twitter:card\" content=\"summary_large_image\" \/>\n<meta name=\"twitter:label1\" content=\"Timp estimat pentru citire\" \/>\n\t<meta name=\"twitter:data1\" content=\"10 minute\" \/>\n<script type=\"application\/ld+json\" class=\"yoast-schema-graph\">{\"@context\":\"https:\/\/schema.org\",\"@graph\":[{\"@type\":\"WebPage\",\"@id\":\"https:\/\/www.neosurf.com\/ro\/cum-puteti-cheltui-neosurf\/\",\"url\":\"https:\/\/www.neosurf.com\/ro\/cum-puteti-cheltui-neosurf\/\",\"name\":\"Cum pute\u021bi cheltui Neosurf\",\"isPartOf\":{\"@id\":\"https:\/\/www.neosurf.com\/ro\/#website\"},\"datePublished\":\"2021-02-04T07:29:20+00:00\",\"dateModified\":\"2022-07-07T10:43:23+00:00\",\"breadcrumb\":{\"@id\":\"https:\/\/www.neosurf.com\/ro\/cum-puteti-cheltui-neosurf\/#breadcrumb\"},\"inLanguage\":\"ro-RO\",\"potentialAction\":[{\"@type\":\"ReadAction\",\"target\":[\"https:\/\/www.neosurf.com\/ro\/cum-puteti-cheltui-neosurf\/\"]}]},{\"@type\":\"BreadcrumbList\",\"@id\":\"https:\/\/www.neosurf.com\/ro\/cum-puteti-cheltui-neosurf\/#breadcrumb\",\"itemListElement\":[{\"@type\":\"ListItem\",\"position\":1,\"name\":\"Home\",\"item\":\"https:\/\/www.neosurf.com\/ro\/\"},{\"@type\":\"ListItem\",\"position\":2,\"name\":\"Cum pute\u021bi cheltui Neosurf\"}]},{\"@type\":\"WebSite\",\"@id\":\"https:\/\/www.neosurf.com\/ro\/#website\",\"url\":\"https:\/\/www.neosurf.com\/ro\/\",\"name\":\"Neosurf\",\"description\":\"So Simple to Pay &amp; Play\",\"potentialAction\":[{\"@type\":\"SearchAction\",\"target\":{\"@type\":\"EntryPoint\",\"urlTemplate\":\"https:\/\/www.neosurf.com\/ro\/?s={search_term_string}\"},\"query-input\":{\"@type\":\"PropertyValueSpecification\",\"valueRequired\":true,\"valueName\":\"search_term_string\"}}],\"inLanguage\":\"ro-RO\"}]}<\/script>\n<!-- \/ Yoast SEO plugin. -->","yoast_head_json":{"title":"Cum pute\u021bi cheltui Neosurf","robots":{"index":"index","follow":"follow","max-snippet":"max-snippet:-1","max-image-preview":"max-image-preview:large","max-video-preview":"max-video-preview:-1"},"canonical":"https:\/\/www.neosurf.com\/ro\/cum-puteti-cheltui-neosurf\/","og_locale":"ro_RO","og_type":"article","og_title":"Cum pute\u021bi cheltui Neosurf","og_description":"CUM PUTE\u021aI CHELTUINeosurfPl\u0103ti\u021bi online \u00een siguran\u021b\u0103 cu vouchere Neosurf pe website-uri populare de gaming \u0219i divertisment. Sau folosi\u021bi voucherul Neosurf ca s\u0103 v\u0103 \u00eenc\u0103rca\u021bi contul de portofel electronic sau s\u0103 pl\u0103ti\u021bi pe website-urile de comer\u021b electronic.G\u0103si\u021bi o selec\u021bie de website-uri care accept\u0103 voucherele Neosurf chiar aici.1Alege\u021bi \u00a0site-ul dvs. preferat JOCURI ONLINEJOCURI DE NOROCSERVICII FINANCIARECUMP\u0102R\u0102TURI ONLINE2Selecta\u021bi [&hellip;]","og_site_name":"Neosurf","article_modified_time":"2022-07-07T10:43:23+00:00","twitter_card":"summary_large_image","twitter_misc":{"Timp estimat pentru citire":"10 minute"},"schema":{"@context":"https:\/\/schema.org","@graph":[{"@type":"WebPage","@id":"https:\/\/www.neosurf.com\/ro\/cum-puteti-cheltui-neosurf\/","url":"https:\/\/www.neosurf.com\/ro\/cum-puteti-cheltui-neosurf\/","name":"Cum pute\u021bi cheltui Neosurf","isPartOf":{"@id":"https:\/\/www.neosurf.com\/ro\/#website"},"datePublished":"2021-02-04T07:29:20+00:00","dateModified":"2022-07-07T10:43:23+00:00","breadcrumb":{"@id":"https:\/\/www.neosurf.com\/ro\/cum-puteti-cheltui-neosurf\/#breadcrumb"},"inLanguage":"ro-RO","potentialAction":[{"@type":"ReadAction","target":["https:\/\/www.neosurf.com\/ro\/cum-puteti-cheltui-neosurf\/"]}]},{"@type":"BreadcrumbList","@id":"https:\/\/www.neosurf.com\/ro\/cum-puteti-cheltui-neosurf\/#breadcrumb","itemListElement":[{"@type":"ListItem","position":1,"name":"Home","item":"https:\/\/www.neosurf.com\/ro\/"},{"@type":"ListItem","position":2,"name":"Cum pute\u021bi cheltui Neosurf"}]},{"@type":"WebSite","@id":"https:\/\/www.neosurf.com\/ro\/#website","url":"https:\/\/www.neosurf.com\/ro\/","name":"Neosurf","description":"So Simple to Pay &amp; Play","potentialAction":[{"@type":"SearchAction","target":{"@type":"EntryPoint","urlTemplate":"https:\/\/www.neosurf.com\/ro\/?s={search_term_string}"},"query-input":{"@type":"PropertyValueSpecification","valueRequired":true,"valueName":"search_term_string"}}],"inLanguage":"ro-RO"}]}},"_links":{"self":[{"href":"https:\/\/www.neosurf.com\/ro\/wp-json\/wp\/v2\/pages\/67787","targetHints":{"allow":["GET"]}}],"collection":[{"href":"https:\/\/www.neosurf.com\/ro\/wp-json\/wp\/v2\/pages"}],"about":[{"href":"https:\/\/www.neosurf.com\/ro\/wp-json\/wp\/v2\/types\/page"}],"author":[{"embeddable":true,"href":"https:\/\/www.neosurf.com\/ro\/wp-json\/wp\/v2\/users\/2"}],"replies":[{"embeddable":true,"href":"https:\/\/www.neosurf.com\/ro\/wp-json\/wp\/v2\/comments?post=67787"}],"version-history":[{"count":3,"href":"https:\/\/www.neosurf.com\/ro\/wp-json\/wp\/v2\/pages\/67787\/revisions"}],"predecessor-version":[{"id":72444,"href":"https:\/\/www.neosurf.com\/ro\/wp-json\/wp\/v2\/pages\/67787\/revisions\/72444"}],"wp:attachment":[{"href":"https:\/\/www.neosurf.com\/ro\/wp-json\/wp\/v2\/media?parent=67787"}],"curies":[{"name":"wp","href":"https:\/\/api.w.org\/{rel}","templated":true}]}}