{"id":65679,"date":"2021-01-12T08:27:37","date_gmt":"2021-01-12T08:27:37","guid":{"rendered":"https:\/\/neowpsites-dev-publicneosurf.pf8.wpserveur.net\/como-gastar-neosurf\/"},"modified":"2022-07-07T10:21:52","modified_gmt":"2022-07-07T10:21:52","slug":"como-gastar-neosurf","status":"publish","type":"page","link":"https:\/\/www.neosurf.com\/pt\/como-gastar-neosurf\/","title":{"rendered":"Como gastar Neosurf"},"content":{"rendered":"<p>[et_pb_section fb_built=&#8221;1&#8243; _builder_version=&#8221;4.4.4&#8243; background_color=&#8221;#E72582&#8243; bottom_divider_color=&#8221;#212853&#8243; da_disable_devices=&#8221;off|off|off&#8221; saved_tabs=&#8221;all&#8221; da_is_popup=&#8221;off&#8221; da_exit_intent=&#8221;off&#8221; da_has_close=&#8221;on&#8221; da_alt_close=&#8221;off&#8221; da_dark_close=&#8221;off&#8221; da_not_modal=&#8221;on&#8221; da_is_singular=&#8221;off&#8221; da_with_loader=&#8221;off&#8221; da_has_shadow=&#8221;on&#8221;][et_pb_row _builder_version=&#8221;4.4.4&#8243;][et_pb_column type=&#8221;4_4&#8243; _builder_version=&#8221;4.4.4&#8243;][et_pb_text content_tablet=&#8221;<\/p>\n<h1>COMO GASTAR<br \/><span class=%22itc%22 style=%22font-size: 80px;%22>Neosurf<\/span><\/h1>\n<p>&#8221; content_phone=&#8221;<\/p>\n<h1>COMO GASTAR<br \/><span class=%22itc%22 style=%22font-size: 60px;%22>Neosurf<\/span><\/h1>\n<p>&#8221; content_last_edited=&#8221;on|desktop&#8221; _builder_version=&#8221;4.6.4&#8243; header_font=&#8221;Open Sans Condensed|300|||||||&#8221; header_text_align=&#8221;center&#8221; header_text_color=&#8221;#ffffff&#8221; header_font_size=&#8221;60px&#8221; header_line_height=&#8221;1.2em&#8221;]<\/p>\n<h1>COMO GASTAR<br \/><span class=\"itc\" style=\"font-size: 100px;\">Neosurf<\/span><\/h1>\n<p>[\/et_pb_text][\/et_pb_column][\/et_pb_row][et_pb_row _builder_version=&#8221;4.4.6&#8243;][et_pb_column type=&#8221;4_4&#8243; _builder_version=&#8221;4.4.6&#8243;][et_pb_text _builder_version=&#8221;4.6.4&#8243; text_text_color=&#8221;#ffffff&#8221; text_font_size=&#8221;20px&#8221; link_font=&#8221;|700|||||||&#8221; link_text_color=&#8221;#ffffff&#8221;]<\/p>\n<p style=\"text-align: center;\">Fa\u00e7a pagamentos online com seguran\u00e7a com os vouchers Neosurf em populares websites de <a href=\"https:\/\/www.neosurf.com\/pt\/como-gastar-neosurf\/jogos-online\/\">gaming<\/a> e <a href=\"https:\/\/www.neosurf.com\/pt\/como-gastar-neosurf\/apostas\/\"> entretenimento<\/a>. <br \/>Ou simplesmente utilize o seu voucher de dinheiro Neosurf para refor\u00e7ar o seu saldo em <a href=\"https:\/\/www.neosurf.com\/pt\/como-gastar-neosurf\/servicos-financeiros\/\"> carteiras eletr\u00f3nicas <\/a> ou pagar em websites de <a href=\"https:\/\/www.neosurf.com\/pt\/como-gastar-neosurf\/e-shopping\/\"> com\u00e9rcio eletr\u00f3nico<\/a>. <br \/>Ir\u00e1 descobrir aqui mesmo uma sele\u00e7\u00e3o de websites que aceitam os vouchers de dinheiro Neosurf.<\/p>\n<p>[\/et_pb_text][\/et_pb_column][\/et_pb_row][\/et_pb_section][et_pb_section fb_built=&#8221;1&#8243; prev_background_color=&#8221;#E72582&#8243; _builder_version=&#8221;4.4.4&#8243; top_divider_style=&#8221;arrow2&#8243; da_disable_devices=&#8221;off|off|off&#8221; da_is_popup=&#8221;off&#8221; da_exit_intent=&#8221;off&#8221; da_has_close=&#8221;on&#8221; da_alt_close=&#8221;off&#8221; da_dark_close=&#8221;off&#8221; da_not_modal=&#8221;on&#8221; da_is_singular=&#8221;off&#8221; da_with_loader=&#8221;off&#8221; da_has_shadow=&#8221;on&#8221;][et_pb_row _builder_version=&#8221;4.4.4&#8243; custom_padding=&#8221;67px|||||&#8221;][et_pb_column type=&#8221;4_4&#8243; _builder_version=&#8221;4.4.4&#8243;][et_pb_text _builder_version=&#8221;4.3.2&#8243; text_font=&#8221;|800|||||||&#8221; text_text_color=&#8221;#ffffff&#8221; text_font_size=&#8221;34px&#8221; header_text_color=&#8221;#ffffff&#8221; background_color=&#8221;#E72582&#8243; width=&#8221;50px&#8221; module_alignment=&#8221;center&#8221; height=&#8221;50px&#8221; custom_margin=&#8221;||0px||false|false&#8221; custom_padding=&#8221;12px|14px|12px|14px|true|true&#8221; border_radii=&#8221;on|50%|50%|50%|50%&#8221; locked=&#8221;off&#8221;]<\/p>\n<p>1<\/p>\n<p>[\/et_pb_text][et_pb_text _builder_version=&#8221;4.4.6&#8243; text_font=&#8221;Open Sans Condensed|||on|||||&#8221; text_text_color=&#8221;#212853&#8243; text_font_size=&#8221;26px&#8221; background_enable_color=&#8221;off&#8221; text_orientation=&#8221;center&#8221; custom_padding=&#8221;24px||24px||true|true&#8221; border_radii=&#8221;off|60px|60px||&#8221; global_module=&#8221;64302&#8243; saved_tabs=&#8221;all&#8221; locked=&#8221;off&#8221;]<\/p>\n<p>Escolha o seu <strong>site<\/strong> preferido<\/p>\n<p>[\/et_pb_text][\/et_pb_column][\/et_pb_row][et_pb_row column_structure=&#8221;1_4,1_4,1_4,1_4&#8243; _builder_version=&#8221;4.4.4&#8243; global_module=&#8221;64275&#8243; saved_tabs=&#8221;all&#8221;][et_pb_column type=&#8221;1_4&#8243; _builder_version=&#8221;4.4.4&#8243; animation_style=&#8221;slide&#8221;][et_pb_image src=&#8221;https:\/\/www.neosurf.com\/wp-content\/uploads\/Gaming-Icon.png&#8221; alt=&#8221;Jeux en ligne avec Neosurf&#8221; title_text=&#8221;Jeux en ligne avec Neosurf&#8221; url=&#8221;@ET-DC@eyJkeW5hbWljIjp0cnVlLCJjb250ZW50IjoicG9zdF9saW5rX3VybF9wYWdlIiwic2V0dGluZ3MiOnsicG9zdF9pZCI6IjgzIn19@&#8221; show_bottom_space=&#8221;off&#8221; align=&#8221;center&#8221; _builder_version=&#8221;4.4.6&#8243; _dynamic_attributes=&#8221;url&#8221; transform_translate_linked__hover=&#8221;off&#8221; transform_styles__hover_enabled=&#8221;on|hover&#8221; transform_scale__hover_enabled=&#8221;on|hover&#8221; transform_translate__hover_enabled=&#8221;on|desktop&#8221; transform_rotate__hover_enabled=&#8221;on|desktop&#8221; transform_skew__hover_enabled=&#8221;on|desktop&#8221; transform_origin__hover_enabled=&#8221;on|desktop&#8221; transform_translate__hover=&#8221;0px|-5px&#8221;][\/et_pb_image][et_pb_text _builder_version=&#8221;4.4.6&#8243; _dynamic_attributes=&#8221;link_option_url&#8221; text_font=&#8221;Open Sans Condensed|||on|||||&#8221; text_text_color=&#8221;#E72582&#8243; text_font_size=&#8221;20px&#8221; header_text_align=&#8221;center&#8221; background_color=&#8221;#ffffff&#8221; text_orientation=&#8221;center&#8221; module_alignment=&#8221;center&#8221; custom_margin=&#8221;10px|20px|10px|20px|true|true&#8221; custom_padding=&#8221;10px|20px|10px|20px|true|false&#8221; animation_direction=&#8221;right&#8221; link_option_url=&#8221;@ET-DC@eyJkeW5hbWljIjp0cnVlLCJjb250ZW50IjoicG9zdF9saW5rX3VybF9wYWdlIiwic2V0dGluZ3MiOnsicG9zdF9pZCI6IjgzIn19@&#8221; custom_css_main_element=&#8221;display:block;&#8221; border_radii=&#8221;on|5px|5px|5px|5px&#8221; border_color_all=&#8221;rgba(231,37,130,0.41)&#8221; box_shadow_style=&#8221;preset3&#8243; box_shadow_vertical=&#8221;2px&#8221; box_shadow_blur=&#8221;12px&#8221; custom_css_main_element_last_edited=&#8221;on|phone&#8221; custom_css_main_element_phone=&#8221;display:block;&#8221; background__hover_enabled=&#8221;off|desktop&#8221; text_font_size__hover_enabled=&#8221;off|hover&#8221; text_font_size__hover=&#8221;22px&#8221; background_color__hover=&#8221;#E72582&#8243; background_enable_color__hover=&#8221;on&#8221; text_text_color__hover_enabled=&#8221;on|hover&#8221; text_text_color__hover=&#8221;#212853&#8243;]<\/p>\n<p>JOGOS ONLINE<\/p>\n<p>[\/et_pb_text][\/et_pb_column][et_pb_column type=&#8221;1_4&#8243; _builder_version=&#8221;4.4.4&#8243; animation_style=&#8221;slide&#8221; animation_delay=&#8221;200ms&#8221;][et_pb_image src=&#8221;https:\/\/www.neosurf.com\/wp-content\/uploads\/Gambling-Icon.png&#8221; alt=&#8221;Jeux d&#8217;argent avec Neosurf&#8221; title_text=&#8221;Jeux d&#8217;argent avec Neosurf&#8221; url=&#8221;@ET-DC@eyJkeW5hbWljIjp0cnVlLCJjb250ZW50IjoicG9zdF9saW5rX3VybF9wYWdlIiwic2V0dGluZ3MiOnsicG9zdF9pZCI6Ijg1In19@&#8221; show_bottom_space=&#8221;off&#8221; align=&#8221;center&#8221; _builder_version=&#8221;4.4.6&#8243; _dynamic_attributes=&#8221;url&#8221; transform_translate_linked__hover=&#8221;off&#8221; custom_margin_last_edited=&#8221;off|desktop&#8221; transform_styles__hover_enabled=&#8221;on|hover&#8221; transform_scale__hover_enabled=&#8221;on|hover&#8221; transform_translate__hover_enabled=&#8221;on|desktop&#8221; transform_rotate__hover_enabled=&#8221;on|desktop&#8221; transform_skew__hover_enabled=&#8221;on|desktop&#8221; transform_origin__hover_enabled=&#8221;on|desktop&#8221; transform_translate__hover=&#8221;0px|-5px&#8221;][\/et_pb_image][et_pb_text _builder_version=&#8221;4.4.6&#8243; _dynamic_attributes=&#8221;link_option_url&#8221; text_font=&#8221;Open Sans Condensed|||on|||||&#8221; text_text_color=&#8221;#E72582&#8243; text_font_size=&#8221;20px&#8221; header_text_align=&#8221;center&#8221; background_color=&#8221;#ffffff&#8221; text_orientation=&#8221;center&#8221; module_alignment=&#8221;center&#8221; custom_margin=&#8221;10px|20px|10px|20px|true|true&#8221; custom_padding=&#8221;10px|20px|10px|20px|true|false&#8221; animation_direction=&#8221;right&#8221; link_option_url=&#8221;@ET-DC@eyJkeW5hbWljIjp0cnVlLCJjb250ZW50IjoicG9zdF9saW5rX3VybF9wYWdlIiwic2V0dGluZ3MiOnsicG9zdF9pZCI6Ijg1In19@&#8221; custom_css_main_element=&#8221;display:block;&#8221; border_radii=&#8221;on|5px|5px|5px|5px&#8221; border_color_all=&#8221;rgba(231,37,130,0.41)&#8221; box_shadow_style=&#8221;preset3&#8243; box_shadow_vertical=&#8221;2px&#8221; box_shadow_blur=&#8221;12px&#8221; custom_css_main_element_last_edited=&#8221;on|phone&#8221; custom_css_main_element_phone=&#8221;display:block;&#8221; background__hover_enabled=&#8221;off|desktop&#8221; text_font_size__hover_enabled=&#8221;off|hover&#8221; text_font_size__hover=&#8221;22px&#8221; background_color__hover=&#8221;#E72582&#8243; background_enable_color__hover=&#8221;on&#8221; text_text_color__hover_enabled=&#8221;on|hover&#8221; text_text_color__hover=&#8221;#212853&#8243;]<\/p>\n<p>APOSTAS<\/p>\n<p>[\/et_pb_text][\/et_pb_column][et_pb_column type=&#8221;1_4&#8243; _builder_version=&#8221;4.4.4&#8243; animation_style=&#8221;slide&#8221; animation_delay=&#8221;400ms&#8221;][et_pb_image src=&#8221;https:\/\/www.neosurf.com\/wp-content\/uploads\/Finance-Icon.png&#8221; alt=&#8221;Services Financiers avec Neosurf&#8221; title_text=&#8221;Services Financiers avec Neosurf&#8221; url=&#8221;@ET-DC@eyJkeW5hbWljIjp0cnVlLCJjb250ZW50IjoicG9zdF9saW5rX3VybF9wYWdlIiwic2V0dGluZ3MiOnsicG9zdF9pZCI6Ijg2In19@&#8221; show_bottom_space=&#8221;off&#8221; align=&#8221;center&#8221; _builder_version=&#8221;4.4.6&#8243; _dynamic_attributes=&#8221;url&#8221; transform_translate_linked__hover=&#8221;off&#8221; transform_styles__hover_enabled=&#8221;on|hover&#8221; transform_scale__hover_enabled=&#8221;on|hover&#8221; transform_translate__hover_enabled=&#8221;on|desktop&#8221; transform_rotate__hover_enabled=&#8221;on|desktop&#8221; transform_skew__hover_enabled=&#8221;on|desktop&#8221; transform_origin__hover_enabled=&#8221;on|desktop&#8221; transform_translate__hover=&#8221;0px|-5px&#8221;][\/et_pb_image][et_pb_text _builder_version=&#8221;4.4.6&#8243; _dynamic_attributes=&#8221;link_option_url&#8221; text_font=&#8221;Open Sans Condensed|||on|||||&#8221; text_text_color=&#8221;#E72582&#8243; text_font_size=&#8221;20px&#8221; header_text_align=&#8221;center&#8221; background_color=&#8221;#ffffff&#8221; text_orientation=&#8221;center&#8221; module_alignment=&#8221;center&#8221; custom_margin=&#8221;10px|20px|10px|20px|true|true&#8221; custom_padding=&#8221;10px|20px|10px|20px|true|false&#8221; animation_direction=&#8221;right&#8221; link_option_url=&#8221;@ET-DC@eyJkeW5hbWljIjp0cnVlLCJjb250ZW50IjoicG9zdF9saW5rX3VybF9wYWdlIiwic2V0dGluZ3MiOnsicG9zdF9pZCI6Ijg2In19@&#8221; custom_css_main_element=&#8221;display:block;&#8221; border_radii=&#8221;on|5px|5px|5px|5px&#8221; border_color_all=&#8221;rgba(231,37,130,0.41)&#8221; box_shadow_style=&#8221;preset3&#8243; box_shadow_vertical=&#8221;2px&#8221; box_shadow_blur=&#8221;12px&#8221; custom_css_main_element_last_edited=&#8221;on|phone&#8221; custom_css_main_element_phone=&#8221;display:block;&#8221; background__hover_enabled=&#8221;off|desktop&#8221; text_font_size__hover_enabled=&#8221;off|hover&#8221; text_font_size__hover=&#8221;22px&#8221; background_color__hover=&#8221;#E72582&#8243; background_enable_color__hover=&#8221;on&#8221; text_text_color__hover_enabled=&#8221;on|hover&#8221; text_text_color__hover=&#8221;#212853&#8243;]<\/p>\n<p>SERVI\u00c7OS FINANCEIROS<\/p>\n<p>[\/et_pb_text][\/et_pb_column][et_pb_column type=&#8221;1_4&#8243; _builder_version=&#8221;4.4.4&#8243; animation_style=&#8221;slide&#8221; animation_delay=&#8221;600ms&#8221;][et_pb_image src=&#8221;https:\/\/www.neosurf.com\/wp-content\/uploads\/Eshopping-Icon.png&#8221; alt=&#8221;E-shopping avec Neosurf&#8221; title_text=&#8221;E-shopping avec Neosurf&#8221; url=&#8221;@ET-DC@eyJkeW5hbWljIjp0cnVlLCJjb250ZW50IjoicG9zdF9saW5rX3VybF9wYWdlIiwic2V0dGluZ3MiOnsicG9zdF9pZCI6Ijg3In19@&#8221; show_bottom_space=&#8221;off&#8221; align=&#8221;center&#8221; _builder_version=&#8221;4.4.6&#8243; _dynamic_attributes=&#8221;url&#8221; transform_translate_linked__hover=&#8221;off&#8221; transform_styles__hover_enabled=&#8221;on|hover&#8221; transform_scale__hover_enabled=&#8221;on|hover&#8221; transform_translate__hover_enabled=&#8221;on|desktop&#8221; transform_rotate__hover_enabled=&#8221;on|desktop&#8221; transform_skew__hover_enabled=&#8221;on|desktop&#8221; transform_origin__hover_enabled=&#8221;on|desktop&#8221; transform_translate__hover=&#8221;0px|-5px&#8221;][\/et_pb_image][et_pb_text _builder_version=&#8221;4.4.6&#8243; _dynamic_attributes=&#8221;link_option_url&#8221; text_font=&#8221;Open Sans Condensed|||on|||||&#8221; text_text_color=&#8221;#E72582&#8243; text_font_size=&#8221;20px&#8221; header_text_align=&#8221;center&#8221; background_color=&#8221;#ffffff&#8221; text_orientation=&#8221;center&#8221; module_alignment=&#8221;center&#8221; custom_margin=&#8221;10px|20px|10px|20px|true|true&#8221; custom_padding=&#8221;10px|20px|10px|20px|true|false&#8221; animation_direction=&#8221;right&#8221; link_option_url=&#8221;@ET-DC@eyJkeW5hbWljIjp0cnVlLCJjb250ZW50IjoicG9zdF9saW5rX3VybF9wYWdlIiwic2V0dGluZ3MiOnsicG9zdF9pZCI6Ijg3In19@&#8221; custom_css_main_element=&#8221;display:block;&#8221; border_radii=&#8221;on|5px|5px|5px|5px&#8221; border_color_all=&#8221;rgba(231,37,130,0.41)&#8221; box_shadow_style=&#8221;preset3&#8243; box_shadow_vertical=&#8221;2px&#8221; box_shadow_blur=&#8221;12px&#8221; custom_css_main_element_last_edited=&#8221;on|phone&#8221; custom_css_main_element_phone=&#8221;display:block;&#8221; background__hover_enabled=&#8221;off|desktop&#8221; text_font_size__hover_enabled=&#8221;off|hover&#8221; text_font_size__hover=&#8221;22px&#8221; background_color__hover=&#8221;#E72582&#8243; background_enable_color__hover=&#8221;on&#8221; text_text_color__hover_enabled=&#8221;on|hover&#8221; text_text_color__hover=&#8221;#212853&#8243;]<\/p>\n<p>E-SHOPPING<\/p>\n<p>[\/et_pb_text][\/et_pb_column][\/et_pb_row][et_pb_row column_structure=&#8221;1_2,1_2&#8243; admin_label=&#8221;PT Row : HOW TO USE &#8211; STEP 2 &#038; 3&#8243; _builder_version=&#8221;4.4.4&#8243; background_enable_color=&#8221;off&#8221; custom_margin=&#8221;||||false|false&#8221; custom_padding=&#8221;139px||60px||false|true&#8221; saved_tabs=&#8221;all&#8221; collapsed=&#8221;on&#8221;][et_pb_column type=&#8221;1_2&#8243; _builder_version=&#8221;4.4.4&#8243; background_color=&#8221;rgba(0,0,0,0.02)&#8221; custom_padding=&#8221;|20px|50px|20px|false|false&#8221; animation_style=&#8221;slide&#8221;][et_pb_text _builder_version=&#8221;4.3.2&#8243; text_font=&#8221;|800|||||||&#8221; text_text_color=&#8221;#ffffff&#8221; text_font_size=&#8221;34px&#8221; header_text_color=&#8221;#ffffff&#8221; background_color=&#8221;#E72582&#8243; z_index=&#8221;500&#8243; width=&#8221;50px&#8221; module_alignment=&#8221;center&#8221; height=&#8221;50px&#8221; custom_margin=&#8221;-25px||0px||false|false&#8221; custom_padding=&#8221;12px|14px|12px|14px|true|true&#8221; border_radii=&#8221;on|50%|50%|50%|50%&#8221;]<\/p>\n<p>2<\/p>\n<p>[\/et_pb_text][et_pb_text _builder_version=&#8221;4.4.6&#8243; text_font=&#8221;Open Sans Condensed|||on|||||&#8221; text_text_color=&#8221;#212853&#8243; text_font_size=&#8221;26px&#8221; background_enable_color=&#8221;off&#8221; text_orientation=&#8221;center&#8221; custom_padding=&#8221;24px||24px||true|true&#8221; border_color_all=&#8221;#ffffff&#8221; global_module=&#8221;64304&#8243; saved_tabs=&#8221;all&#8221;]<\/p>\n<p><strong>Selecione Neosurf<\/strong> durante o checkout<\/p>\n<p>[\/et_pb_text][et_pb_image src=&#8221;https:\/\/www.neosurf.com\/wp-content\/uploads\/Step2-choose-1.png&#8221; alt=&#8221;Liste des m\u00e9thodes de paiement avec Neosurf&#8221; title_text=&#8221;\u00c9tape 2 : Choisissez Neosurf pendant la finalisation de votre achat&#8221; align=&#8221;center&#8221; _builder_version=&#8221;4.4.6&#8243;][\/et_pb_image][\/et_pb_column][et_pb_column type=&#8221;1_2&#8243; _builder_version=&#8221;4.4.4&#8243; background_color=&#8221;rgba(0,0,0,0.02)&#8221; custom_padding=&#8221;|20px|50px|20px|false|false&#8221; animation_style=&#8221;slide&#8221; animation_delay=&#8221;400ms&#8221;][et_pb_text _builder_version=&#8221;4.3.2&#8243; text_font=&#8221;|800|||||||&#8221; text_text_color=&#8221;#ffffff&#8221; text_font_size=&#8221;34px&#8221; header_text_color=&#8221;#ffffff&#8221; background_color=&#8221;#E72582&#8243; z_index=&#8221;500&#8243; width=&#8221;50px&#8221; module_alignment=&#8221;center&#8221; height=&#8221;50px&#8221; custom_margin=&#8221;-25px||0px||false|false&#8221; custom_padding=&#8221;12px|14px|12px|14px|true|true&#8221; border_radii=&#8221;on|50%|50%|50%|50%&#8221;]<\/p>\n<p>3<\/p>\n<p>[\/et_pb_text][et_pb_text _builder_version=&#8221;4.6.4&#8243; text_font=&#8221;Open Sans Condensed|||on|||||&#8221; text_text_color=&#8221;#212853&#8243; text_font_size=&#8221;26px&#8221; background_enable_color=&#8221;off&#8221; text_orientation=&#8221;center&#8221; custom_padding=&#8221;24px||24px||true|true&#8221; border_color_all=&#8221;#ffffff&#8221; global_module=&#8221;64305&#8243; saved_tabs=&#8221;all&#8221;]<\/p>\n<p><strong>INTRODUZA O SEU C\u00d3DIGO PIN<\/strong> PARA PAGAR<\/p>\n<p>[\/et_pb_text][et_pb_image src=&#8221;https:\/\/www.neosurf.com\/wp-content\/uploads\/Step3-pay.png&#8221; alt=&#8221;Page de paiement Neosurf&#8221; title_text=&#8221;\u00c9tape 3 : Indiquez votre code Pin pour payer&#8221; align=&#8221;center&#8221; _builder_version=&#8221;4.4.6&#8243;][\/et_pb_image][\/et_pb_column][\/et_pb_row][\/et_pb_section]<\/p>\n","protected":false},"excerpt":{"rendered":"<p>COMO GASTARNeosurfFa\u00e7a pagamentos online com seguran\u00e7a com os vouchers Neosurf em populares websites de gaming e entretenimento. Ou simplesmente utilize o seu voucher de dinheiro Neosurf para refor\u00e7ar o seu saldo em carteiras eletr\u00f3nicas ou pagar em websites de com\u00e9rcio eletr\u00f3nico. Ir\u00e1 descobrir aqui mesmo uma sele\u00e7\u00e3o de websites que aceitam os vouchers de dinheiro [&hellip;]<\/p>\n","protected":false},"author":2,"featured_media":0,"parent":0,"menu_order":0,"comment_status":"closed","ping_status":"closed","template":"","meta":{"_acf_changed":false,"_et_pb_use_builder":"on","_et_pb_old_content":"","_et_gb_content_width":"","footnotes":""},"class_list":["post-65679","page","type-page","status-publish","hentry"],"acf":[],"yoast_head":"<!-- This site is optimized with the Yoast SEO plugin v26.4 - https:\/\/yoast.com\/wordpress\/plugins\/seo\/ -->\n<title>Como gastar Neosurf<\/title>\n<meta name=\"robots\" content=\"index, follow, max-snippet:-1, max-image-preview:large, max-video-preview:-1\" \/>\n<link rel=\"canonical\" href=\"https:\/\/www.neosurf.com\/pt\/como-gastar-neosurf\/\" \/>\n<meta property=\"og:locale\" content=\"pt_PT\" \/>\n<meta property=\"og:type\" content=\"article\" \/>\n<meta property=\"og:title\" content=\"Como gastar Neosurf\" \/>\n<meta property=\"og:description\" content=\"COMO GASTARNeosurfFa\u00e7a pagamentos online com seguran\u00e7a com os vouchers Neosurf em populares websites de gaming e entretenimento. Ou simplesmente utilize o seu voucher de dinheiro Neosurf para refor\u00e7ar o seu saldo em carteiras eletr\u00f3nicas ou pagar em websites de com\u00e9rcio eletr\u00f3nico. Ir\u00e1 descobrir aqui mesmo uma sele\u00e7\u00e3o de websites que aceitam os vouchers de dinheiro [&hellip;]\" \/>\n<meta property=\"og:site_name\" content=\"Neosurf\" \/>\n<meta property=\"article:modified_time\" content=\"2022-07-07T10:21:52+00:00\" \/>\n<meta name=\"twitter:card\" content=\"summary_large_image\" \/>\n<meta name=\"twitter:label1\" content=\"Tempo estimado de leitura\" \/>\n\t<meta name=\"twitter:data1\" content=\"10 minutos\" \/>\n<script type=\"application\/ld+json\" class=\"yoast-schema-graph\">{\"@context\":\"https:\/\/schema.org\",\"@graph\":[{\"@type\":\"WebPage\",\"@id\":\"https:\/\/www.neosurf.com\/pt\/como-gastar-neosurf\/\",\"url\":\"https:\/\/www.neosurf.com\/pt\/como-gastar-neosurf\/\",\"name\":\"Como gastar Neosurf\",\"isPartOf\":{\"@id\":\"https:\/\/www.neosurf.com\/pt\/#website\"},\"datePublished\":\"2021-01-12T08:27:37+00:00\",\"dateModified\":\"2022-07-07T10:21:52+00:00\",\"breadcrumb\":{\"@id\":\"https:\/\/www.neosurf.com\/pt\/como-gastar-neosurf\/#breadcrumb\"},\"inLanguage\":\"pt-PT\",\"potentialAction\":[{\"@type\":\"ReadAction\",\"target\":[\"https:\/\/www.neosurf.com\/pt\/como-gastar-neosurf\/\"]}]},{\"@type\":\"BreadcrumbList\",\"@id\":\"https:\/\/www.neosurf.com\/pt\/como-gastar-neosurf\/#breadcrumb\",\"itemListElement\":[{\"@type\":\"ListItem\",\"position\":1,\"name\":\"Home\",\"item\":\"https:\/\/www.neosurf.com\/pt\/\"},{\"@type\":\"ListItem\",\"position\":2,\"name\":\"Como gastar Neosurf\"}]},{\"@type\":\"WebSite\",\"@id\":\"https:\/\/www.neosurf.com\/pt\/#website\",\"url\":\"https:\/\/www.neosurf.com\/pt\/\",\"name\":\"Neosurf\",\"description\":\"So Simple to Pay &amp; Play\",\"potentialAction\":[{\"@type\":\"SearchAction\",\"target\":{\"@type\":\"EntryPoint\",\"urlTemplate\":\"https:\/\/www.neosurf.com\/pt\/?s={search_term_string}\"},\"query-input\":{\"@type\":\"PropertyValueSpecification\",\"valueRequired\":true,\"valueName\":\"search_term_string\"}}],\"inLanguage\":\"pt-PT\"}]}<\/script>\n<!-- \/ Yoast SEO plugin. -->","yoast_head_json":{"title":"Como gastar Neosurf","robots":{"index":"index","follow":"follow","max-snippet":"max-snippet:-1","max-image-preview":"max-image-preview:large","max-video-preview":"max-video-preview:-1"},"canonical":"https:\/\/www.neosurf.com\/pt\/como-gastar-neosurf\/","og_locale":"pt_PT","og_type":"article","og_title":"Como gastar Neosurf","og_description":"COMO GASTARNeosurfFa\u00e7a pagamentos online com seguran\u00e7a com os vouchers Neosurf em populares websites de gaming e entretenimento. Ou simplesmente utilize o seu voucher de dinheiro Neosurf para refor\u00e7ar o seu saldo em carteiras eletr\u00f3nicas ou pagar em websites de com\u00e9rcio eletr\u00f3nico. Ir\u00e1 descobrir aqui mesmo uma sele\u00e7\u00e3o de websites que aceitam os vouchers de dinheiro [&hellip;]","og_site_name":"Neosurf","article_modified_time":"2022-07-07T10:21:52+00:00","twitter_card":"summary_large_image","twitter_misc":{"Tempo estimado de leitura":"10 minutos"},"schema":{"@context":"https:\/\/schema.org","@graph":[{"@type":"WebPage","@id":"https:\/\/www.neosurf.com\/pt\/como-gastar-neosurf\/","url":"https:\/\/www.neosurf.com\/pt\/como-gastar-neosurf\/","name":"Como gastar Neosurf","isPartOf":{"@id":"https:\/\/www.neosurf.com\/pt\/#website"},"datePublished":"2021-01-12T08:27:37+00:00","dateModified":"2022-07-07T10:21:52+00:00","breadcrumb":{"@id":"https:\/\/www.neosurf.com\/pt\/como-gastar-neosurf\/#breadcrumb"},"inLanguage":"pt-PT","potentialAction":[{"@type":"ReadAction","target":["https:\/\/www.neosurf.com\/pt\/como-gastar-neosurf\/"]}]},{"@type":"BreadcrumbList","@id":"https:\/\/www.neosurf.com\/pt\/como-gastar-neosurf\/#breadcrumb","itemListElement":[{"@type":"ListItem","position":1,"name":"Home","item":"https:\/\/www.neosurf.com\/pt\/"},{"@type":"ListItem","position":2,"name":"Como gastar Neosurf"}]},{"@type":"WebSite","@id":"https:\/\/www.neosurf.com\/pt\/#website","url":"https:\/\/www.neosurf.com\/pt\/","name":"Neosurf","description":"So Simple to Pay &amp; Play","potentialAction":[{"@type":"SearchAction","target":{"@type":"EntryPoint","urlTemplate":"https:\/\/www.neosurf.com\/pt\/?s={search_term_string}"},"query-input":{"@type":"PropertyValueSpecification","valueRequired":true,"valueName":"search_term_string"}}],"inLanguage":"pt-PT"}]}},"_links":{"self":[{"href":"https:\/\/www.neosurf.com\/pt\/wp-json\/wp\/v2\/pages\/65679","targetHints":{"allow":["GET"]}}],"collection":[{"href":"https:\/\/www.neosurf.com\/pt\/wp-json\/wp\/v2\/pages"}],"about":[{"href":"https:\/\/www.neosurf.com\/pt\/wp-json\/wp\/v2\/types\/page"}],"author":[{"embeddable":true,"href":"https:\/\/www.neosurf.com\/pt\/wp-json\/wp\/v2\/users\/2"}],"replies":[{"embeddable":true,"href":"https:\/\/www.neosurf.com\/pt\/wp-json\/wp\/v2\/comments?post=65679"}],"version-history":[{"count":2,"href":"https:\/\/www.neosurf.com\/pt\/wp-json\/wp\/v2\/pages\/65679\/revisions"}],"predecessor-version":[{"id":72435,"href":"https:\/\/www.neosurf.com\/pt\/wp-json\/wp\/v2\/pages\/65679\/revisions\/72435"}],"wp:attachment":[{"href":"https:\/\/www.neosurf.com\/pt\/wp-json\/wp\/v2\/media?parent=65679"}],"curies":[{"name":"wp","href":"https:\/\/api.w.org\/{rel}","templated":true}]}}