{"id":69712,"date":"2021-02-18T10:55:25","date_gmt":"2021-02-18T10:55:25","guid":{"rendered":"https:\/\/www.neosurf.com\/o-nas\/"},"modified":"2025-09-04T10:51:33","modified_gmt":"2025-09-04T10:51:33","slug":"o-nas","status":"publish","type":"page","link":"https:\/\/www.neosurf.com\/pl\/o-nas\/","title":{"rendered":"O nas"},"content":{"rendered":"<p>[et_pb_section fb_built=&#8221;1&#8243; _builder_version=&#8221;4.16&#8243; background_image=&#8221;https:\/\/www.neosurf.com\/wp-content\/uploads\/2020\/01\/BACKGROUND-Joggers.jpg&#8221; parallax=&#8221;on&#8221; da_disable_devices=&#8221;off|off|off&#8221; global_colors_info=&#8221;{}&#8221; da_is_popup=&#8221;off&#8221; da_exit_intent=&#8221;off&#8221; da_has_close=&#8221;on&#8221; da_alt_close=&#8221;off&#8221; da_dark_close=&#8221;off&#8221; da_not_modal=&#8221;on&#8221; da_is_singular=&#8221;off&#8221; da_with_loader=&#8221;off&#8221; da_has_shadow=&#8221;on&#8221;][et_pb_row column_structure=&#8221;1_2,1_2&#8243; _builder_version=&#8221;4.16&#8243; global_colors_info=&#8221;{}&#8221;][et_pb_column type=&#8221;1_2&#8243; _builder_version=&#8221;4.16&#8243; background_color=&#8221;#ffffff&#8221; custom_padding=&#8221;30px|30px|30px|30px|true|true&#8221; border_radii=&#8221;on|5px|5px|5px|5px&#8221; border_color_all=&#8221;#212853&#8243; border_width_left=&#8221;10px&#8221; border_color_left=&#8221;#E72582&#8243; box_shadow_style=&#8221;preset3&#8243; global_colors_info=&#8221;{}&#8221;][et_pb_text disabled_on=&#8221;on|on|on&#8221; admin_label=&#8221;Intro NS CARDS&#8221; module_class=&#8221;ns-cards&#8221; _builder_version=&#8221;4.22.0&#8243; _module_preset=&#8221;default&#8221; disabled=&#8221;on&#8221; global_colors_info=&#8221;{}&#8221;]<\/p>\n<p><strong>Neosurf to us\u0142uga p\u0142atnicza \u015bwiadczona w UE przez NS Cards France SAS.<\/strong><\/p>\n<p>[\/et_pb_text][et_pb_text disabled_on=&#8221;on|on|on&#8221; admin_label=&#8221;Intro SAFE VOUCHER &#8221; module_class=&#8221;safe-voucher&#8221; _builder_version=&#8221;4.22.0&#8243; _module_preset=&#8221;default&#8221; disabled=&#8221;on&#8221; global_colors_info=&#8221;{}&#8221;]<\/p>\n<p><strong>Neosurf to us\u0142uga p\u0142atnicza \u015bwiadczona w Wielkiej Brytanii przez Safe Voucher LTD.<\/strong><\/p>\n<p>[\/et_pb_text][et_pb_text disabled_on=&#8221;on|on|on&#8221; admin_label=&#8221;Intro NS PAYMENT TECH&#8221; module_class=&#8221;ns-payment-tech&#8221; _builder_version=&#8221;4.22.0&#8243; _module_preset=&#8221;default&#8221; disabled=&#8221;on&#8221; global_colors_info=&#8221;{}&#8221;]<\/p>\n<p><strong>Neosurf to us\u0142uga p\u0142atnicza \u015bwiadczona w Kanadzie, Argentynie, Australii, Boliwii, Brazylii, Kamerunie, Chile, Kolumbii, Kostaryce, Dominice, Dominikanie, Ekwadorze, Fid\u017ci, Filipinach, Grenadzie, Gwatemali, Haiti, Hondurasie, Jamajce, Meksyku, Nowej Zelandii, Nikaragui, Papui Nowej Gwinei, Paragwaju, Peru, RPA, Urugwaju przez NS Payment Technologies Inc.<\/strong><\/p>\n<p>[\/et_pb_text][et_pb_text disabled_on=&#8221;on|on|on&#8221; admin_label=&#8221;Intro NEOSURF INC&#8221; module_class=&#8221;neosurf-inc&#8221; _builder_version=&#8221;4.22.0&#8243; _module_preset=&#8221;default&#8221; disabled=&#8221;on&#8221; global_colors_info=&#8221;{}&#8221;]<\/p>\n<p><strong>Neosurf jest us\u0142ug\u0105 p\u0142atnicz\u0105 \u015bwiadczon\u0105 w USA przez Neosurf INC.<\/strong><\/p>\n<p>[\/et_pb_text][et_pb_text admin_label=&#8221;PRESENTATION&#8221; module_class=&#8221;regionall&#8221; _builder_version=&#8221;4.22.0&#8243; header_2_font=&#8221;Open Sans||||||||&#8221; header_2_text_color=&#8221;#212853&#8243; global_colors_info=&#8221;{}&#8221;]<\/p>\n<p style=\"text-align: justify;\"><strong>Stworzony w 2004<\/strong> roku Neosurf Voucher to lokalne rozwi\u0105zanie p\u0142atnicze, kt\u00f3re pozwala klientom p\u0142aci\u0107 u tysi\u0119cy sprzedawc\u00f3w internetowych bez ujawniania swoich danych osobowych. Nasz mi\u0119dzynarodowy zesp\u00f3\u0142 oraz tysi\u0105ce partner\u00f3w internetowych i sprzedawc\u00f3w na ca\u0142ym \u015bwiecie sprawiaj\u0105, \u017ce Neosurf jest pierwszym powszechnie dost\u0119pnym rozwi\u0105zaniem do p\u0142atno\u015bci online.<\/p>\n<p>[\/et_pb_text][et_pb_text admin_label=&#8221;LEGAL NS CARDS&#8221; _builder_version=&#8221;4.22.0&#8243; _module_preset=&#8221;default&#8221; hover_enabled=&#8221;0&#8243; global_colors_info=&#8221;{}&#8221; neo_surf_79705=&#8221;on&#8221; sticky_enabled=&#8221;0&#8243;]<\/p>\n<p style=\"text-align: left;\"><strong>OG\u0141OSZENIA PRAWNE<\/strong><br \/><strong>Siedziba:<\/strong> Neosurf INC <br \/><strong>Kapita\u0142:<\/strong> 100 000 EUR<br \/>Firma <strong>SIRET:<\/strong> 47850232100035<br \/><strong>APE<\/strong> firmy: 5819Z<br \/><strong>RCS sp\u00f3\u0142ki:<\/strong> PARIS B 478 502 321<br \/><strong>Szef publikacji:<\/strong> Nicolas Saubi\u00e9<br \/><strong>Hosting:<\/strong> WP Serveur 134, Avenue du pr\u00e9sident Wilson &#8211; 93100 Montreuil &#8211; FRANCE<\/p>\n<p class=\"p1\">Portfele cyfrowe i us\u0142ugi Neosurf WagerWallet oraz DigitalCash s\u0105 dostarczane przez Community Federal Savings Bank. \u015arodki na koncie portfela nie s\u0105 ubezpieczone przez FDIC.<\/p>\n<p>[\/et_pb_text][et_pb_text admin_label=&#8221;LEGAL SAFE VOUCHER&#8221; _builder_version=&#8221;4.22.0&#8243; _module_preset=&#8221;default&#8221; hover_enabled=&#8221;0&#8243; global_colors_info=&#8221;{}&#8221; neo_surf_79741=&#8221;on&#8221; sticky_enabled=&#8221;0&#8243;]<\/p>\n<p style=\"text-align: left;\"><strong>OG\u0141OSZENIA PRAWNE<br \/><\/strong><strong>Siedziba:<\/strong> Neosurf INC <br \/><strong>NUMER SP\u00d3\u0141KI:<\/strong> 08491211<br \/><strong>Szef publikacji:<\/strong> Andrea Mcgeachin<br \/><strong>Hosting:<\/strong> WP Serveur 134, Avenue du pr\u00e9sident Wilson &#8211; 93100 Montreuil &#8211; FRANCE<\/p>\n<p style=\"text-align: justify;\">Portfele cyfrowe i us\u0142ugi Neosurf WagerWallet oraz DigitalCash s\u0105 dostarczane przez Community Federal Savings Bank. \u015arodki na koncie portfela nie s\u0105 ubezpieczone przez FDIC.<\/p>\n<p>[\/et_pb_text][et_pb_text admin_label=&#8221;LEGAL NS PAYMENT TECH&#8221; _builder_version=&#8221;4.22.0&#8243; _module_preset=&#8221;default&#8221; hover_enabled=&#8221;0&#8243; global_colors_info=&#8221;{}&#8221; neo_surf_79758=&#8221;on&#8221; sticky_enabled=&#8221;0&#8243;]<\/p>\n<p style=\"text-align: left;\"><strong>OG\u0141OSZENIA PRAWNE<br \/><\/strong><strong>Siedziba g\u0142\u00f3wna:<\/strong> Neosurf INC <br \/><strong>NUMER FIRMY:<\/strong> 1176807577<br \/><strong>Szef publikacji:<\/strong> Andrea Mcgeachin<br \/><strong>Hosting:<\/strong> WP Serveur 134, Avenue du pr\u00e9sident Wilson &#8211; 93100 Montreuil &#8211; FRANCE<\/p>\n<p style=\"text-align: justify;\">Portfele cyfrowe i us\u0142ugi Neosurf WagerWallet oraz DigitalCash s\u0105 dostarczane przez Community Federal Savings Bank. \u015arodki na koncie portfela nie s\u0105 ubezpieczone przez FDIC.<\/p>\n<p>[\/et_pb_text][et_pb_text admin_label=&#8221;LEGAL NEOSURF INC&#8221; _builder_version=&#8221;4.22.0&#8243; _module_preset=&#8221;default&#8221; hover_enabled=&#8221;0&#8243; global_colors_info=&#8221;{}&#8221; neo_surf_79714=&#8221;on&#8221; sticky_enabled=&#8221;0&#8243;]<\/p>\n<p style=\"text-align: left;\"><strong>OG\u0141OSZENIA PRAWNE<br \/><\/strong><strong>Siedziba:<\/strong> Neosurf INC <br \/><strong>NUMER FIRMY:<\/strong> (rejestracja firmy w toku)<br \/><strong>Szef publikacji:<\/strong> Andrea Mcgeachin<br \/><strong>Hosting:<\/strong> WP Serveur 134, Avenue du pr\u00e9sident Wilson &#8211; 93100 Montreuil &#8211; FRANCE<\/p>\n<p style=\"text-align: justify;\">Portfele cyfrowe i us\u0142ugi Neosurf WagerWallet oraz DigitalCash s\u0105 dostarczane przez Community Federal Savings Bank. \u015arodki na koncie portfela nie s\u0105 ubezpieczone przez FDIC.<\/p>\n<p>[\/et_pb_text][et_pb_text admin_label=&#8221;LEGAL SAFE VOUCHER AG&#8221; _builder_version=&#8221;4.22.0&#8243; _module_preset=&#8221;default&#8221; hover_enabled=&#8221;0&#8243; global_colors_info=&#8221;{}&#8221; neo_surf_79757=&#8221;on&#8221; sticky_enabled=&#8221;0&#8243;]<\/p>\n<p style=\"text-align: left;\"><strong>OG\u0141OSZENIA PRAWNE<br \/><\/strong><strong>Siedziba:<\/strong> Neosurf INC <br \/><strong>NUMER SP\u00d3\u0141KI:<\/strong> CHE-291.042.536.<br \/><strong>Szef publikacji:<\/strong> Andrea Mcgeachin<br \/><strong>Hosting:<\/strong> WP Serveur 134, Avenue du pr\u00e9sident Wilson &#8211; 93100 Montreuil &#8211; FRANCE<\/p>\n<p style=\"text-align: justify;\">Portfele cyfrowe i us\u0142ugi Neosurf WagerWallet oraz DigitalCash s\u0105 dostarczane przez Community Federal Savings Bank. \u015arodki na koncie portfela nie s\u0105 ubezpieczone przez FDIC.<\/p>\n<p>[\/et_pb_text][\/et_pb_column][et_pb_column type=&#8221;1_2&#8243; _builder_version=&#8221;4.16&#8243; global_colors_info=&#8221;{}&#8221;][\/et_pb_column][\/et_pb_row][\/et_pb_section]<\/p>\n","protected":false},"excerpt":{"rendered":"<p>Neosurf to us\u0142uga p\u0142atnicza \u015bwiadczona w UE przez NS Cards France SAS.Neosurf to us\u0142uga p\u0142atnicza \u015bwiadczona w Wielkiej Brytanii przez Safe Voucher LTD.Neosurf to us\u0142uga p\u0142atnicza \u015bwiadczona w Kanadzie, Argentynie, Australii, Boliwii, Brazylii, Kamerunie, Chile, Kolumbii, Kostaryce, Dominice, Dominikanie, Ekwadorze, Fid\u017ci, Filipinach, Grenadzie, Gwatemali, Haiti, Hondurasie, Jamajce, Meksyku, Nowej Zelandii, Nikaragui, Papui Nowej Gwinei, Paragwaju, [&hellip;]<\/p>\n","protected":false},"author":2,"featured_media":0,"parent":0,"menu_order":0,"comment_status":"closed","ping_status":"closed","template":"","meta":{"_acf_changed":false,"_et_pb_use_builder":"on","_et_pb_old_content":"","_et_gb_content_width":"","footnotes":""},"class_list":["post-69712","page","type-page","status-publish","hentry"],"acf":[],"yoast_head":"<!-- This site is optimized with the Yoast SEO plugin v26.4 - https:\/\/yoast.com\/wordpress\/plugins\/seo\/ -->\n<title>O nas<\/title>\n<meta name=\"robots\" content=\"index, follow, max-snippet:-1, max-image-preview:large, max-video-preview:-1\" \/>\n<link rel=\"canonical\" href=\"https:\/\/www.neosurf.com\/pl\/o-nas\/\" \/>\n<meta property=\"og:locale\" content=\"pl_PL\" \/>\n<meta property=\"og:type\" content=\"article\" \/>\n<meta property=\"og:title\" content=\"O nas\" \/>\n<meta property=\"og:description\" content=\"Neosurf to us\u0142uga p\u0142atnicza \u015bwiadczona w UE przez NS Cards France SAS.Neosurf to us\u0142uga p\u0142atnicza \u015bwiadczona w Wielkiej Brytanii przez Safe Voucher LTD.Neosurf to us\u0142uga p\u0142atnicza \u015bwiadczona w Kanadzie, Argentynie, Australii, Boliwii, Brazylii, Kamerunie, Chile, Kolumbii, Kostaryce, Dominice, Dominikanie, Ekwadorze, Fid\u017ci, Filipinach, Grenadzie, Gwatemali, Haiti, Hondurasie, Jamajce, Meksyku, Nowej Zelandii, Nikaragui, Papui Nowej Gwinei, Paragwaju, [&hellip;]\" \/>\n<meta property=\"og:site_name\" content=\"Neosurf\" \/>\n<meta property=\"article:modified_time\" content=\"2025-09-04T10:51:33+00:00\" \/>\n<meta name=\"twitter:card\" content=\"summary_large_image\" \/>\n<meta name=\"twitter:label1\" content=\"Szacowany czas czytania\" \/>\n\t<meta name=\"twitter:data1\" content=\"4 minuty\" \/>\n<script type=\"application\/ld+json\" class=\"yoast-schema-graph\">{\"@context\":\"https:\/\/schema.org\",\"@graph\":[{\"@type\":\"WebPage\",\"@id\":\"https:\/\/www.neosurf.com\/pl\/o-nas\/\",\"url\":\"https:\/\/www.neosurf.com\/pl\/o-nas\/\",\"name\":\"O nas\",\"isPartOf\":{\"@id\":\"https:\/\/www.neosurf.com\/pl\/#website\"},\"datePublished\":\"2021-02-18T10:55:25+00:00\",\"dateModified\":\"2025-09-04T10:51:33+00:00\",\"breadcrumb\":{\"@id\":\"https:\/\/www.neosurf.com\/pl\/o-nas\/#breadcrumb\"},\"inLanguage\":\"pl-PL\",\"potentialAction\":[{\"@type\":\"ReadAction\",\"target\":[\"https:\/\/www.neosurf.com\/pl\/o-nas\/\"]}]},{\"@type\":\"BreadcrumbList\",\"@id\":\"https:\/\/www.neosurf.com\/pl\/o-nas\/#breadcrumb\",\"itemListElement\":[{\"@type\":\"ListItem\",\"position\":1,\"name\":\"Home\",\"item\":\"https:\/\/www.neosurf.com\/pl\/\"},{\"@type\":\"ListItem\",\"position\":2,\"name\":\"O nas\"}]},{\"@type\":\"WebSite\",\"@id\":\"https:\/\/www.neosurf.com\/pl\/#website\",\"url\":\"https:\/\/www.neosurf.com\/pl\/\",\"name\":\"Neosurf\",\"description\":\"So Simple to Pay &amp; Play\",\"potentialAction\":[{\"@type\":\"SearchAction\",\"target\":{\"@type\":\"EntryPoint\",\"urlTemplate\":\"https:\/\/www.neosurf.com\/pl\/?s={search_term_string}\"},\"query-input\":{\"@type\":\"PropertyValueSpecification\",\"valueRequired\":true,\"valueName\":\"search_term_string\"}}],\"inLanguage\":\"pl-PL\"}]}<\/script>\n<!-- \/ Yoast SEO plugin. -->","yoast_head_json":{"title":"O nas","robots":{"index":"index","follow":"follow","max-snippet":"max-snippet:-1","max-image-preview":"max-image-preview:large","max-video-preview":"max-video-preview:-1"},"canonical":"https:\/\/www.neosurf.com\/pl\/o-nas\/","og_locale":"pl_PL","og_type":"article","og_title":"O nas","og_description":"Neosurf to us\u0142uga p\u0142atnicza \u015bwiadczona w UE przez NS Cards France SAS.Neosurf to us\u0142uga p\u0142atnicza \u015bwiadczona w Wielkiej Brytanii przez Safe Voucher LTD.Neosurf to us\u0142uga p\u0142atnicza \u015bwiadczona w Kanadzie, Argentynie, Australii, Boliwii, Brazylii, Kamerunie, Chile, Kolumbii, Kostaryce, Dominice, Dominikanie, Ekwadorze, Fid\u017ci, Filipinach, Grenadzie, Gwatemali, Haiti, Hondurasie, Jamajce, Meksyku, Nowej Zelandii, Nikaragui, Papui Nowej Gwinei, Paragwaju, [&hellip;]","og_site_name":"Neosurf","article_modified_time":"2025-09-04T10:51:33+00:00","twitter_card":"summary_large_image","twitter_misc":{"Szacowany czas czytania":"4 minuty"},"schema":{"@context":"https:\/\/schema.org","@graph":[{"@type":"WebPage","@id":"https:\/\/www.neosurf.com\/pl\/o-nas\/","url":"https:\/\/www.neosurf.com\/pl\/o-nas\/","name":"O nas","isPartOf":{"@id":"https:\/\/www.neosurf.com\/pl\/#website"},"datePublished":"2021-02-18T10:55:25+00:00","dateModified":"2025-09-04T10:51:33+00:00","breadcrumb":{"@id":"https:\/\/www.neosurf.com\/pl\/o-nas\/#breadcrumb"},"inLanguage":"pl-PL","potentialAction":[{"@type":"ReadAction","target":["https:\/\/www.neosurf.com\/pl\/o-nas\/"]}]},{"@type":"BreadcrumbList","@id":"https:\/\/www.neosurf.com\/pl\/o-nas\/#breadcrumb","itemListElement":[{"@type":"ListItem","position":1,"name":"Home","item":"https:\/\/www.neosurf.com\/pl\/"},{"@type":"ListItem","position":2,"name":"O nas"}]},{"@type":"WebSite","@id":"https:\/\/www.neosurf.com\/pl\/#website","url":"https:\/\/www.neosurf.com\/pl\/","name":"Neosurf","description":"So Simple to Pay &amp; Play","potentialAction":[{"@type":"SearchAction","target":{"@type":"EntryPoint","urlTemplate":"https:\/\/www.neosurf.com\/pl\/?s={search_term_string}"},"query-input":{"@type":"PropertyValueSpecification","valueRequired":true,"valueName":"search_term_string"}}],"inLanguage":"pl-PL"}]}},"_links":{"self":[{"href":"https:\/\/www.neosurf.com\/pl\/wp-json\/wp\/v2\/pages\/69712","targetHints":{"allow":["GET"]}}],"collection":[{"href":"https:\/\/www.neosurf.com\/pl\/wp-json\/wp\/v2\/pages"}],"about":[{"href":"https:\/\/www.neosurf.com\/pl\/wp-json\/wp\/v2\/types\/page"}],"author":[{"embeddable":true,"href":"https:\/\/www.neosurf.com\/pl\/wp-json\/wp\/v2\/users\/2"}],"replies":[{"embeddable":true,"href":"https:\/\/www.neosurf.com\/pl\/wp-json\/wp\/v2\/comments?post=69712"}],"version-history":[{"count":2,"href":"https:\/\/www.neosurf.com\/pl\/wp-json\/wp\/v2\/pages\/69712\/revisions"}],"predecessor-version":[{"id":79802,"href":"https:\/\/www.neosurf.com\/pl\/wp-json\/wp\/v2\/pages\/69712\/revisions\/79802"}],"wp:attachment":[{"href":"https:\/\/www.neosurf.com\/pl\/wp-json\/wp\/v2\/media?parent=69712"}],"curies":[{"name":"wp","href":"https:\/\/api.w.org\/{rel}","templated":true}]}}