{"id":67657,"date":"2021-02-04T07:22:53","date_gmt":"2021-02-04T07:22:53","guid":{"rendered":"https:\/\/www.neosurf.com\/over-ons\/"},"modified":"2025-09-04T10:51:55","modified_gmt":"2025-09-04T10:51:55","slug":"over-ons","status":"publish","type":"page","link":"https:\/\/www.neosurf.com\/nl\/over-ons\/","title":{"rendered":"Over ons"},"content":{"rendered":"<p>[et_pb_section fb_built=&#8221;1&#8243; _builder_version=&#8221;4.16&#8243; background_image=&#8221;https:\/\/www.neosurf.com\/wp-content\/uploads\/2020\/01\/BACKGROUND-Joggers.jpg&#8221; parallax=&#8221;on&#8221; da_disable_devices=&#8221;off|off|off&#8221; global_colors_info=&#8221;{}&#8221; da_is_popup=&#8221;off&#8221; da_exit_intent=&#8221;off&#8221; da_has_close=&#8221;on&#8221; da_alt_close=&#8221;off&#8221; da_dark_close=&#8221;off&#8221; da_not_modal=&#8221;on&#8221; da_is_singular=&#8221;off&#8221; da_with_loader=&#8221;off&#8221; da_has_shadow=&#8221;on&#8221;][et_pb_row column_structure=&#8221;1_2,1_2&#8243; _builder_version=&#8221;4.16&#8243; global_colors_info=&#8221;{}&#8221;][et_pb_column type=&#8221;1_2&#8243; _builder_version=&#8221;4.16&#8243; background_color=&#8221;#ffffff&#8221; custom_padding=&#8221;30px|30px|30px|30px|true|true&#8221; border_radii=&#8221;on|5px|5px|5px|5px&#8221; border_color_all=&#8221;#212853&#8243; border_width_left=&#8221;10px&#8221; border_color_left=&#8221;#E72582&#8243; box_shadow_style=&#8221;preset3&#8243; global_colors_info=&#8221;{}&#8221;][et_pb_text disabled_on=&#8221;on|on|on&#8221; admin_label=&#8221;Intro NS CARDS&#8221; module_class=&#8221;ns-cards&#8221; _builder_version=&#8221;4.22.0&#8243; _module_preset=&#8221;default&#8221; disabled=&#8221;on&#8221; global_colors_info=&#8221;{}&#8221;]<\/p>\n<p><strong>Neosurf is een betalingsdienst die in de EU wordt aangeboden door NS Cards France SAS.<\/strong><\/p>\n<p>[\/et_pb_text][et_pb_text disabled_on=&#8221;on|on|on&#8221; admin_label=&#8221;Intro SAFE VOUCHER &#8221; module_class=&#8221;safe-voucher&#8221; _builder_version=&#8221;4.22.0&#8243; _module_preset=&#8221;default&#8221; disabled=&#8221;on&#8221; global_colors_info=&#8221;{}&#8221;]<\/p>\n<p><strong>Neosurf is een betalingsdienst die in het Verenigd Koninkrijk wordt aangeboden door Safe Voucher LTD.<\/strong><\/p>\n<p>[\/et_pb_text][et_pb_text disabled_on=&#8221;on|on|on&#8221; admin_label=&#8221;Intro NS PAYMENT TECH&#8221; module_class=&#8221;ns-payment-tech&#8221; _builder_version=&#8221;4.22.0&#8243; _module_preset=&#8221;default&#8221; disabled=&#8221;on&#8221; global_colors_info=&#8221;{}&#8221;]<\/p>\n<p><strong>Neosurf is een betaaldienst die wordt aangeboden in Canada, Argentini\u00eb, Australi\u00eb, Bolivia, Brazili\u00eb, Kameroen, Chili, Colombia, Costa Rica, Dominica, Dominicaanse Republiek, Ecuador, Fiji, Filippijnen, Grenada, Guatemala, Ha\u00efti, Honduras, Jamaica, Mexico, Nieuw-Zeeland, Nicaragua, Papoea-Nieuw-Guinea, Paraguay, Peru, Zuid-Afrika, Uruguay door NS Payment Technologies Inc.<\/strong><\/p>\n<p>[\/et_pb_text][et_pb_text disabled_on=&#8221;on|on|on&#8221; admin_label=&#8221;Intro NEOSURF INC&#8221; module_class=&#8221;neosurf-inc&#8221; _builder_version=&#8221;4.22.0&#8243; _module_preset=&#8221;default&#8221; disabled=&#8221;on&#8221; global_colors_info=&#8221;{}&#8221;]<\/p>\n<p><strong>Neosurf is een betaaldienst die in de Verenigde Staten wordt aangeboden door Neosurf INC.<\/strong><\/p>\n<p>[\/et_pb_text][et_pb_text admin_label=&#8221;PRESENTATION&#8221; module_class=&#8221;regionall&#8221; _builder_version=&#8221;4.22.0&#8243; header_2_font=&#8221;Open Sans||||||||&#8221; header_2_text_color=&#8221;#212853&#8243; global_colors_info=&#8221;{}&#8221;]<\/p>\n<p style=\"text-align: justify;\"><strong>Opgericht in 2004<\/strong>, de Neosurf Voucher is een lokale betaaloplossing waarmee klanten kunnen betalen bij duizenden online handelaren, zonder hun persoonlijke informatie vrij te geven. Ons internationale team en duizenden online partners en resellers wereldwijd maken Neosurf de eerste algemeen beschikbare oplossing om online te betalen.<\/p>\n<p>[\/et_pb_text][et_pb_text admin_label=&#8221;LEGAL NS CARDS&#8221; _builder_version=&#8221;4.22.0&#8243; _module_preset=&#8221;default&#8221; hover_enabled=&#8221;0&#8243; global_colors_info=&#8221;{}&#8221; neo_surf_79705=&#8221;on&#8221; sticky_enabled=&#8221;0&#8243;]<\/p>\n<p style=\"text-align: left;\"><strong>JURIDISCHE MEDEDELINGEN<\/strong><br \/><strong>Hoofdkantoor:<\/strong> Neosurf INC <br \/><strong>Kapitaal:<\/strong> 100 000 EUR<br \/><strong>Bedrijfs SIRET:<\/strong> 47850232100035<br \/><strong>Bedrijf APE:<\/strong> 5819Z<br \/><strong>Bedrijfs-RCS:<\/strong> PARIS B 478 502 321<br \/><strong>Hoofd publicatie:<\/strong> Nicolas Saubi\u00e9<br \/><strong>Hosting:<\/strong> WP Serveur 134, Avenue du pr\u00e9sident Wilson &#8211; 93100 Montreuil &#8211; FRANKRIJK<\/p>\n<p class=\"p1\">De digitale wallets en diensten WagerWallet en DigitalCash van Neosurf worden aangeboden door Community Federal Savings Bank. De tegoeden in uw wallet-account zijn niet verzekerd door de FDIC.<\/p>\n<p>[\/et_pb_text][et_pb_text admin_label=&#8221;LEGAL SAFE VOUCHER&#8221; _builder_version=&#8221;4.22.0&#8243; _module_preset=&#8221;default&#8221; hover_enabled=&#8221;0&#8243; global_colors_info=&#8221;{}&#8221; neo_surf_79741=&#8221;on&#8221; sticky_enabled=&#8221;0&#8243;]<\/p>\n<p style=\"text-align: left;\"><strong>JURIDISCHE OPMERKINGEN<br \/><\/strong><strong>Hoofdkantoor:<\/strong> Neosurf INC <br \/><strong>Company NUMBER:<\/strong> 08491211<br \/><strong>Hoofd publicatie:<\/strong> Andrea Mcgeachin<br \/><strong>Hosting:<\/strong> WP Serveur 134, Avenue du pr\u00e9sident Wilson &#8211; 93100 Montreuil &#8211; FRANCE<\/p>\n<p style=\"text-align: justify;\">De digitale wallets en diensten WagerWallet en DigitalCash van Neosurf worden aangeboden door Community Federal Savings Bank. De tegoeden in uw wallet-account zijn niet verzekerd door de FDIC.<\/p>\n<p>[\/et_pb_text][et_pb_text admin_label=&#8221;LEGAL NS PAYMENT TECH&#8221; _builder_version=&#8221;4.22.0&#8243; _module_preset=&#8221;default&#8221; hover_enabled=&#8221;0&#8243; global_colors_info=&#8221;{}&#8221; neo_surf_79758=&#8221;on&#8221; sticky_enabled=&#8221;0&#8243;]<\/p>\n<p style=\"text-align: left;\"><strong>RECHTSMELDINGEN<br \/><\/strong><strong>Hoofdkantoor:<\/strong> Neosurf INC <br \/><strong>Bedrijfsnummer:<\/strong> 1176807577<br \/><strong>Hoofd publicatie:<\/strong> Andrea Mcgeachin<br \/><strong>Hosting:<\/strong> WP Serveur 134, Avenue du pr\u00e9sident Wilson &#8211; 93100 Montreuil &#8211; FRANCE<\/p>\n<p style=\"text-align: justify;\">De digitale wallets en diensten WagerWallet en DigitalCash van Neosurf worden aangeboden door Community Federal Savings Bank. De tegoeden in uw wallet-account zijn niet verzekerd door de FDIC.<\/p>\n<p>[\/et_pb_text][et_pb_text admin_label=&#8221;LEGAL NEOSURF INC&#8221; _builder_version=&#8221;4.22.0&#8243; _module_preset=&#8221;default&#8221; hover_enabled=&#8221;0&#8243; global_colors_info=&#8221;{}&#8221; neo_surf_79714=&#8221;on&#8221; sticky_enabled=&#8221;0&#8243;]<\/p>\n<p style=\"text-align: left;\"><strong>JURIDISCHE OPMERKINGEN<br \/><\/strong><strong>Hoofdkantoor:<\/strong> Neosurf INC <br \/><strong>BEDRIJFSNUMMER:<\/strong> (bedrijfsregistratie in behandeling)<br \/><strong>Hoofd publicatie:<\/strong> Andrea Mcgeachin<br \/><strong>Hosting:<\/strong> WP Serveur 134, Avenue du pr\u00e9sident Wilson &#8211; 93100 Montreuil &#8211; FRANKRIJK<\/p>\n<p style=\"text-align: justify;\">De digitale wallets en diensten WagerWallet en DigitalCash van Neosurf worden aangeboden door Community Federal Savings Bank. De tegoeden in uw wallet-account zijn niet verzekerd door de FDIC.<\/p>\n<p>[\/et_pb_text][et_pb_text admin_label=&#8221;LEGAL SAFE VOUCHER AG&#8221; _builder_version=&#8221;4.22.0&#8243; _module_preset=&#8221;default&#8221; hover_enabled=&#8221;0&#8243; global_colors_info=&#8221;{}&#8221; neo_surf_79757=&#8221;on&#8221; sticky_enabled=&#8221;0&#8243;]<\/p>\n<p style=\"text-align: left;\"><strong>JURIDISCHE OPMERKINGEN<br \/><\/strong><strong>Hoofdkantoor:<\/strong> Neosurf INC <br \/><strong>Company NUMBER:<\/strong> CHE-291.042.536.<br \/><strong>Hoofd publicatie:<\/strong> Andrea Mcgeachin<br \/><strong>Hosting:<\/strong> WP Serveur 134, Avenue du pr\u00e9sident Wilson &#8211; 93100 Montreuil &#8211; FRANCE<\/p>\n<p style=\"text-align: justify;\">De digitale wallets en diensten WagerWallet en DigitalCash van Neosurf worden aangeboden door Community Federal Savings Bank. De tegoeden in uw wallet-account zijn niet verzekerd door de FDIC.<\/p>\n<p>[\/et_pb_text][\/et_pb_column][et_pb_column type=&#8221;1_2&#8243; _builder_version=&#8221;4.16&#8243; global_colors_info=&#8221;{}&#8221;][\/et_pb_column][\/et_pb_row][\/et_pb_section]<\/p>\n","protected":false},"excerpt":{"rendered":"<p>Neosurf is een betalingsdienst die in de EU wordt aangeboden door NS Cards France SAS.Neosurf is een betalingsdienst die in het Verenigd Koninkrijk wordt aangeboden door Safe Voucher LTD.Neosurf is een betaaldienst die wordt aangeboden in Canada, Argentini\u00eb, Australi\u00eb, Bolivia, Brazili\u00eb, Kameroen, Chili, Colombia, Costa Rica, Dominica, Dominicaanse Republiek, Ecuador, Fiji, Filippijnen, Grenada, Guatemala, Ha\u00efti, [&hellip;]<\/p>\n","protected":false},"author":2,"featured_media":0,"parent":0,"menu_order":0,"comment_status":"closed","ping_status":"closed","template":"","meta":{"_acf_changed":false,"_et_pb_use_builder":"on","_et_pb_old_content":"","_et_gb_content_width":"","footnotes":""},"class_list":["post-67657","page","type-page","status-publish","hentry"],"acf":[],"yoast_head":"<!-- This site is optimized with the Yoast SEO plugin v26.4 - https:\/\/yoast.com\/wordpress\/plugins\/seo\/ -->\n<title>Over ons<\/title>\n<meta name=\"robots\" content=\"index, follow, max-snippet:-1, max-image-preview:large, max-video-preview:-1\" \/>\n<link rel=\"canonical\" href=\"https:\/\/www.neosurf.com\/nl\/over-ons\/\" \/>\n<meta property=\"og:locale\" content=\"nl_NL\" \/>\n<meta property=\"og:type\" content=\"article\" \/>\n<meta property=\"og:title\" content=\"Over ons\" \/>\n<meta property=\"og:description\" content=\"Neosurf is een betalingsdienst die in de EU wordt aangeboden door NS Cards France SAS.Neosurf is een betalingsdienst die in het Verenigd Koninkrijk wordt aangeboden door Safe Voucher LTD.Neosurf is een betaaldienst die wordt aangeboden in Canada, Argentini\u00eb, Australi\u00eb, Bolivia, Brazili\u00eb, Kameroen, Chili, Colombia, Costa Rica, Dominica, Dominicaanse Republiek, Ecuador, Fiji, Filippijnen, Grenada, Guatemala, Ha\u00efti, [&hellip;]\" \/>\n<meta property=\"og:site_name\" content=\"Neosurf\" \/>\n<meta property=\"article:modified_time\" content=\"2025-09-04T10:51:55+00:00\" \/>\n<meta name=\"twitter:card\" content=\"summary_large_image\" \/>\n<meta name=\"twitter:label1\" content=\"Geschatte leestijd\" \/>\n\t<meta name=\"twitter:data1\" content=\"3 minuten\" \/>\n<script type=\"application\/ld+json\" class=\"yoast-schema-graph\">{\"@context\":\"https:\/\/schema.org\",\"@graph\":[{\"@type\":\"WebPage\",\"@id\":\"https:\/\/www.neosurf.com\/nl\/over-ons\/\",\"url\":\"https:\/\/www.neosurf.com\/nl\/over-ons\/\",\"name\":\"Over ons\",\"isPartOf\":{\"@id\":\"https:\/\/www.neosurf.com\/nl\/#website\"},\"datePublished\":\"2021-02-04T07:22:53+00:00\",\"dateModified\":\"2025-09-04T10:51:55+00:00\",\"breadcrumb\":{\"@id\":\"https:\/\/www.neosurf.com\/nl\/over-ons\/#breadcrumb\"},\"inLanguage\":\"nl-NL\",\"potentialAction\":[{\"@type\":\"ReadAction\",\"target\":[\"https:\/\/www.neosurf.com\/nl\/over-ons\/\"]}]},{\"@type\":\"BreadcrumbList\",\"@id\":\"https:\/\/www.neosurf.com\/nl\/over-ons\/#breadcrumb\",\"itemListElement\":[{\"@type\":\"ListItem\",\"position\":1,\"name\":\"Home\",\"item\":\"https:\/\/www.neosurf.com\/nl\/\"},{\"@type\":\"ListItem\",\"position\":2,\"name\":\"Over ons\"}]},{\"@type\":\"WebSite\",\"@id\":\"https:\/\/www.neosurf.com\/nl\/#website\",\"url\":\"https:\/\/www.neosurf.com\/nl\/\",\"name\":\"Neosurf\",\"description\":\"So Simple to Pay &amp; Play\",\"potentialAction\":[{\"@type\":\"SearchAction\",\"target\":{\"@type\":\"EntryPoint\",\"urlTemplate\":\"https:\/\/www.neosurf.com\/nl\/?s={search_term_string}\"},\"query-input\":{\"@type\":\"PropertyValueSpecification\",\"valueRequired\":true,\"valueName\":\"search_term_string\"}}],\"inLanguage\":\"nl-NL\"}]}<\/script>\n<!-- \/ Yoast SEO plugin. -->","yoast_head_json":{"title":"Over ons","robots":{"index":"index","follow":"follow","max-snippet":"max-snippet:-1","max-image-preview":"max-image-preview:large","max-video-preview":"max-video-preview:-1"},"canonical":"https:\/\/www.neosurf.com\/nl\/over-ons\/","og_locale":"nl_NL","og_type":"article","og_title":"Over ons","og_description":"Neosurf is een betalingsdienst die in de EU wordt aangeboden door NS Cards France SAS.Neosurf is een betalingsdienst die in het Verenigd Koninkrijk wordt aangeboden door Safe Voucher LTD.Neosurf is een betaaldienst die wordt aangeboden in Canada, Argentini\u00eb, Australi\u00eb, Bolivia, Brazili\u00eb, Kameroen, Chili, Colombia, Costa Rica, Dominica, Dominicaanse Republiek, Ecuador, Fiji, Filippijnen, Grenada, Guatemala, Ha\u00efti, [&hellip;]","og_site_name":"Neosurf","article_modified_time":"2025-09-04T10:51:55+00:00","twitter_card":"summary_large_image","twitter_misc":{"Geschatte leestijd":"3 minuten"},"schema":{"@context":"https:\/\/schema.org","@graph":[{"@type":"WebPage","@id":"https:\/\/www.neosurf.com\/nl\/over-ons\/","url":"https:\/\/www.neosurf.com\/nl\/over-ons\/","name":"Over ons","isPartOf":{"@id":"https:\/\/www.neosurf.com\/nl\/#website"},"datePublished":"2021-02-04T07:22:53+00:00","dateModified":"2025-09-04T10:51:55+00:00","breadcrumb":{"@id":"https:\/\/www.neosurf.com\/nl\/over-ons\/#breadcrumb"},"inLanguage":"nl-NL","potentialAction":[{"@type":"ReadAction","target":["https:\/\/www.neosurf.com\/nl\/over-ons\/"]}]},{"@type":"BreadcrumbList","@id":"https:\/\/www.neosurf.com\/nl\/over-ons\/#breadcrumb","itemListElement":[{"@type":"ListItem","position":1,"name":"Home","item":"https:\/\/www.neosurf.com\/nl\/"},{"@type":"ListItem","position":2,"name":"Over ons"}]},{"@type":"WebSite","@id":"https:\/\/www.neosurf.com\/nl\/#website","url":"https:\/\/www.neosurf.com\/nl\/","name":"Neosurf","description":"So Simple to Pay &amp; Play","potentialAction":[{"@type":"SearchAction","target":{"@type":"EntryPoint","urlTemplate":"https:\/\/www.neosurf.com\/nl\/?s={search_term_string}"},"query-input":{"@type":"PropertyValueSpecification","valueRequired":true,"valueName":"search_term_string"}}],"inLanguage":"nl-NL"}]}},"_links":{"self":[{"href":"https:\/\/www.neosurf.com\/nl\/wp-json\/wp\/v2\/pages\/67657","targetHints":{"allow":["GET"]}}],"collection":[{"href":"https:\/\/www.neosurf.com\/nl\/wp-json\/wp\/v2\/pages"}],"about":[{"href":"https:\/\/www.neosurf.com\/nl\/wp-json\/wp\/v2\/types\/page"}],"author":[{"embeddable":true,"href":"https:\/\/www.neosurf.com\/nl\/wp-json\/wp\/v2\/users\/2"}],"replies":[{"embeddable":true,"href":"https:\/\/www.neosurf.com\/nl\/wp-json\/wp\/v2\/comments?post=67657"}],"version-history":[{"count":3,"href":"https:\/\/www.neosurf.com\/nl\/wp-json\/wp\/v2\/pages\/67657\/revisions"}],"predecessor-version":[{"id":79803,"href":"https:\/\/www.neosurf.com\/nl\/wp-json\/wp\/v2\/pages\/67657\/revisions\/79803"}],"wp:attachment":[{"href":"https:\/\/www.neosurf.com\/nl\/wp-json\/wp\/v2\/media?parent=67657"}],"curies":[{"name":"wp","href":"https:\/\/api.w.org\/{rel}","templated":true}]}}