{"id":77708,"date":"2024-10-31T09:21:18","date_gmt":"2024-10-31T09:21:18","guid":{"rendered":"https:\/\/www.neosurf.com\/sostenere-le-vostre-esigenze\/"},"modified":"2024-10-31T09:21:24","modified_gmt":"2024-10-31T09:21:24","slug":"sostenere-le-vostre-esigenze","status":"publish","type":"page","link":"https:\/\/www.neosurf.com\/it\/sostenere-le-vostre-esigenze\/","title":{"rendered":"Sostenere le vostre esigenze"},"content":{"rendered":"<p>[et_pb_section fb_built=&#8221;1&#8243; _builder_version=&#8221;4.22.0&#8243; background_color=&#8221;#37385B&#8221; background_enable_image=&#8221;off&#8221; parallax=&#8221;on&#8221; da_disable_devices=&#8221;off|off|off&#8221; global_colors_info=&#8221;{}&#8221; da_is_popup=&#8221;off&#8221; da_exit_intent=&#8221;off&#8221; da_has_close=&#8221;on&#8221; da_alt_close=&#8221;off&#8221; da_dark_close=&#8221;off&#8221; da_not_modal=&#8221;on&#8221; da_is_singular=&#8221;off&#8221; da_with_loader=&#8221;off&#8221; da_has_shadow=&#8221;on&#8221;][et_pb_row _builder_version=&#8221;4.22.0&#8243; global_colors_info=&#8221;{}&#8221;][et_pb_column type=&#8221;4_4&#8243; _builder_version=&#8221;4.16&#8243; background_color=&#8221;#ffffff&#8221; custom_padding=&#8221;30px|30px|30px|30px|true|true&#8221; border_radii=&#8221;on|5px|5px|5px|5px&#8221; border_color_all=&#8221;#212853&#8243; border_width_left=&#8221;10px&#8221; border_color_left=&#8221;#E72582&#8243; box_shadow_style=&#8221;preset3&#8243; global_colors_info=&#8221;{}&#8221;][et_pb_text disabled_on=&#8221;on|on|on&#8221; admin_label=&#8221;Intro NS PAYMENT TECH&#8221; module_class=&#8221;ns-payment-tech&#8221; _builder_version=&#8221;4.22.0&#8243; _module_preset=&#8221;default&#8221; disabled=&#8221;on&#8221; global_colors_info=&#8221;{}&#8221;]<\/p>\n<p><strong>Neosurf is a payment service provided in Canada, Argentina, Australia, Bolivia, Brazil, Cameroon, Chile, Colombia, Costa Rica, Dominica, Dominican Republic, Ecuador, Fiji, Philippines, Grenada, Guatemala, Haiti, Honduras, Jamaica, Mexico, New Zealand, Nicaragua, Papua New Guinea, Paraguay, Peru, South Africa, Uruguay by NS Payment Technologies Inc.<\/strong><\/p>\n<p>[\/et_pb_text][et_pb_text disabled_on=&#8221;on|on|on&#8221; admin_label=&#8221;Intro NEOSURF INC&#8221; module_class=&#8221;neosurf-inc&#8221; _builder_version=&#8221;4.22.0&#8243; _module_preset=&#8221;default&#8221; disabled=&#8221;on&#8221; global_colors_info=&#8221;{}&#8221;]<\/p>\n<p><strong>Neosurf is a payment service provided in USA by Neosurf INC.<\/strong><\/p>\n<p>[\/et_pb_text][et_pb_heading title=&#8221;Sostenere le vostre esigenze&#8221; _builder_version=&#8221;4.22.0&#8243; _module_preset=&#8221;default&#8221; title_text_color=&#8221;#E72582&#8243; global_colors_info=&#8221;{}&#8221;][\/et_pb_heading][et_pb_text admin_label=&#8221;PRESENTATION&#8221; module_class=&#8221;regionall&#8221; _builder_version=&#8221;4.22.0&#8243; header_2_font=&#8221;Open Sans||||||||&#8221; header_2_text_color=&#8221;#212853&#8243; global_colors_info=&#8221;{}&#8221;]<\/p>\n<p style=\"text-align: justify;\">Noi di Neosurf ci impegniamo a garantire che tutti i nostri clienti, in particolare quelli che possono essere a rischio, ricevano un trattamento equo e il supporto adeguato.<\/p>\n<p>Il nostro team di assistenza clienti \u00e8 a disposizione per fornire assistenza, ma siamo consapevoli che a volte organizzazioni specializzate di terzi possono essere pi\u00f9 adatte a soddisfare le vostre esigenze.<\/p>\n<p>Se vi trovate nel Regno Unito, ecco alcune risorse che potrebbero esservi utili. Se siete altrove, vi consigliamo di cercare il supporto delle organizzazioni locali.<\/p>\n<p>Siate certi che qualsiasi richiesta di informazioni da parte di clienti in difficolt\u00e0 sar\u00e0 gestita in modo confidenziale, nel rispetto della vostra privacy e dignit\u00e0.<\/p>\n<p>[\/et_pb_text][et_pb_divider _builder_version=&#8221;4.22.0&#8243; _module_preset=&#8221;default&#8221; custom_margin=&#8221;||1px|||&#8221; global_colors_info=&#8221;{}&#8221;][\/et_pb_divider][et_pb_heading title=&#8221;Supporto al gioco d&#8217;azzardo&#8221; _builder_version=&#8221;4.22.0&#8243; _module_preset=&#8221;default&#8221; title_level=&#8221;h3&#8243; title_font=&#8221;|700|||||||&#8221; title_text_color=&#8221;#212853&#8243; locked=&#8221;off&#8221; global_colors_info=&#8221;{}&#8221;][\/et_pb_heading][et_pb_text admin_label=&#8221;PRESENTATION&#8221; module_class=&#8221;regionall&#8221; _builder_version=&#8221;4.22.0&#8243; header_2_font=&#8221;Open Sans||||||||&#8221; header_2_text_color=&#8221;#212853&#8243; global_colors_info=&#8221;{}&#8221;]<\/p>\n<p><span style=\"font-weight: 400;\">Il gioco d&#8217;azzardo pu\u00f2 essere piacevole, ma \u00e8 importante essere consapevoli dei rischi per il proprio benessere finanziario ed emotivo. Se vi ritrovate a spendere pi\u00f9 del previsto, a sentirvi in colpa per il gioco o a prendere in prestito denaro per giocare, questi potrebbero essere i segni di un problema in via di sviluppo.<\/span><\/p>\n<p><b>Consigli per un gioco d&#8217;azzardo responsabile:<\/b><\/p>\n<ul>\n<li style=\"font-weight: 400;\" aria-level=\"1\"><span style=\"font-weight: 400;\">Utilizzate un metodo di pagamento prepagato come Neosurf per limitare le spese, evitando di usare le carte di credito.<\/span><\/li>\n<li style=\"font-weight: 400;\" aria-level=\"1\"><span style=\"font-weight: 400;\">Esaminate regolarmente i vostri estratti conto e la cronologia delle transazioni per individuare eventuali schemi anomali.<\/span><\/li>\n<li style=\"font-weight: 400;\" aria-level=\"1\"><span style=\"font-weight: 400;\">Stabilite un budget per assicurarvi di non spendere oltre le vostre possibilit\u00e0.<\/span><\/li>\n<\/ul>\n<p><b>Ulteriore supporto:<\/b><span style=\"font-weight: 400;\"> Per un aiuto relativo al gioco d&#8217;azzardo, \u00e8 possibile contattare:<\/span><\/p>\n<ul>\n<li style=\"font-weight: 400;\" aria-level=\"1\"><a href=\"https:\/\/www.gamcare.org.uk\/\"><span style=\"font-weight: 400;\">GamCare<\/span><\/a><\/li>\n<li style=\"font-weight: 400;\" aria-level=\"1\"><a href=\"https:\/\/www.gambleaware.org\/\"><span style=\"font-weight: 400;\">Gioco d&#8217;azzardo consapevole<\/span><\/a><\/li>\n<\/ul>\n<p><span style=\"font-weight: 400;\">Per il supporto alla salute mentale:<\/span><\/p>\n<ul>\n<li style=\"font-weight: 400;\" aria-level=\"1\"><a href=\"https:\/\/www.mind.org.uk\/\"><span style=\"font-weight: 400;\">Mente<\/span><\/a><\/li>\n<li style=\"font-weight: 400;\" aria-level=\"1\"><a href=\"https:\/\/www.samaritans.org\/\"><span style=\"font-weight: 400;\">Samaritani<\/span><\/a><\/li>\n<\/ul>\n<p><span style=\"font-weight: 400;\">Se le difficolt\u00e0 finanziarie si ripercuotono su di voi:<\/span><\/p>\n<ul>\n<li style=\"font-weight: 400;\" aria-level=\"1\"><a href=\"https:\/\/www.turn2us.org.uk\/\"><span style=\"font-weight: 400;\">Turn2us<\/span><\/a><\/li>\n<li style=\"font-weight: 400;\" aria-level=\"1\"><a href=\"https:\/\/www.stepchange.org\/\"><span style=\"font-weight: 400;\">Cambiamento di passo<\/span><\/a><\/li>\n<\/ul>\n<p><span style=\"font-weight: 400;\">Il nostro team di assistenza clienti \u00e8 sempre disponibile per guidarvi verso le risorse appropriate. Ricordate che non siete soli: l&#8217;aiuto \u00e8 disponibile.<\/span><\/p>\n<p><i><span style=\"font-weight: 400;\"><strong>Disclaimer:<\/strong> Queste informazioni sono di carattere generale e non sostituiscono la consulenza medica professionale. In caso di dipendenza dal gioco d&#8217;azzardo o di problemi di salute mentale, rivolgersi a un operatore sanitario qualificato.<\/span><\/i><\/p>\n<p>[\/et_pb_text][et_pb_divider _builder_version=&#8221;4.22.0&#8243; _module_preset=&#8221;default&#8221; custom_margin=&#8221;||1px|||&#8221; global_colors_info=&#8221;{}&#8221;][\/et_pb_divider][et_pb_heading title=&#8221;Supporto per il gioco&#8221; _builder_version=&#8221;4.22.0&#8243; _module_preset=&#8221;default&#8221; title_level=&#8221;h3&#8243; title_font=&#8221;|700|||||||&#8221; title_text_color=&#8221;#212853&#8243; locked=&#8221;off&#8221; global_colors_info=&#8221;{}&#8221;][\/et_pb_heading][et_pb_text admin_label=&#8221;PRESENTATION&#8221; module_class=&#8221;regionall&#8221; _builder_version=&#8221;4.22.0&#8243; header_2_font=&#8221;Open Sans||||||||&#8221; header_2_text_color=&#8221;#212853&#8243; global_colors_info=&#8221;{}&#8221;]<\/p>\n<p><span style=\"font-weight: 400;\">Il gioco pu\u00f2 essere incredibilmente divertente, ma \u00e8 importante mantenere un equilibrio. Un eccesso di gioco pu\u00f2 influire sulla salute fisica, sul benessere mentale e sulle finanze.<\/span><\/p>\n<p><b>Consigli per un gioco sano:<\/b><\/p>\n<ul>\n<li style=\"font-weight: 400;\" aria-level=\"1\"><b>Stabilire dei limiti:<\/b><span style=\"font-weight: 400;\"> Definite limiti di tempo specifici per le sessioni di gioco e rispettateli.<\/span><\/li>\n<li style=\"font-weight: 400;\" aria-level=\"1\"><b>Fare delle pause:<\/b><span style=\"font-weight: 400;\"> Allontanatevi regolarmente dallo schermo per riposare gli occhi e fare stretching.<\/span><\/li>\n<li style=\"font-weight: 400;\" aria-level=\"1\"><b>Dare priorit\u00e0 al sonno:<\/b><span style=\"font-weight: 400;\"> Assicurarsi di dormire a sufficienza per mantenersi in salute fisicamente e mentalmente.<\/span><\/li>\n<li style=\"font-weight: 400;\" aria-level=\"1\"><b>Rimanere attivi:<\/b><span style=\"font-weight: 400;\"> Includere attivit\u00e0 fisiche nella propria routine per contrastare la sedentariet\u00e0 del gioco.<\/span><\/li>\n<li style=\"font-weight: 400;\" aria-level=\"1\"><b>Costruire relazioni:<\/b><span style=\"font-weight: 400;\"> Trascorrere del tempo di qualit\u00e0 con amici e familiari per mantenere i legami sociali.<\/span><\/li>\n<li style=\"font-weight: 400;\" aria-level=\"1\"><b>Cercare sostegno:<\/b><span style=\"font-weight: 400;\"> Rivolgetevi a chi sta lottando: l&#8217;aiuto \u00e8 disponibile.<\/span><\/li>\n<li style=\"font-weight: 400;\" aria-level=\"1\"><b>Gestire le finanze:<\/b><span style=\"font-weight: 400;\"> Stabilite un budget per le spese di gioco e rispettatelo.<\/span><\/li>\n<\/ul>\n<p><b>Supporto aggiuntivo:<\/b><span style=\"font-weight: 400;\"> Per assistenza relativa al gioco, \u00e8 possibile contattare:<\/span><\/p>\n<ul>\n<li style=\"font-weight: 400;\" aria-level=\"1\"><a href=\"https:\/\/www.cnwl.nhs.uk\/national-centre-gaming-disorders\"><span style=\"font-weight: 400;\">Centro nazionale per i disturbi del gioco d&#8217;azzardo<\/span><\/a><\/li>\n<\/ul>\n<p><span style=\"font-weight: 400;\">Per il supporto alla salute mentale:<\/span><\/p>\n<ul>\n<li style=\"font-weight: 400;\" aria-level=\"1\"><a href=\"https:\/\/www.mind.org.uk\/\"><span style=\"font-weight: 400;\">Mente<\/span><\/a><\/li>\n<li style=\"font-weight: 400;\" aria-level=\"1\"><a href=\"https:\/\/www.samaritans.org\/\"><span style=\"font-weight: 400;\">Samaritani<\/span><\/a><\/li>\n<\/ul>\n<p><span style=\"font-weight: 400;\">Per le sfide finanziarie:<\/span><\/p>\n<ul>\n<li style=\"font-weight: 400;\" aria-level=\"1\"><a href=\"https:\/\/www.turn2us.org.uk\/\"><span style=\"font-weight: 400;\">Turn2us<\/span><\/a><\/li>\n<li style=\"font-weight: 400;\" aria-level=\"1\"><a href=\"https:\/\/www.stepchange.org\/\"><span style=\"font-weight: 400;\">Cambiamento di passo<\/span><\/a><\/li>\n<\/ul>\n<p><span style=\"font-weight: 400;\">Se avete bisogno di ulteriore assistenza, contattate il nostro team di assistenza clienti. Non siete soli: il supporto \u00e8 a portata di clic.<\/span><\/p>\n<p><i><span style=\"font-weight: 400;\"><strong>Dichiarazione di non responsabilit\u00e0:<\/strong> Le informazioni fornite qui sono di carattere generale e non sostituiscono la consulenza medica professionale. Se si soffre di dipendenza da gioco o di altri problemi di salute mentale, \u00e8 bene consultare un operatore sanitario qualificato.<\/span><\/i><\/p>\n<p>[\/et_pb_text][et_pb_divider _builder_version=&#8221;4.22.0&#8243; _module_preset=&#8221;default&#8221; custom_margin=&#8221;||1px|||&#8221; global_colors_info=&#8221;{}&#8221;][\/et_pb_divider][et_pb_heading title=&#8221;SOSTEGNO ALL&#8217;INDUSTRIA DEGLI ADULTI&#8221; _builder_version=&#8221;4.22.0&#8243; _module_preset=&#8221;default&#8221; title_level=&#8221;h3&#8243; title_font=&#8221;|700|||||||&#8221; title_text_color=&#8221;#212853&#8243; locked=&#8221;off&#8221; global_colors_info=&#8221;{}&#8221;][\/et_pb_heading][et_pb_text admin_label=&#8221;PRESENTATION&#8221; module_class=&#8221;regionall&#8221; _builder_version=&#8221;4.22.0&#8243; header_2_font=&#8221;Open Sans||||||||&#8221; header_2_text_color=&#8221;#212853&#8243; global_colors_info=&#8221;{}&#8221;]<\/p>\n<p><span style=\"font-weight: 400;\">Riconosciamo l&#8217;importanza di fornire servizi finanziari sicuri e accessibili agli individui che lavorano nell&#8217;industria degli adulti. Oltre a offrire soluzioni di pagamento, crediamo anche nel sostegno al vostro benessere.<\/span><\/p>\n<p><b>I NOSTRI CONSIGLI:<\/b><\/p>\n<ul>\n<li style=\"font-weight: 400;\" aria-level=\"1\"><b>Utilizzate metodi di pagamento sicuri:<\/b><span style=\"font-weight: 400;\"> Neosurf garantisce un modo discreto e sicuro di gestire le vostre finanze.<\/span><\/li>\n<li style=\"font-weight: 400;\" aria-level=\"1\"><b>Tenere traccia delle proprie finanze:<\/b><span style=\"font-weight: 400;\"> Esaminate regolarmente la cronologia delle transazioni e stabilite un budget per gestire efficacemente il vostro denaro.<\/span><\/li>\n<li style=\"font-weight: 400;\" aria-level=\"1\"><b>Cercare aiuto quando \u00e8 necessario:<\/b><span style=\"font-weight: 400;\"> \u00c8 importante dare priorit\u00e0 al proprio benessere mentale ed emotivo. Chiedete aiuto se vi sentite sopraffatti.<\/span><\/li>\n<\/ul>\n<p>[\/et_pb_text][et_pb_divider _builder_version=&#8221;4.22.0&#8243; _module_preset=&#8221;default&#8221; custom_margin=&#8221;||1px|||&#8221; global_colors_info=&#8221;{}&#8221;][\/et_pb_divider][et_pb_heading title=&#8221;SUPPORTO AGGIUNTIVO&#8221; _builder_version=&#8221;4.22.0&#8243; _module_preset=&#8221;default&#8221; title_level=&#8221;h3&#8243; title_font=&#8221;|700|||||||&#8221; title_text_color=&#8221;#212853&#8243; locked=&#8221;off&#8221; global_colors_info=&#8221;{}&#8221;][\/et_pb_heading][et_pb_text admin_label=&#8221;PRESENTATION&#8221; module_class=&#8221;regionall&#8221; _builder_version=&#8221;4.22.0&#8243; header_2_font=&#8221;Open Sans||||||||&#8221; header_2_text_color=&#8221;#212853&#8243; global_colors_info=&#8221;{}&#8221;]<\/p>\n<p><b>Supporto Ananas<\/b><span style=\"font-weight: 400;\"><br \/><\/span><a href=\"https:\/\/pineapplesupport.org\/\"><span style=\"font-weight: 400;\">Pineapple Support<\/span><\/a><span style=\"font-weight: 400;\"> offre sostegno e terapia per la salute mentale a persone che lavorano nell&#8217;industria degli adulti. I loro servizi sono gratuiti o sovvenzionati e coprono un&#8217;ampia gamma di esigenze emotive e di salute mentale.<br \/><\/span><\/p>\n<p><b>Tazza Nazionale Brutta<\/b><span style=\"font-weight: 400;\"><br \/><\/span><a href=\"https:\/\/uglymugs.org\/\"><span style=\"font-weight: 400;\">National Ugly Mugs (NUM)<\/span><\/a><span style=\"font-weight: 400;\"> fornisce avvisi sui clienti pericolosi e aiuta le lavoratrici del sesso a segnalare gli incidenti.<\/span><\/p>\n<p><b>Unseen (Linea di assistenza per la schiavit\u00f9 moderna)<\/b><span style=\"font-weight: 400;\"><br \/><\/span><a href=\"https:\/\/www.unseenuk.org\/\"><span style=\"font-weight: 400;\">Unseen<\/span><\/a><span style=\"font-weight: 400;\"> gestisce la Helpline per la schiavit\u00f9 moderna del Regno Unito. \u00c8 possibile segnalare qualsiasi dubbio sullo sfruttamento direttamente attraverso la loro piattaforma.<\/span><\/p>\n<p><b>IncomeMax<\/b><span style=\"font-weight: 400;\"><br \/><\/span><a href=\"https:\/\/www.incomemax.org.uk\/\"><span style=\"font-weight: 400;\">IncomeMax<\/span><\/a><span style=\"font-weight: 400;\"> aiuta le persone a massimizzare il proprio reddito familiare identificando l&#8217;idoneit\u00e0 a ricevere sussidi e indennit\u00e0. Questo servizio pu\u00f2 essere particolarmente utile in caso di difficolt\u00e0 finanziarie.<\/span><\/p>\n<p><b>Stop the Traffik<\/b><span style=\"font-weight: 400;\"><br \/><\/span><a href=\"https:\/\/www.stopthetraffik.org\/\"><span style=\"font-weight: 400;\">Stop the Traffik<\/span><\/a><span style=\"font-weight: 400;\"> offre formazione e risorse per combattere lo sfruttamento e la tratta nell&#8217;industria degli adulti.<\/span><\/p>\n<p>[\/et_pb_text][et_pb_divider _builder_version=&#8221;4.22.0&#8243; _module_preset=&#8221;default&#8221; custom_margin=&#8221;||1px|||&#8221; global_colors_info=&#8221;{}&#8221;][\/et_pb_divider][et_pb_heading title=&#8221;CONTATTATECI PER ULTERIORE ASSISTENZA&#8221; _builder_version=&#8221;4.22.0&#8243; _module_preset=&#8221;default&#8221; title_level=&#8221;h3&#8243; title_font=&#8221;|700|||||||&#8221; title_text_color=&#8221;#212853&#8243; locked=&#8221;off&#8221; global_colors_info=&#8221;{}&#8221;][\/et_pb_heading][et_pb_text admin_label=&#8221;PRESENTATION&#8221; module_class=&#8221;regionall&#8221; _builder_version=&#8221;4.22.0&#8243; header_2_font=&#8221;Open Sans||||||||&#8221; header_2_text_color=&#8221;#212853&#8243; global_colors_info=&#8221;{}&#8221;]<\/p>\n<p>Se avete bisogno di ulteriore supporto o guida, il nostro servizio clienti \u00e8 a vostra disposizione per aiutarvi a trovare le risorse giuste. Ricordate che non siete soli. L&#8217;aiuto \u00e8 disponibile ed \u00e8 giusto chiederlo.<\/p>\n<p>[\/et_pb_text][et_pb_divider _builder_version=&#8221;4.22.0&#8243; _module_preset=&#8221;default&#8221; custom_margin=&#8221;||1px|||&#8221; global_colors_info=&#8221;{}&#8221;][\/et_pb_divider][et_pb_text admin_label=&#8221;PRESENTATION&#8221; module_class=&#8221;regionall&#8221; _builder_version=&#8221;4.22.0&#8243; header_2_font=&#8221;Open Sans||||||||&#8221; header_2_text_color=&#8221;#212853&#8243; global_colors_info=&#8221;{}&#8221;]<\/p>\n<p><strong>Esclusione di responsabilit\u00e0:<\/strong> le informazioni fornite qui sono solo a scopo generale e non costituiscono una consulenza professionale. Se avete problemi di salute mentale o ritenete di essere a rischio, consultate un professionista qualificato.<\/p>\n<p>[\/et_pb_text][et_pb_text admin_label=&#8221;LEGAL NS PAYMENT TECH&#8221; module_class=&#8221;ns-payment-tech&#8221; _builder_version=&#8221;4.22.0&#8243; _module_preset=&#8221;default&#8221; global_colors_info=&#8221;{}&#8221;]<\/p>\n<p style=\"text-align: justify;\"><strong>LEGALS NOTICES<\/strong><br \/><strong>Head office:<\/strong> NS Payment Tech INC, 4388 Rue Saint-Denis, Suite 200, Montreal, QC H2J 2L1<br \/><strong>Company NUMBER:<\/strong> 1176807577<br \/><strong>Head of Publication:<\/strong> Andrea Mcgeachin<br \/><strong>Hosting:<\/strong> The service provider ensuring the direct and permanent storage of the Neosurf.com site is WP Serveur 134, Avenue du pr\u00e9sident Wilson \u2013 93100 Montreuil &#8211; FRANCE<\/p>\n<p style=\"text-align: justify;\">NS Payment Technologies Inc, is a company registered in Quebec, Canada under Company Number 1176807577, trading as Neosurf in Canada and registered as an MSB with FINTRAC (Financial Transactions and Reports Analysis Centre of Canada) registration number M23965850 and which operates across in Canada, Australia and New Zealand<\/p>\n<p>[\/et_pb_text][et_pb_text admin_label=&#8221;LEGAL NEOSURF INC&#8221; module_class=&#8221;neosurf-inc&#8221; _builder_version=&#8221;4.22.0&#8243; _module_preset=&#8221;default&#8221; global_colors_info=&#8221;{}&#8221;]<\/p>\n<p style=\"text-align: justify;\"><strong>LEGALS NOTICES<\/strong><br \/><strong>Head office:<\/strong> Neosurf INC (address registration in progress)<br \/><strong>Company NUMBER:<\/strong> (company registration in progress)<br \/><strong>Head of Publication:<\/strong> Andrea Mcgeachin<br \/><strong>Hosting:<\/strong> The service provider ensuring the direct and permanent storage of the Neosurf.com site is WP Serveur 134, Avenue du pr\u00e9sident Wilson \u2013 93100 Montreuil &#8211; FRANCE<\/p>\n<p style=\"text-align: justify;\">(EML in progress)<\/p>\n<p>[\/et_pb_text][\/et_pb_column][\/et_pb_row][\/et_pb_section]<\/p>\n","protected":false},"excerpt":{"rendered":"<p>Neosurf is a payment service provided in Canada, Argentina, Australia, Bolivia, Brazil, Cameroon, Chile, Colombia, Costa Rica, Dominica, Dominican Republic, Ecuador, Fiji, Philippines, Grenada, Guatemala, Haiti, Honduras, Jamaica, Mexico, New Zealand, Nicaragua, Papua New Guinea, Paraguay, Peru, South Africa, Uruguay by NS Payment Technologies Inc.Neosurf is a payment service provided in USA by Neosurf INC.Noi [&hellip;]<\/p>\n","protected":false},"author":3,"featured_media":0,"parent":0,"menu_order":0,"comment_status":"closed","ping_status":"closed","template":"","meta":{"_acf_changed":false,"_et_pb_use_builder":"on","_et_pb_old_content":"","_et_gb_content_width":"","footnotes":""},"class_list":["post-77708","page","type-page","status-publish","hentry"],"acf":[],"yoast_head":"<!-- This site is optimized with the Yoast SEO plugin v26.4 - https:\/\/yoast.com\/wordpress\/plugins\/seo\/ -->\n<title>Sostenere le vostre esigenze<\/title>\n<meta name=\"robots\" content=\"index, follow, max-snippet:-1, max-image-preview:large, max-video-preview:-1\" \/>\n<link rel=\"canonical\" href=\"https:\/\/www.neosurf.com\/it\/sostenere-le-vostre-esigenze\/\" \/>\n<meta property=\"og:locale\" content=\"it_IT\" \/>\n<meta property=\"og:type\" content=\"article\" \/>\n<meta property=\"og:title\" content=\"Sostenere le vostre esigenze\" \/>\n<meta property=\"og:description\" content=\"Neosurf is a payment service provided in Canada, Argentina, Australia, Bolivia, Brazil, Cameroon, Chile, Colombia, Costa Rica, Dominica, Dominican Republic, Ecuador, Fiji, Philippines, Grenada, Guatemala, Haiti, Honduras, Jamaica, Mexico, New Zealand, Nicaragua, Papua New Guinea, Paraguay, Peru, South Africa, Uruguay by NS Payment Technologies Inc.Neosurf is a payment service provided in USA by Neosurf INC.Noi [&hellip;]\" \/>\n<meta property=\"og:site_name\" content=\"Neosurf\" \/>\n<meta property=\"article:modified_time\" content=\"2024-10-31T09:21:24+00:00\" \/>\n<meta name=\"twitter:card\" content=\"summary_large_image\" \/>\n<meta name=\"twitter:label1\" content=\"Tempo di lettura stimato\" \/>\n\t<meta name=\"twitter:data1\" content=\"8 minuti\" \/>\n<script type=\"application\/ld+json\" class=\"yoast-schema-graph\">{\"@context\":\"https:\/\/schema.org\",\"@graph\":[{\"@type\":\"WebPage\",\"@id\":\"https:\/\/www.neosurf.com\/it\/sostenere-le-vostre-esigenze\/\",\"url\":\"https:\/\/www.neosurf.com\/it\/sostenere-le-vostre-esigenze\/\",\"name\":\"Sostenere le vostre esigenze\",\"isPartOf\":{\"@id\":\"https:\/\/www.neosurf.com\/it\/#website\"},\"datePublished\":\"2024-10-31T09:21:18+00:00\",\"dateModified\":\"2024-10-31T09:21:24+00:00\",\"breadcrumb\":{\"@id\":\"https:\/\/www.neosurf.com\/it\/sostenere-le-vostre-esigenze\/#breadcrumb\"},\"inLanguage\":\"it-IT\",\"potentialAction\":[{\"@type\":\"ReadAction\",\"target\":[\"https:\/\/www.neosurf.com\/it\/sostenere-le-vostre-esigenze\/\"]}]},{\"@type\":\"BreadcrumbList\",\"@id\":\"https:\/\/www.neosurf.com\/it\/sostenere-le-vostre-esigenze\/#breadcrumb\",\"itemListElement\":[{\"@type\":\"ListItem\",\"position\":1,\"name\":\"Home\",\"item\":\"https:\/\/www.neosurf.com\/it\/\"},{\"@type\":\"ListItem\",\"position\":2,\"name\":\"Sostenere le vostre esigenze\"}]},{\"@type\":\"WebSite\",\"@id\":\"https:\/\/www.neosurf.com\/it\/#website\",\"url\":\"https:\/\/www.neosurf.com\/it\/\",\"name\":\"Neosurf\",\"description\":\"So Simple to Pay &amp; Play\",\"potentialAction\":[{\"@type\":\"SearchAction\",\"target\":{\"@type\":\"EntryPoint\",\"urlTemplate\":\"https:\/\/www.neosurf.com\/it\/?s={search_term_string}\"},\"query-input\":{\"@type\":\"PropertyValueSpecification\",\"valueRequired\":true,\"valueName\":\"search_term_string\"}}],\"inLanguage\":\"it-IT\"}]}<\/script>\n<!-- \/ Yoast SEO plugin. -->","yoast_head_json":{"title":"Sostenere le vostre esigenze","robots":{"index":"index","follow":"follow","max-snippet":"max-snippet:-1","max-image-preview":"max-image-preview:large","max-video-preview":"max-video-preview:-1"},"canonical":"https:\/\/www.neosurf.com\/it\/sostenere-le-vostre-esigenze\/","og_locale":"it_IT","og_type":"article","og_title":"Sostenere le vostre esigenze","og_description":"Neosurf is a payment service provided in Canada, Argentina, Australia, Bolivia, Brazil, Cameroon, Chile, Colombia, Costa Rica, Dominica, Dominican Republic, Ecuador, Fiji, Philippines, Grenada, Guatemala, Haiti, Honduras, Jamaica, Mexico, New Zealand, Nicaragua, Papua New Guinea, Paraguay, Peru, South Africa, Uruguay by NS Payment Technologies Inc.Neosurf is a payment service provided in USA by Neosurf INC.Noi [&hellip;]","og_site_name":"Neosurf","article_modified_time":"2024-10-31T09:21:24+00:00","twitter_card":"summary_large_image","twitter_misc":{"Tempo di lettura stimato":"8 minuti"},"schema":{"@context":"https:\/\/schema.org","@graph":[{"@type":"WebPage","@id":"https:\/\/www.neosurf.com\/it\/sostenere-le-vostre-esigenze\/","url":"https:\/\/www.neosurf.com\/it\/sostenere-le-vostre-esigenze\/","name":"Sostenere le vostre esigenze","isPartOf":{"@id":"https:\/\/www.neosurf.com\/it\/#website"},"datePublished":"2024-10-31T09:21:18+00:00","dateModified":"2024-10-31T09:21:24+00:00","breadcrumb":{"@id":"https:\/\/www.neosurf.com\/it\/sostenere-le-vostre-esigenze\/#breadcrumb"},"inLanguage":"it-IT","potentialAction":[{"@type":"ReadAction","target":["https:\/\/www.neosurf.com\/it\/sostenere-le-vostre-esigenze\/"]}]},{"@type":"BreadcrumbList","@id":"https:\/\/www.neosurf.com\/it\/sostenere-le-vostre-esigenze\/#breadcrumb","itemListElement":[{"@type":"ListItem","position":1,"name":"Home","item":"https:\/\/www.neosurf.com\/it\/"},{"@type":"ListItem","position":2,"name":"Sostenere le vostre esigenze"}]},{"@type":"WebSite","@id":"https:\/\/www.neosurf.com\/it\/#website","url":"https:\/\/www.neosurf.com\/it\/","name":"Neosurf","description":"So Simple to Pay &amp; Play","potentialAction":[{"@type":"SearchAction","target":{"@type":"EntryPoint","urlTemplate":"https:\/\/www.neosurf.com\/it\/?s={search_term_string}"},"query-input":{"@type":"PropertyValueSpecification","valueRequired":true,"valueName":"search_term_string"}}],"inLanguage":"it-IT"}]}},"_links":{"self":[{"href":"https:\/\/www.neosurf.com\/it\/wp-json\/wp\/v2\/pages\/77708","targetHints":{"allow":["GET"]}}],"collection":[{"href":"https:\/\/www.neosurf.com\/it\/wp-json\/wp\/v2\/pages"}],"about":[{"href":"https:\/\/www.neosurf.com\/it\/wp-json\/wp\/v2\/types\/page"}],"author":[{"embeddable":true,"href":"https:\/\/www.neosurf.com\/it\/wp-json\/wp\/v2\/users\/3"}],"replies":[{"embeddable":true,"href":"https:\/\/www.neosurf.com\/it\/wp-json\/wp\/v2\/comments?post=77708"}],"version-history":[{"count":3,"href":"https:\/\/www.neosurf.com\/it\/wp-json\/wp\/v2\/pages\/77708\/revisions"}],"predecessor-version":[{"id":77744,"href":"https:\/\/www.neosurf.com\/it\/wp-json\/wp\/v2\/pages\/77708\/revisions\/77744"}],"wp:attachment":[{"href":"https:\/\/www.neosurf.com\/it\/wp-json\/wp\/v2\/media?parent=77708"}],"curies":[{"name":"wp","href":"https:\/\/api.w.org\/{rel}","templated":true}]}}