{"id":71159,"date":"2021-10-08T11:59:46","date_gmt":"2021-10-08T11:59:46","guid":{"rendered":"https:\/\/www.neosurf.com\/cookie-notice\/"},"modified":"2025-03-27T10:34:51","modified_gmt":"2025-03-27T10:34:51","slug":"cookie-notice","status":"publish","type":"page","link":"https:\/\/www.neosurf.com\/es\/cookie-notice\/","title":{"rendered":"Cookies"},"content":{"rendered":"<p>[et_pb_section fb_built=\u00bb1&#8243; _builder_version=\u00bb4.16&#8243; background_image=\u00bbhttps:\/\/www.neosurf.com\/wp-content\/uploads\/2020\/01\/BACKGROUND-Joggers.jpg\u00bb parallax=\u00bbon\u00bb parallax_method=\u00bboff\u00bb da_disable_devices=\u00bboff|off|off\u00bb global_colors_info=\u00bb{}\u00bb da_is_popup=\u00bboff\u00bb da_exit_intent=\u00bboff\u00bb da_has_close=\u00bbon\u00bb da_alt_close=\u00bboff\u00bb da_dark_close=\u00bboff\u00bb da_not_modal=\u00bbon\u00bb da_is_singular=\u00bboff\u00bb da_with_loader=\u00bboff\u00bb da_has_shadow=\u00bbon\u00bb][et_pb_row _builder_version=\u00bb4.16&#8243; global_colors_info=\u00bb{}\u00bb][et_pb_column type=\u00bb4_4&#8243; _builder_version=\u00bb4.16&#8243; background_color=\u00bb#ffffff\u00bb custom_padding=\u00bb30px|30px|30px|30px|true|true\u00bb border_radii=\u00bbon|5px|5px|5px|5px\u00bb border_color_all=\u00bb#212853&#8243; border_width_left=\u00bb10px\u00bb border_color_left=\u00bb#E72582&#8243; box_shadow_style=\u00bbpreset3&#8243; global_colors_info=\u00bb{}\u00bb][et_pb_text content_tablet=\u00bb<\/p>\n<h1>Gesti\u00f3n de la cookie de seguimiento de navegaci\u00f3n<\/h1>\n<p><iframe src=%22\/optout\/opt-out-neosurf.html%22 width=%22100%%22 height=%22200%22 frameborder=%220%22 allowfullscreen=%22%22><\/iframe><\/p>\n<h1>Gesti\u00f3n de la cookie de seguimiento WPServeur<\/h1>\n<p><iframe src=%22\/optout\/opt-out-wpserveur.html%22 width=%22100%%22 height=%22200%22 frameborder=%220%22 allowfullscreen=%22%22><\/iframe>\u00bb content_phone=\u00bb<\/p>\n<h1>Gesti\u00f3n de la cookie de seguimiento de navegaci\u00f3n<\/h1>\n<p><iframe src=%22\/optout\/opt-out-neosurf.html%22 width=%22100%%22 height=%22300%22 frameborder=%220%22 allowfullscreen=%22%22><\/iframe><\/p>\n<h1>Gesti\u00f3n de la cookie de seguimiento WPServeur<\/h1>\n<p><iframe src=%22\/optout\/opt-out-wpserveur.html%22 width=%22100%%22 height=%22300%22 frameborder=%220%22 allowfullscreen=%22%22><\/iframe>\u00bb content_last_edited=\u00bbon|desktop\u00bb _builder_version=\u00bb4.22.0&#8243; _module_preset=\u00bbdefault\u00bb global_colors_info=\u00bb{}\u00bb]<\/p>\n<h1>Gesti\u00f3n de la cookie de seguimiento de navegaci\u00f3n<\/h1>\n<p><iframe loading=\"lazy\" src=\"\/optout\/opt-out-neosurf.html\" width=\"100%\" height=\"200\" frameborder=\"0\" allowfullscreen=\"\"><\/iframe><\/p>\n<h1>Gesti\u00f3n de la cookie de seguimiento WPServeur<\/h1>\n<p><iframe loading=\"lazy\" src=\"\/optout\/opt-out-wpserveur.html\" width=\"100%\" height=\"200\" frameborder=\"0\" allowfullscreen=\"\"><\/iframe>[\/et_pb_text][\/et_pb_column][\/et_pb_row][\/et_pb_section]<\/p>\n","protected":false},"excerpt":{"rendered":"<p>Gesti\u00f3n de la cookie de seguimiento de navegaci\u00f3n Gesti\u00f3n de la cookie de seguimiento WPServeur<\/p>\n","protected":false},"author":2,"featured_media":0,"parent":0,"menu_order":0,"comment_status":"closed","ping_status":"closed","template":"","meta":{"_acf_changed":false,"_et_pb_use_builder":"on","_et_pb_old_content":"","_et_gb_content_width":"","footnotes":""},"class_list":["post-71159","page","type-page","status-publish","hentry"],"acf":[],"yoast_head":"<!-- This site is optimized with the Yoast SEO plugin v26.4 - https:\/\/yoast.com\/wordpress\/plugins\/seo\/ -->\n<title>Cookies<\/title>\n<meta name=\"robots\" content=\"noindex, follow\" \/>\n<meta property=\"og:locale\" content=\"es_ES\" \/>\n<meta property=\"og:type\" content=\"article\" \/>\n<meta property=\"og:title\" content=\"Cookies\" \/>\n<meta property=\"og:description\" content=\"Gesti\u00f3n de la cookie de seguimiento de navegaci\u00f3n Gesti\u00f3n de la cookie de seguimiento WPServeur\" \/>\n<meta property=\"og:site_name\" content=\"Neosurf\" \/>\n<meta property=\"article:modified_time\" content=\"2025-03-27T10:34:51+00:00\" \/>\n<meta name=\"twitter:card\" content=\"summary_large_image\" \/>\n<meta name=\"twitter:label1\" content=\"Tiempo de lectura\" \/>\n\t<meta name=\"twitter:data1\" content=\"1 minuto\" \/>\n<script type=\"application\/ld+json\" class=\"yoast-schema-graph\">{\"@context\":\"https:\/\/schema.org\",\"@graph\":[{\"@type\":\"WebPage\",\"@id\":\"https:\/\/www.neosurf.com\/es\/cookie-notice\/\",\"url\":\"https:\/\/www.neosurf.com\/es\/cookie-notice\/\",\"name\":\"Cookies\",\"isPartOf\":{\"@id\":\"https:\/\/www.neosurf.com\/es\/#website\"},\"datePublished\":\"2021-10-08T11:59:46+00:00\",\"dateModified\":\"2025-03-27T10:34:51+00:00\",\"breadcrumb\":{\"@id\":\"https:\/\/www.neosurf.com\/es\/cookie-notice\/#breadcrumb\"},\"inLanguage\":\"es\",\"potentialAction\":[{\"@type\":\"ReadAction\",\"target\":[\"https:\/\/www.neosurf.com\/es\/cookie-notice\/\"]}]},{\"@type\":\"BreadcrumbList\",\"@id\":\"https:\/\/www.neosurf.com\/es\/cookie-notice\/#breadcrumb\",\"itemListElement\":[{\"@type\":\"ListItem\",\"position\":1,\"name\":\"Home\",\"item\":\"https:\/\/www.neosurf.com\/es\/\"},{\"@type\":\"ListItem\",\"position\":2,\"name\":\"Cookies\"}]},{\"@type\":\"WebSite\",\"@id\":\"https:\/\/www.neosurf.com\/es\/#website\",\"url\":\"https:\/\/www.neosurf.com\/es\/\",\"name\":\"Neosurf\",\"description\":\"So Simple to Pay &amp; Play\",\"potentialAction\":[{\"@type\":\"SearchAction\",\"target\":{\"@type\":\"EntryPoint\",\"urlTemplate\":\"https:\/\/www.neosurf.com\/es\/?s={search_term_string}\"},\"query-input\":{\"@type\":\"PropertyValueSpecification\",\"valueRequired\":true,\"valueName\":\"search_term_string\"}}],\"inLanguage\":\"es\"}]}<\/script>\n<!-- \/ Yoast SEO plugin. -->","yoast_head_json":{"title":"Cookies","robots":{"index":"noindex","follow":"follow"},"og_locale":"es_ES","og_type":"article","og_title":"Cookies","og_description":"Gesti\u00f3n de la cookie de seguimiento de navegaci\u00f3n Gesti\u00f3n de la cookie de seguimiento WPServeur","og_site_name":"Neosurf","article_modified_time":"2025-03-27T10:34:51+00:00","twitter_card":"summary_large_image","twitter_misc":{"Tiempo de lectura":"1 minuto"},"schema":{"@context":"https:\/\/schema.org","@graph":[{"@type":"WebPage","@id":"https:\/\/www.neosurf.com\/es\/cookie-notice\/","url":"https:\/\/www.neosurf.com\/es\/cookie-notice\/","name":"Cookies","isPartOf":{"@id":"https:\/\/www.neosurf.com\/es\/#website"},"datePublished":"2021-10-08T11:59:46+00:00","dateModified":"2025-03-27T10:34:51+00:00","breadcrumb":{"@id":"https:\/\/www.neosurf.com\/es\/cookie-notice\/#breadcrumb"},"inLanguage":"es","potentialAction":[{"@type":"ReadAction","target":["https:\/\/www.neosurf.com\/es\/cookie-notice\/"]}]},{"@type":"BreadcrumbList","@id":"https:\/\/www.neosurf.com\/es\/cookie-notice\/#breadcrumb","itemListElement":[{"@type":"ListItem","position":1,"name":"Home","item":"https:\/\/www.neosurf.com\/es\/"},{"@type":"ListItem","position":2,"name":"Cookies"}]},{"@type":"WebSite","@id":"https:\/\/www.neosurf.com\/es\/#website","url":"https:\/\/www.neosurf.com\/es\/","name":"Neosurf","description":"So Simple to Pay &amp; Play","potentialAction":[{"@type":"SearchAction","target":{"@type":"EntryPoint","urlTemplate":"https:\/\/www.neosurf.com\/es\/?s={search_term_string}"},"query-input":{"@type":"PropertyValueSpecification","valueRequired":true,"valueName":"search_term_string"}}],"inLanguage":"es"}]}},"_links":{"self":[{"href":"https:\/\/www.neosurf.com\/es\/wp-json\/wp\/v2\/pages\/71159","targetHints":{"allow":["GET"]}}],"collection":[{"href":"https:\/\/www.neosurf.com\/es\/wp-json\/wp\/v2\/pages"}],"about":[{"href":"https:\/\/www.neosurf.com\/es\/wp-json\/wp\/v2\/types\/page"}],"author":[{"embeddable":true,"href":"https:\/\/www.neosurf.com\/es\/wp-json\/wp\/v2\/users\/2"}],"replies":[{"embeddable":true,"href":"https:\/\/www.neosurf.com\/es\/wp-json\/wp\/v2\/comments?post=71159"}],"version-history":[{"count":3,"href":"https:\/\/www.neosurf.com\/es\/wp-json\/wp\/v2\/pages\/71159\/revisions"}],"predecessor-version":[{"id":78705,"href":"https:\/\/www.neosurf.com\/es\/wp-json\/wp\/v2\/pages\/71159\/revisions\/78705"}],"wp:attachment":[{"href":"https:\/\/www.neosurf.com\/es\/wp-json\/wp\/v2\/media?parent=71159"}],"curies":[{"name":"wp","href":"https:\/\/api.w.org\/{rel}","templated":true}]}}