{"id":64588,"date":"2020-11-17T10:37:52","date_gmt":"2020-11-17T10:37:52","guid":{"rendered":"https:\/\/new.neosurf.com\/ueber-uns\/"},"modified":"2025-09-04T10:33:35","modified_gmt":"2025-09-04T10:33:35","slug":"ueber-uns","status":"publish","type":"page","link":"https:\/\/www.neosurf.com\/de\/ueber-uns\/","title":{"rendered":"\u00dcber uns"},"content":{"rendered":"<p>[et_pb_section fb_built=&#8220;1&#8243; _builder_version=&#8220;4.16&#8243; background_image=&#8220;https:\/\/www.neosurf.com\/wp-content\/uploads\/2020\/01\/BACKGROUND-Joggers.jpg&#8220; parallax=&#8220;on&#8220; da_disable_devices=&#8220;off|off|off&#8220; global_colors_info=&#8220;{}&#8220; da_is_popup=&#8220;off&#8220; da_exit_intent=&#8220;off&#8220; da_has_close=&#8220;on&#8220; da_alt_close=&#8220;off&#8220; da_dark_close=&#8220;off&#8220; da_not_modal=&#8220;on&#8220; da_is_singular=&#8220;off&#8220; da_with_loader=&#8220;off&#8220; da_has_shadow=&#8220;on&#8220;][et_pb_row column_structure=&#8220;1_2,1_2&#8243; _builder_version=&#8220;4.16&#8243; global_colors_info=&#8220;{}&#8220;][et_pb_column type=&#8220;1_2&#8243; _builder_version=&#8220;4.16&#8243; background_color=&#8220;#ffffff&#8220; custom_padding=&#8220;30px|30px|30px|30px|true|true&#8220; border_radii=&#8220;on|5px|5px|5px|5px&#8220; border_color_all=&#8220;#212853&#8243; border_width_left=&#8220;10px&#8220; border_color_left=&#8220;#E72582&#8243; box_shadow_style=&#8220;preset3&#8243; global_colors_info=&#8220;{}&#8220;][et_pb_text disabled_on=&#8220;on|on|on&#8220; admin_label=&#8220;Intro NS CARDS&#8220; module_class=&#8220;ns-cards&#8220; _builder_version=&#8220;4.22.0&#8243; _module_preset=&#8220;default&#8220; disabled=&#8220;on&#8220; global_colors_info=&#8220;{}&#8220;]<\/p>\n<p><strong>Neosurf ist ein Zahlungsdienst, der in der EU von NS Cards France SAS angeboten wird.<\/strong><\/p>\n<p>[\/et_pb_text][et_pb_text disabled_on=&#8220;on|on|on&#8220; admin_label=&#8220;Intro SAFE VOUCHER &#8220; module_class=&#8220;safe-voucher&#8220; _builder_version=&#8220;4.22.0&#8243; _module_preset=&#8220;default&#8220; disabled=&#8220;on&#8220; global_colors_info=&#8220;{}&#8220;]<\/p>\n<p><strong>Neosurf ist ein Zahlungsdienst, der im Vereinigten K\u00f6nigreich von Safe Voucher LTD angeboten wird.<\/strong><\/p>\n<p>[\/et_pb_text][et_pb_text disabled_on=&#8220;on|on|on&#8220; admin_label=&#8220;Intro NS PAYMENT TECH&#8220; module_class=&#8220;ns-payment-tech&#8220; _builder_version=&#8220;4.22.0&#8243; _module_preset=&#8220;default&#8220; disabled=&#8220;on&#8220; global_colors_info=&#8220;{}&#8220;]<\/p>\n<p><strong>Neosurf ist ein Zahlungsdienst, der in Kanada, Argentinien, Australien, Bolivien, Brasilien, Kamerun, Chile, Kolumbien, Costa Rica, Dominica, Dominikanische Republik, Ecuador, Fidschi, Philippinen, Grenada, Guatemala, Haiti, Honduras, Jamaika, Mexiko, Neuseeland, Nicaragua, Papua-Neuguinea, Paraguay, Peru, S\u00fcdafrika und Uruguay von NS Payment Technologies Inc.<\/strong><\/p>\n<p>[\/et_pb_text][et_pb_text disabled_on=&#8220;on|on|on&#8220; admin_label=&#8220;Intro NEOSURF INC&#8220; module_class=&#8220;neosurf-inc&#8220; _builder_version=&#8220;4.22.0&#8243; _module_preset=&#8220;default&#8220; disabled=&#8220;on&#8220; global_colors_info=&#8220;{}&#8220;]<\/p>\n<p><strong>Neosurf ist ein Zahlungsdienst, der in den USA von Neosurf INC. angeboten wird.<\/strong><\/p>\n<p>[\/et_pb_text][et_pb_text admin_label=&#8220;PRESENTATION&#8220; module_class=&#8220;regionall&#8220; _builder_version=&#8220;4.22.0&#8243; header_2_font=&#8220;Open Sans||||||||&#8220; header_2_text_color=&#8220;#212853&#8243; global_colors_info=&#8220;{}&#8220;]<\/p>\n<p style=\"text-align: justify;\">Der Neosurf Voucher<strong>wurde 2004 entwickelt<\/strong> und ist eine lokale Zahlungsl\u00f6sung, mit der Kunden bei Tausenden von Online-H\u00e4ndlern bezahlen k\u00f6nnen, ohne ihre pers\u00f6nlichen Daten preiszugeben. Unser internationales Team und Tausende von Online-Partnern und -Wiederverk\u00e4ufern weltweit machen Neosurf zur ersten weit verbreiteten L\u00f6sung f\u00fcr Online-Zahlungen.<\/p>\n<p>[\/et_pb_text][et_pb_text admin_label=&#8220;LEGAL NS CARDS&#8220; _builder_version=&#8220;4.22.0&#8243; _module_preset=&#8220;default&#8220; hover_enabled=&#8220;0&#8243; global_colors_info=&#8220;{}&#8220; neo_surf_79705=&#8220;on&#8220; sticky_enabled=&#8220;0&#8243;]<\/p>\n<p style=\"text-align: left;\"><strong>RECHTSMITTEILUNGEN<\/strong><br \/><strong>Hauptsitz:<\/strong> Neosurf INC <br \/><strong>Kapital:<\/strong> 100 000 EUR<br \/><strong>Unternehmen SIRET:<\/strong> 47850232100035<br \/><strong>Unternehmen APE:<\/strong> 5819Z<br \/><strong>Unternehmen RCS:<\/strong> PARIS B 478 502 321<br \/><strong>Leiter der Ver\u00f6ffentlichung:<\/strong> Nicolas Saubi\u00e9<br \/><strong>Hosting:<\/strong> WP Serveur 134, Avenue du pr\u00e9sident Wilson &#8211; 93100 Montreuil &#8211; FRANCE<\/p>\n<p class=\"p1\">Die digitalen Wallets sowie die Dienstleistungen betreffend WagerWallet und DigitalCash von Neosurf werden von der Community Federal Savings Bank bereitgestellt. Die Gelder auf Ihrem Wallet-Konto sind nicht durch die FDIC versichert.<\/p>\n<p>[\/et_pb_text][et_pb_text admin_label=&#8220;LEGAL SAFE VOUCHER&#8220; _builder_version=&#8220;4.22.0&#8243; _module_preset=&#8220;default&#8220; hover_enabled=&#8220;0&#8243; global_colors_info=&#8220;{}&#8220; neo_surf_79741=&#8220;on&#8220; sticky_enabled=&#8220;0&#8243;]<\/p>\n<p style=\"text-align: left;\"><strong>RECHTLICHE HINWEISE<br \/><\/strong><strong>Hauptsitz:<\/strong> Neosurf INC <br \/><strong>Unternehmensnummer:<\/strong> 08491211<br \/><strong>Ver\u00f6ffentlichungsleiter:<\/strong> Andrea Mcgeachin<br \/><strong>Hosting:<\/strong> WP Serveur 134, Avenue du pr\u00e9sident Wilson &#8211; 93100 Montreuil &#8211; FRANKREICH<\/p>\n<p style=\"text-align: justify;\">Die digitalen Wallets sowie die Dienstleistungen betreffend WagerWallet und DigitalCash von Neosurf werden von der Community Federal Savings Bank bereitgestellt. Die Gelder auf Ihrem Wallet-Konto sind nicht durch die FDIC versichert.<\/p>\n<p>[\/et_pb_text][et_pb_text admin_label=&#8220;LEGAL NS PAYMENT TECH&#8220; _builder_version=&#8220;4.22.0&#8243; _module_preset=&#8220;default&#8220; hover_enabled=&#8220;0&#8243; global_colors_info=&#8220;{}&#8220; neo_surf_79758=&#8220;on&#8220; sticky_enabled=&#8220;0&#8243;]<\/p>\n<p style=\"text-align: left;\"><strong>RECHTLICHE HINWEISE<br \/><\/strong><strong>Hauptsitz:<\/strong> Neosurf INC <br \/><strong>Unternehmensnummer:<\/strong> 1176807577<br \/><strong>Ver\u00f6ffentlichungsleiter:<\/strong> Andrea Mcgeachin<br \/><strong>Hosting:<\/strong> WP Serveur 134, Avenue du pr\u00e9sident Wilson &#8211; 93100 Montreuil &#8211; FRANCE<\/p>\n<p style=\"text-align: justify;\">Die digitalen Wallets sowie die Dienstleistungen betreffend WagerWallet und DigitalCash von Neosurf werden von der Community Federal Savings Bank bereitgestellt. Die Gelder auf Ihrem Wallet-Konto sind nicht durch die FDIC versichert.<\/p>\n<p>[\/et_pb_text][et_pb_text admin_label=&#8220;LEGAL NEOSURF INC&#8220; _builder_version=&#8220;4.22.0&#8243; _module_preset=&#8220;default&#8220; hover_enabled=&#8220;0&#8243; global_colors_info=&#8220;{}&#8220; neo_surf_79714=&#8220;on&#8220; sticky_enabled=&#8220;0&#8243;]<\/p>\n<p style=\"text-align: left;\"><strong>RECHTLICHE HINWEISE<br \/><\/strong><strong>Hauptsitz:<\/strong> Neosurf INC <br \/><strong>Firmennummer:<\/strong> (Eintragung der Firma in Arbeit)<br \/><strong>Leiter der Ver\u00f6ffentlichung:<\/strong> Andrea Mcgeachin<br \/><strong>Hosting:<\/strong> WP Serveur 134, Avenue du pr\u00e9sident Wilson &#8211; 93100 Montreuil &#8211; FRANCE<\/p>\n<p style=\"text-align: justify;\">Die digitalen Wallets sowie die Dienstleistungen betreffend WagerWallet und DigitalCash von Neosurf werden von der Community Federal Savings Bank bereitgestellt. Die Gelder auf Ihrem Wallet-Konto sind nicht durch die FDIC versichert.<\/p>\n<p>[\/et_pb_text][et_pb_text admin_label=&#8220;LEGAL SAFE VOUCHER AG&#8220; _builder_version=&#8220;4.22.0&#8243; _module_preset=&#8220;default&#8220; hover_enabled=&#8220;0&#8243; global_colors_info=&#8220;{}&#8220; neo_surf_79757=&#8220;on&#8220; sticky_enabled=&#8220;0&#8243;]<\/p>\n<p style=\"text-align: left;\"><strong>RECHTLICHE HINWEISE<br \/><\/strong><strong>Hauptsitz:<\/strong> Neosurf INC <br \/><strong>Unternehmensnummer:<\/strong> CHE-291.042.536.<br \/><strong>Ver\u00f6ffentlichungsleiter:<\/strong> Andrea Mcgeachin<br \/><strong>Hosting:<\/strong> WP Serveur 134, Avenue du pr\u00e9sident Wilson &#8211; 93100 Montreuil &#8211; FRANKREICH<\/p>\n<p style=\"text-align: justify;\">Die digitalen Wallets sowie die Dienstleistungen betreffend WagerWallet und DigitalCash von Neosurf werden von der Community Federal Savings Bank bereitgestellt. Die Gelder auf Ihrem Wallet-Konto sind nicht durch die FDIC versichert.<\/p>\n<p>[\/et_pb_text][\/et_pb_column][et_pb_column type=&#8220;1_2&#8243; _builder_version=&#8220;4.16&#8243; global_colors_info=&#8220;{}&#8220;][\/et_pb_column][\/et_pb_row][\/et_pb_section]<\/p>\n","protected":false},"excerpt":{"rendered":"<p>Neosurf ist ein Zahlungsdienst, der in der EU von NS Cards France SAS angeboten wird.Neosurf ist ein Zahlungsdienst, der im Vereinigten K\u00f6nigreich von Safe Voucher LTD angeboten wird.Neosurf ist ein Zahlungsdienst, der in Kanada, Argentinien, Australien, Bolivien, Brasilien, Kamerun, Chile, Kolumbien, Costa Rica, Dominica, Dominikanische Republik, Ecuador, Fidschi, Philippinen, Grenada, Guatemala, Haiti, Honduras, Jamaika, Mexiko, [&hellip;]<\/p>\n","protected":false},"author":2,"featured_media":0,"parent":0,"menu_order":0,"comment_status":"closed","ping_status":"closed","template":"","meta":{"_acf_changed":false,"_et_pb_use_builder":"on","_et_pb_old_content":"","_et_gb_content_width":"","footnotes":""},"class_list":["post-64588","page","type-page","status-publish","hentry"],"acf":[],"yoast_head":"<!-- This site is optimized with the Yoast SEO plugin v26.4 - https:\/\/yoast.com\/wordpress\/plugins\/seo\/ -->\n<title>\u00dcber uns<\/title>\n<meta name=\"robots\" content=\"index, follow, max-snippet:-1, max-image-preview:large, max-video-preview:-1\" \/>\n<link rel=\"canonical\" href=\"https:\/\/www.neosurf.com\/de\/ueber-uns\/\" \/>\n<meta property=\"og:locale\" content=\"de_DE\" \/>\n<meta property=\"og:type\" content=\"article\" \/>\n<meta property=\"og:title\" content=\"\u00dcber uns\" \/>\n<meta property=\"og:description\" content=\"Neosurf ist ein Zahlungsdienst, der in der EU von NS Cards France SAS angeboten wird.Neosurf ist ein Zahlungsdienst, der im Vereinigten K\u00f6nigreich von Safe Voucher LTD angeboten wird.Neosurf ist ein Zahlungsdienst, der in Kanada, Argentinien, Australien, Bolivien, Brasilien, Kamerun, Chile, Kolumbien, Costa Rica, Dominica, Dominikanische Republik, Ecuador, Fidschi, Philippinen, Grenada, Guatemala, Haiti, Honduras, Jamaika, Mexiko, [&hellip;]\" \/>\n<meta property=\"og:site_name\" content=\"Neosurf\" \/>\n<meta property=\"article:modified_time\" content=\"2025-09-04T10:33:35+00:00\" \/>\n<meta name=\"twitter:card\" content=\"summary_large_image\" \/>\n<meta name=\"twitter:label1\" content=\"Gesch\u00e4tzte Lesezeit\" \/>\n\t<meta name=\"twitter:data1\" content=\"3\u00a0Minuten\" \/>\n<script type=\"application\/ld+json\" class=\"yoast-schema-graph\">{\"@context\":\"https:\/\/schema.org\",\"@graph\":[{\"@type\":\"WebPage\",\"@id\":\"https:\/\/www.neosurf.com\/de\/ueber-uns\/\",\"url\":\"https:\/\/www.neosurf.com\/de\/ueber-uns\/\",\"name\":\"\u00dcber uns\",\"isPartOf\":{\"@id\":\"https:\/\/www.neosurf.com\/de\/#website\"},\"datePublished\":\"2020-11-17T10:37:52+00:00\",\"dateModified\":\"2025-09-04T10:33:35+00:00\",\"breadcrumb\":{\"@id\":\"https:\/\/www.neosurf.com\/de\/ueber-uns\/#breadcrumb\"},\"inLanguage\":\"de\",\"potentialAction\":[{\"@type\":\"ReadAction\",\"target\":[\"https:\/\/www.neosurf.com\/de\/ueber-uns\/\"]}]},{\"@type\":\"BreadcrumbList\",\"@id\":\"https:\/\/www.neosurf.com\/de\/ueber-uns\/#breadcrumb\",\"itemListElement\":[{\"@type\":\"ListItem\",\"position\":1,\"name\":\"Home\",\"item\":\"https:\/\/www.neosurf.com\/de\/\"},{\"@type\":\"ListItem\",\"position\":2,\"name\":\"\u00dcber uns\"}]},{\"@type\":\"WebSite\",\"@id\":\"https:\/\/www.neosurf.com\/de\/#website\",\"url\":\"https:\/\/www.neosurf.com\/de\/\",\"name\":\"Neosurf\",\"description\":\"So Simple to Pay &amp; Play\",\"potentialAction\":[{\"@type\":\"SearchAction\",\"target\":{\"@type\":\"EntryPoint\",\"urlTemplate\":\"https:\/\/www.neosurf.com\/de\/?s={search_term_string}\"},\"query-input\":{\"@type\":\"PropertyValueSpecification\",\"valueRequired\":true,\"valueName\":\"search_term_string\"}}],\"inLanguage\":\"de\"}]}<\/script>\n<!-- \/ Yoast SEO plugin. -->","yoast_head_json":{"title":"\u00dcber uns","robots":{"index":"index","follow":"follow","max-snippet":"max-snippet:-1","max-image-preview":"max-image-preview:large","max-video-preview":"max-video-preview:-1"},"canonical":"https:\/\/www.neosurf.com\/de\/ueber-uns\/","og_locale":"de_DE","og_type":"article","og_title":"\u00dcber uns","og_description":"Neosurf ist ein Zahlungsdienst, der in der EU von NS Cards France SAS angeboten wird.Neosurf ist ein Zahlungsdienst, der im Vereinigten K\u00f6nigreich von Safe Voucher LTD angeboten wird.Neosurf ist ein Zahlungsdienst, der in Kanada, Argentinien, Australien, Bolivien, Brasilien, Kamerun, Chile, Kolumbien, Costa Rica, Dominica, Dominikanische Republik, Ecuador, Fidschi, Philippinen, Grenada, Guatemala, Haiti, Honduras, Jamaika, Mexiko, [&hellip;]","og_site_name":"Neosurf","article_modified_time":"2025-09-04T10:33:35+00:00","twitter_card":"summary_large_image","twitter_misc":{"Gesch\u00e4tzte Lesezeit":"3\u00a0Minuten"},"schema":{"@context":"https:\/\/schema.org","@graph":[{"@type":"WebPage","@id":"https:\/\/www.neosurf.com\/de\/ueber-uns\/","url":"https:\/\/www.neosurf.com\/de\/ueber-uns\/","name":"\u00dcber uns","isPartOf":{"@id":"https:\/\/www.neosurf.com\/de\/#website"},"datePublished":"2020-11-17T10:37:52+00:00","dateModified":"2025-09-04T10:33:35+00:00","breadcrumb":{"@id":"https:\/\/www.neosurf.com\/de\/ueber-uns\/#breadcrumb"},"inLanguage":"de","potentialAction":[{"@type":"ReadAction","target":["https:\/\/www.neosurf.com\/de\/ueber-uns\/"]}]},{"@type":"BreadcrumbList","@id":"https:\/\/www.neosurf.com\/de\/ueber-uns\/#breadcrumb","itemListElement":[{"@type":"ListItem","position":1,"name":"Home","item":"https:\/\/www.neosurf.com\/de\/"},{"@type":"ListItem","position":2,"name":"\u00dcber uns"}]},{"@type":"WebSite","@id":"https:\/\/www.neosurf.com\/de\/#website","url":"https:\/\/www.neosurf.com\/de\/","name":"Neosurf","description":"So Simple to Pay &amp; Play","potentialAction":[{"@type":"SearchAction","target":{"@type":"EntryPoint","urlTemplate":"https:\/\/www.neosurf.com\/de\/?s={search_term_string}"},"query-input":{"@type":"PropertyValueSpecification","valueRequired":true,"valueName":"search_term_string"}}],"inLanguage":"de"}]}},"_links":{"self":[{"href":"https:\/\/www.neosurf.com\/de\/wp-json\/wp\/v2\/pages\/64588","targetHints":{"allow":["GET"]}}],"collection":[{"href":"https:\/\/www.neosurf.com\/de\/wp-json\/wp\/v2\/pages"}],"about":[{"href":"https:\/\/www.neosurf.com\/de\/wp-json\/wp\/v2\/types\/page"}],"author":[{"embeddable":true,"href":"https:\/\/www.neosurf.com\/de\/wp-json\/wp\/v2\/users\/2"}],"replies":[{"embeddable":true,"href":"https:\/\/www.neosurf.com\/de\/wp-json\/wp\/v2\/comments?post=64588"}],"version-history":[{"count":2,"href":"https:\/\/www.neosurf.com\/de\/wp-json\/wp\/v2\/pages\/64588\/revisions"}],"predecessor-version":[{"id":79796,"href":"https:\/\/www.neosurf.com\/de\/wp-json\/wp\/v2\/pages\/64588\/revisions\/79796"}],"wp:attachment":[{"href":"https:\/\/www.neosurf.com\/de\/wp-json\/wp\/v2\/media?parent=64588"}],"curies":[{"name":"wp","href":"https:\/\/api.w.org\/{rel}","templated":true}]}}