{"id":64578,"date":"2020-11-17T10:37:48","date_gmt":"2020-11-17T10:37:48","guid":{"rendered":"https:\/\/new.neosurf.com\/wie-kaufe-ich-neosurf\/"},"modified":"2025-09-16T08:58:05","modified_gmt":"2025-09-16T08:58:05","slug":"wie-kaufe-ich-neosurf","status":"publish","type":"page","link":"https:\/\/www.neosurf.com\/de\/wie-kaufe-ich-neosurf\/","title":{"rendered":"Wie kaufe ich Neosurf"},"content":{"rendered":"<p>[et_pb_section fb_built=&#8220;1&#8243; _builder_version=&#8220;4.16&#8243; background_color=&#8220;#E72582&#8243; bottom_divider_color=&#8220;#212853&#8243; da_disable_devices=&#8220;off|off|off&#8220; saved_tabs=&#8220;all&#8220; global_colors_info=&#8220;{}&#8220; da_is_popup=&#8220;off&#8220; da_exit_intent=&#8220;off&#8220; da_has_close=&#8220;on&#8220; da_alt_close=&#8220;off&#8220; da_dark_close=&#8220;off&#8220; da_not_modal=&#8220;on&#8220; da_is_singular=&#8220;off&#8220; da_with_loader=&#8220;off&#8220; da_has_shadow=&#8220;on&#8220;][et_pb_row _builder_version=&#8220;4.16&#8243; global_colors_info=&#8220;{}&#8220;][et_pb_column type=&#8220;4_4&#8243; _builder_version=&#8220;4.16&#8243; global_colors_info=&#8220;{}&#8220;][et_pb_text content_tablet=&#8220;&#8220; content_phone=&#8220;&#8220; content_last_edited=&#8220;on|desktop&#8220; _builder_version=&#8220;4.16&#8243; header_font=&#8220;Open Sans Condensed|300|||||||&#8220; header_text_align=&#8220;center&#8220; header_text_color=&#8220;#ffffff&#8220; header_font_size=&#8220;60px&#8220; header_line_height=&#8220;1.2em&#8220; global_colors_info=&#8220;{}&#8220;]<\/p>\n<h1>WIE KAUFE ICH<\/p>\n<p><span class=\"itc\"><span style=\"font-size: 100px;\">Neosurf<\/span><\/span><\/h1>\n<p>[\/et_pb_text][\/et_pb_column][\/et_pb_row][et_pb_row _builder_version=&#8220;4.16&#8243; global_colors_info=&#8220;{}&#8220;][et_pb_column type=&#8220;4_4&#8243; _builder_version=&#8220;4.16&#8243; global_colors_info=&#8220;{}&#8220;][et_pb_text admin_label=&#8220;overview (safe-voucher-ag)&#8220; module_class=&#8220;safe-voucher-ag&#8220; _builder_version=&#8220;4.22.0&#8243; text_text_color=&#8220;#ffffff&#8220; text_font_size=&#8220;20px&#8220; link_font=&#8220;|700|||||||&#8220; link_text_color=&#8220;#ffffff&#8220; neo_surf_79714=&#8220;on&#8220; neo_surf_79705=&#8220;on&#8220; neo_surf_79758=&#8220;on&#8220; neo_surf_79757=&#8220;on&#8220; global_colors_info=&#8220;{}&#8220; _allowed_countries=&#8220;BR,CA,MX,FR,PT,ES&#8220;]<\/p>\n<p style=\"text-align: center;\">Kaufen Sie jetzt Neosurf in Ihrem Land!<br \/>Neosurf-Gutscheine sind an tausenden von<br \/>praktischen Orten rund um den Globus erh\u00e4ltlich.<\/p>\n<p style=\"text-align: center;\"><a href=\"https:\/\/www.neosurf.com\/how-to-buy-neosurf\/neosurf-store-locator\/\">Sehen Sie sich unseren Laden-Radar an,<\/a>\u00a0<span><\/span>um Neosurf mit Bargeld oder\u00a0<span><\/span><a href=\"https:\/\/www.neosurf.com\/how-to-buy-neosurf\/buy-neosurf-online\/\">online zu kaufen<\/a><\/p>\n<p>[\/et_pb_text][et_pb_text admin_label=&#8220;overview (safe-voucher)&#8220; module_class=&#8220;safe-voucher&#8220; _builder_version=&#8220;4.22.0&#8243; text_text_color=&#8220;#ffffff&#8220; text_font_size=&#8220;20px&#8220; link_font=&#8220;|700|||||||&#8220; link_text_color=&#8220;#ffffff&#8220; neo_surf_79741=&#8220;on&#8220; global_colors_info=&#8220;{}&#8220;]<\/p>\n<p style=\"text-align: center;\">Kaufen Sie Neosurf jetzt in Ihrem Land! Neosurf-Gutscheine sind in Tausenden von Gesch\u00e4ften auf der ganzen Welt f\u00fcr alle \u00fcber 18 Jahre erh\u00e4ltlich.<\/p>\n<p style=\"text-align: center;\"><a href=\"https:\/\/www.neosurf.com\/how-to-buy-neosurf\/neosurf-store-locator\/\">Sehen Sie sich unseren Laden-Radar an,<\/a>\u00a0<span><\/span>um Neosurf mit Bargeld oder\u00a0<span><\/span><a href=\"https:\/\/www.neosurf.com\/how-to-buy-neosurf\/buy-neosurf-online\/\">online zu kaufen<\/a><\/p>\n<p>[\/et_pb_text][\/et_pb_column][\/et_pb_row][\/et_pb_section][et_pb_section fb_built=&#8220;1&#8243; specialty=&#8220;on&#8220; background_color_1=&#8220;rgba(255,255,255,0.7)&#8220; module_id=&#8220;home-map&#8220; _builder_version=&#8220;4.16&#8243; background_color=&#8220;rgba(0,0,0,0)&#8220; background_enable_image=&#8220;off&#8220; parallax=&#8220;on&#8220; parallax_method=&#8220;off&#8220; custom_padding=&#8220;150px||||false|false&#8220; top_divider_style=&#8220;arrow2&#8243; top_divider_color=&#8220;#E72582&#8243; da_disable_devices=&#8220;off|off|off&#8220; saved_tabs=&#8220;all&#8220; global_colors_info=&#8220;{}&#8220; da_is_popup=&#8220;off&#8220; da_exit_intent=&#8220;off&#8220; da_has_close=&#8220;on&#8220; da_alt_close=&#8220;off&#8220; da_dark_close=&#8220;off&#8220; da_not_modal=&#8220;on&#8220; da_is_singular=&#8220;off&#8220; da_with_loader=&#8220;off&#8220; da_has_shadow=&#8220;on&#8220;][et_pb_column type=&#8220;2_3&#8243; specialty_columns=&#8220;2&#8243; _builder_version=&#8220;4.16&#8243; custom_padding=&#8220;|||&#8220; global_colors_info=&#8220;{}&#8220; custom_padding__hover=&#8220;|||&#8220;][et_pb_row_inner _builder_version=&#8220;4.4.4&#8243; global_colors_info=&#8220;{}&#8220;][et_pb_column_inner _builder_version=&#8220;4.16&#8243; custom_padding=&#8220;|10px||10px|false|true&#8220; border_radii=&#8220;on|8px|8px|8px|8px&#8220; global_colors_info=&#8220;{}&#8220;][et_pb_text _builder_version=&#8220;4.16&#8243; header_text_align=&#8220;center&#8220; header_text_color=&#8220;#212853&#8243; header_2_font=&#8220;Open Sans Condensed||||||||&#8220; header_2_text_align=&#8220;center&#8220; header_2_text_color=&#8220;#212853&#8243; header_2_font_size=&#8220;40px&#8220; locked=&#8220;off&#8220; global_colors_info=&#8220;{}&#8220;]<\/p>\n<h2><span class=\"itc\">Neosurf<\/span>-H\u00e4ndler in <br \/><span style=\"color: #E72582;\"><strong>Ihrer N\u00e4he finden<\/strong><\/span><\/h2>\n<p>[\/et_pb_text][et_neosurf_bg _builder_version=&#8220;4.22.0&#8243; _module_preset=&#8220;default&#8220; hover_enabled=&#8220;0&#8243; sticky_enabled=&#8220;0&#8243;][\/et_neosurf_bg][\/et_pb_column_inner][\/et_pb_row_inner][et_pb_row_inner use_custom_gutter=&#8220;on&#8220; gutter_width=&#8220;1&#8243; _builder_version=&#8220;4.4.4&#8243; custom_padding=&#8220;||||false|false&#8220; custom_css_main_element=&#8220;text-align:center;&#8220; global_module=&#8220;64292&#8243; global_colors_info=&#8220;{}&#8220;][et_pb_column_inner _builder_version=&#8220;4.16&#8243; global_colors_info=&#8220;{}&#8220;][et_pb_text _builder_version=&#8220;4.16&#8243; _dynamic_attributes=&#8220;link_option_url&#8220; text_font=&#8220;Open Sans Condensed|700||on|||||&#8220; text_text_color=&#8220;#ffffff&#8220; text_font_size=&#8220;20px&#8220; background_color=&#8220;rgba(231,37,130,0.82)&#8220; text_orientation=&#8220;center&#8220; background_layout=&#8220;dark&#8220; custom_margin=&#8220;|20px||20px|false|true&#8220; custom_padding=&#8220;10px|20px|10px|20px|true|false&#8220; animation_style=&#8220;slide&#8220; animation_direction=&#8220;left&#8220; animation_speed_curve=&#8220;ease&#8220; hover_transition_speed_curve=&#8220;ease-in-out&#8220; link_option_url=&#8220;@ET-DC@eyJkeW5hbWljIjp0cnVlLCJjb250ZW50IjoicG9zdF9saW5rX3VybF9wYWdlIiwic2V0dGluZ3MiOnsicG9zdF9pZCI6IjU3In19@&#8220; custom_css_main_element=&#8220;display:inline-block;&#8220; border_radii=&#8220;on|5px|5px|5px|5px&#8220; box_shadow_style=&#8220;preset3&#8243; box_shadow_vertical=&#8220;2px&#8220; box_shadow_blur=&#8220;12px&#8220; global_colors_info=&#8220;{}&#8220; background__hover_enabled=&#8220;on|hover&#8220; background_color__hover=&#8220;#E72582&#8243; background_enable_color__hover=&#8220;on&#8220; custom_css_main_element_last_edited=&#8220;on|phone&#8220; custom_css_main_element_phone=&#8220;display:block;&#8220; text_font_size__hover_enabled=&#8220;off|desktop&#8220; text_font_size__hover=&#8220;22px&#8220; text_text_color__hover_enabled=&#8220;off|desktop&#8220; custom_padding__hover_enabled=&#8220;off|desktop&#8220; custom_padding__hover=&#8220;20px||20px||true|false&#8220; filter_saturate__hover_enabled=&#8220;off|desktop&#8220; filter_saturate__hover=&#8220;110%&#8220; custom_css_main_element_tablet=&#8220;display:inline-block;&#8220;]<\/p>\n<p>Verkaufsstellen finden<\/p>\n<p>[\/et_pb_text][et_pb_text _builder_version=&#8220;4.16&#8243; text_font=&#8220;Open Sans Condensed|300||on|||||&#8220; text_text_color=&#8220;#212853&#8243; text_font_size=&#8220;20px&#8220; custom_padding=&#8220;10px|5px|10px|5px|true|true&#8220; custom_css_main_element=&#8220;display:inline-block;&#8220; border_radii=&#8220;on|5px|5px|5px|5px&#8220; global_colors_info=&#8220;{}&#8220;]<\/p>\n<p>ODER<\/p>\n<p>[\/et_pb_text][et_pb_text _builder_version=&#8220;4.16&#8243; _dynamic_attributes=&#8220;link_option_url&#8220; text_font=&#8220;Open Sans Condensed|700||on|||||&#8220; text_text_color=&#8220;#ffffff&#8220; text_font_size=&#8220;20px&#8220; background_color=&#8220;rgba(33,40,83,0.84)&#8220; text_orientation=&#8220;center&#8220; custom_margin=&#8220;|20px||20px|false|true&#8220; custom_padding=&#8220;10px|20px|10px|20px|true|false&#8220; animation_style=&#8220;slide&#8220; animation_direction=&#8220;right&#8220; animation_delay=&#8220;200ms&#8220; link_option_url=&#8220;@ET-DC@eyJkeW5hbWljIjp0cnVlLCJjb250ZW50IjoicG9zdF9saW5rX3VybF9wYWdlIiwic2V0dGluZ3MiOnsicG9zdF9pZCI6IjU1In19@&#8220; custom_css_main_element=&#8220;display:inline-block;&#8220; border_radii=&#8220;on|5px|5px|5px|5px&#8220; box_shadow_style=&#8220;preset3&#8243; box_shadow_vertical=&#8220;2px&#8220; box_shadow_blur=&#8220;12px&#8220; global_colors_info=&#8220;{}&#8220; custom_css_main_element_last_edited=&#8220;on|phone&#8220; custom_css_main_element_phone=&#8220;display:block;&#8220; background__hover_enabled=&#8220;on|hover&#8220; text_font_size__hover_enabled=&#8220;off|hover&#8220; text_font_size__hover=&#8220;22px&#8220; background_color__hover=&#8220;#212853&#8243; background_enable_color__hover=&#8220;on&#8220; custom_css_main_element_tablet=&#8220;display:inline-block;&#8220;]<\/p>\n<p>ONLINE KAUFEN<\/p>\n<p>[\/et_pb_text][\/et_pb_column_inner][\/et_pb_row_inner][\/et_pb_column][et_pb_column type=&#8220;1_3&#8243; _builder_version=&#8220;4.16&#8243; custom_padding=&#8220;|||&#8220; global_colors_info=&#8220;{}&#8220; custom_padding__hover=&#8220;|||&#8220;][\/et_pb_column][\/et_pb_section]<\/p>\n","protected":false},"excerpt":{"rendered":"<p>WIE KAUFE ICH NeosurfKaufen Sie jetzt Neosurf in Ihrem Land!Neosurf-Gutscheine sind an tausenden vonpraktischen Orten rund um den Globus erh\u00e4ltlich. Sehen Sie sich unseren Laden-Radar an,\u00a0um Neosurf mit Bargeld oder\u00a0online zu kaufenKaufen Sie Neosurf jetzt in Ihrem Land! Neosurf-Gutscheine sind in Tausenden von Gesch\u00e4ften auf der ganzen Welt f\u00fcr alle \u00fcber 18 Jahre erh\u00e4ltlich. Sehen [&hellip;]<\/p>\n","protected":false},"author":2,"featured_media":0,"parent":0,"menu_order":0,"comment_status":"closed","ping_status":"closed","template":"","meta":{"_acf_changed":false,"_et_pb_use_builder":"on","_et_pb_old_content":"","_et_gb_content_width":"","footnotes":""},"class_list":["post-64578","page","type-page","status-publish","hentry"],"acf":[],"yoast_head":"<!-- This site is optimized with the Yoast SEO plugin v26.4 - https:\/\/yoast.com\/wordpress\/plugins\/seo\/ -->\n<title>Wie kaufe ich Neosurf<\/title>\n<meta name=\"robots\" content=\"index, follow, max-snippet:-1, max-image-preview:large, max-video-preview:-1\" \/>\n<link rel=\"canonical\" href=\"https:\/\/www.neosurf.com\/de\/wie-kaufe-ich-neosurf\/\" \/>\n<meta property=\"og:locale\" content=\"de_DE\" \/>\n<meta property=\"og:type\" content=\"article\" \/>\n<meta property=\"og:title\" content=\"Wie kaufe ich Neosurf\" \/>\n<meta property=\"og:description\" content=\"WIE KAUFE ICH NeosurfKaufen Sie jetzt Neosurf in Ihrem Land!Neosurf-Gutscheine sind an tausenden vonpraktischen Orten rund um den Globus erh\u00e4ltlich. Sehen Sie sich unseren Laden-Radar an,\u00a0um Neosurf mit Bargeld oder\u00a0online zu kaufenKaufen Sie Neosurf jetzt in Ihrem Land! Neosurf-Gutscheine sind in Tausenden von Gesch\u00e4ften auf der ganzen Welt f\u00fcr alle \u00fcber 18 Jahre erh\u00e4ltlich. Sehen [&hellip;]\" \/>\n<meta property=\"og:site_name\" content=\"Neosurf\" \/>\n<meta property=\"article:modified_time\" content=\"2025-09-16T08:58:05+00:00\" \/>\n<meta name=\"twitter:card\" content=\"summary_large_image\" \/>\n<meta name=\"twitter:label1\" content=\"Gesch\u00e4tzte Lesezeit\" \/>\n\t<meta name=\"twitter:data1\" content=\"5\u00a0Minuten\" \/>\n<script type=\"application\/ld+json\" class=\"yoast-schema-graph\">{\"@context\":\"https:\/\/schema.org\",\"@graph\":[{\"@type\":\"WebPage\",\"@id\":\"https:\/\/www.neosurf.com\/de\/wie-kaufe-ich-neosurf\/\",\"url\":\"https:\/\/www.neosurf.com\/de\/wie-kaufe-ich-neosurf\/\",\"name\":\"Wie kaufe ich Neosurf\",\"isPartOf\":{\"@id\":\"https:\/\/www.neosurf.com\/de\/#website\"},\"datePublished\":\"2020-11-17T10:37:48+00:00\",\"dateModified\":\"2025-09-16T08:58:05+00:00\",\"breadcrumb\":{\"@id\":\"https:\/\/www.neosurf.com\/de\/wie-kaufe-ich-neosurf\/#breadcrumb\"},\"inLanguage\":\"de\",\"potentialAction\":[{\"@type\":\"ReadAction\",\"target\":[\"https:\/\/www.neosurf.com\/de\/wie-kaufe-ich-neosurf\/\"]}]},{\"@type\":\"BreadcrumbList\",\"@id\":\"https:\/\/www.neosurf.com\/de\/wie-kaufe-ich-neosurf\/#breadcrumb\",\"itemListElement\":[{\"@type\":\"ListItem\",\"position\":1,\"name\":\"Home\",\"item\":\"https:\/\/www.neosurf.com\/de\/\"},{\"@type\":\"ListItem\",\"position\":2,\"name\":\"Wie kaufe ich Neosurf\"}]},{\"@type\":\"WebSite\",\"@id\":\"https:\/\/www.neosurf.com\/de\/#website\",\"url\":\"https:\/\/www.neosurf.com\/de\/\",\"name\":\"Neosurf\",\"description\":\"So Simple to Pay &amp; Play\",\"potentialAction\":[{\"@type\":\"SearchAction\",\"target\":{\"@type\":\"EntryPoint\",\"urlTemplate\":\"https:\/\/www.neosurf.com\/de\/?s={search_term_string}\"},\"query-input\":{\"@type\":\"PropertyValueSpecification\",\"valueRequired\":true,\"valueName\":\"search_term_string\"}}],\"inLanguage\":\"de\"}]}<\/script>\n<!-- \/ Yoast SEO plugin. -->","yoast_head_json":{"title":"Wie kaufe ich Neosurf","robots":{"index":"index","follow":"follow","max-snippet":"max-snippet:-1","max-image-preview":"max-image-preview:large","max-video-preview":"max-video-preview:-1"},"canonical":"https:\/\/www.neosurf.com\/de\/wie-kaufe-ich-neosurf\/","og_locale":"de_DE","og_type":"article","og_title":"Wie kaufe ich Neosurf","og_description":"WIE KAUFE ICH NeosurfKaufen Sie jetzt Neosurf in Ihrem Land!Neosurf-Gutscheine sind an tausenden vonpraktischen Orten rund um den Globus erh\u00e4ltlich. Sehen Sie sich unseren Laden-Radar an,\u00a0um Neosurf mit Bargeld oder\u00a0online zu kaufenKaufen Sie Neosurf jetzt in Ihrem Land! Neosurf-Gutscheine sind in Tausenden von Gesch\u00e4ften auf der ganzen Welt f\u00fcr alle \u00fcber 18 Jahre erh\u00e4ltlich. Sehen [&hellip;]","og_site_name":"Neosurf","article_modified_time":"2025-09-16T08:58:05+00:00","twitter_card":"summary_large_image","twitter_misc":{"Gesch\u00e4tzte Lesezeit":"5\u00a0Minuten"},"schema":{"@context":"https:\/\/schema.org","@graph":[{"@type":"WebPage","@id":"https:\/\/www.neosurf.com\/de\/wie-kaufe-ich-neosurf\/","url":"https:\/\/www.neosurf.com\/de\/wie-kaufe-ich-neosurf\/","name":"Wie kaufe ich Neosurf","isPartOf":{"@id":"https:\/\/www.neosurf.com\/de\/#website"},"datePublished":"2020-11-17T10:37:48+00:00","dateModified":"2025-09-16T08:58:05+00:00","breadcrumb":{"@id":"https:\/\/www.neosurf.com\/de\/wie-kaufe-ich-neosurf\/#breadcrumb"},"inLanguage":"de","potentialAction":[{"@type":"ReadAction","target":["https:\/\/www.neosurf.com\/de\/wie-kaufe-ich-neosurf\/"]}]},{"@type":"BreadcrumbList","@id":"https:\/\/www.neosurf.com\/de\/wie-kaufe-ich-neosurf\/#breadcrumb","itemListElement":[{"@type":"ListItem","position":1,"name":"Home","item":"https:\/\/www.neosurf.com\/de\/"},{"@type":"ListItem","position":2,"name":"Wie kaufe ich Neosurf"}]},{"@type":"WebSite","@id":"https:\/\/www.neosurf.com\/de\/#website","url":"https:\/\/www.neosurf.com\/de\/","name":"Neosurf","description":"So Simple to Pay &amp; Play","potentialAction":[{"@type":"SearchAction","target":{"@type":"EntryPoint","urlTemplate":"https:\/\/www.neosurf.com\/de\/?s={search_term_string}"},"query-input":{"@type":"PropertyValueSpecification","valueRequired":true,"valueName":"search_term_string"}}],"inLanguage":"de"}]}},"_links":{"self":[{"href":"https:\/\/www.neosurf.com\/de\/wp-json\/wp\/v2\/pages\/64578","targetHints":{"allow":["GET"]}}],"collection":[{"href":"https:\/\/www.neosurf.com\/de\/wp-json\/wp\/v2\/pages"}],"about":[{"href":"https:\/\/www.neosurf.com\/de\/wp-json\/wp\/v2\/types\/page"}],"author":[{"embeddable":true,"href":"https:\/\/www.neosurf.com\/de\/wp-json\/wp\/v2\/users\/2"}],"replies":[{"embeddable":true,"href":"https:\/\/www.neosurf.com\/de\/wp-json\/wp\/v2\/comments?post=64578"}],"version-history":[{"count":3,"href":"https:\/\/www.neosurf.com\/de\/wp-json\/wp\/v2\/pages\/64578\/revisions"}],"predecessor-version":[{"id":80085,"href":"https:\/\/www.neosurf.com\/de\/wp-json\/wp\/v2\/pages\/64578\/revisions\/80085"}],"wp:attachment":[{"href":"https:\/\/www.neosurf.com\/de\/wp-json\/wp\/v2\/media?parent=64578"}],"curies":[{"name":"wp","href":"https:\/\/api.w.org\/{rel}","templated":true}]}}